{"id":460,"date":"2025-03-19T11:19:18","date_gmt":"2025-03-19T10:19:18","guid":{"rendered":"https:\/\/www.dermacain.de\/?post_type=product&#038;p=460"},"modified":"2025-07-09T16:13:35","modified_gmt":"2025-07-09T14:13:35","slug":"6-x-dermacain-50g","status":"publish","type":"product","link":"https:\/\/www.tktx-shop.nl\/?product=6-x-dermacain-50g","title":{"rendered":"6 x Dermacain 50g"},"content":{"rendered":"<h2 data-start=\"1535\" data-end=\"1602\"><strong data-start=\"1538\" data-end=\"1600\">\ud83d\udca1 WARUM IST DERMACAIN 50G DIE BESTE TATTOO SCHMERZ CREME?<\/strong><\/h2>\n<p data-start=\"1604\" data-end=\"1967\">\u2714 <strong data-start=\"1606\" data-end=\"1645\">ST\u00c4RKSTE FORMEL MIT 15,6 % LIDOCAIN<\/strong> \u2013 f\u00fcr maximale Schmerzfreiheit!<br data-start=\"1677\" data-end=\"1680\" \/>\u2714 <strong data-start=\"1682\" data-end=\"1706\">KEIN UNBEHAGEN MEHR!<\/strong> T\u00e4towieren ohne Zucken &amp; Kr\u00e4mpfe!<br data-start=\"1740\" data-end=\"1743\" \/>\u2714 <strong data-start=\"1745\" data-end=\"1780\">IDEAL F\u00dcR EMPFINDLICHE STELLEN!<\/strong> Rippen, H\u00e4nde, Knie oder Hals \u2013 v\u00f6llig schmerzfrei!<br data-start=\"1832\" data-end=\"1835\" \/>\u2714 <strong data-start=\"1837\" data-end=\"1875\">OPTIMAL F\u00dcR LANGE TATTOO-SESSIONS!<\/strong> Kein unn\u00f6tiges Leiden mehr!<br data-start=\"1903\" data-end=\"1906\" \/>\u2714 <strong data-start=\"1908\" data-end=\"1935\">ZUFRIEDENHEITSGARANTIE!<\/strong> Nicht \u00fcberzeugt? Geld zur\u00fcck!<\/p>\n<p data-start=\"1969\" data-end=\"2029\">\ud83d\udd25 <strong data-start=\"1972\" data-end=\"2027\">JETZT BESTELLEN &amp; OHNE SCHMERZEN T\u00c4TOWIEREN LASSEN!<\/strong><\/p>\n<hr data-start=\"2031\" data-end=\"2034\" \/>\n<h2 data-start=\"2036\" data-end=\"2098\"><strong data-start=\"2039\" data-end=\"2096\">\ud83d\udee0 SO WENDEN SIE DIE TATTOO SCHMERZ CREME RICHTIG AN!<\/strong><\/h2>\n<p data-start=\"2100\" data-end=\"2151\">Befolgen Sie diese Schritte f\u00fcr maximale Wirkung:<\/p>\n<p><iframe loading=\"lazy\" title=\"Dermacain an\u00e4sthetische Tattoo-Creme\" width=\"760\" height=\"428\" src=\"https:\/\/www.youtube.com\/embed\/7E2okTJIj6w?feature=oembed\" frameborder=\"0\" allow=\"accelerometer; autoplay; clipboard-write; encrypted-media; gyroscope; picture-in-picture; web-share\" referrerpolicy=\"strict-origin-when-cross-origin\" allowfullscreen><\/iframe><\/p>\n<p data-start=\"2153\" data-end=\"2460\">1\ufe0f\u20e3 <strong data-start=\"2157\" data-end=\"2223\">Haut gr\u00fcndlich mit antibakterieller Seife reinigen &amp; trocknen.<\/strong><br data-start=\"2223\" data-end=\"2226\" \/>2\ufe0f\u20e3 <strong data-start=\"2230\" data-end=\"2308\">Tragen Sie eine dicke Schicht Dermacain 50g auf die t\u00e4towierte Stelle auf.<\/strong><br data-start=\"2308\" data-end=\"2311\" \/>3\ufe0f\u20e3 <strong data-start=\"2315\" data-end=\"2390\">Mit Frischhaltefolie abdecken &amp; mindestens 30 Minuten einwirken lassen.<\/strong><br data-start=\"2390\" data-end=\"2393\" \/>4\ufe0f\u20e3 <strong data-start=\"2397\" data-end=\"2458\">Creme mit einem feuchten Tuch entfernen \u2013 und los geht\u2019s!<\/strong><\/p>\n<p data-start=\"2462\" data-end=\"2585\">\ud83d\udca1 <strong data-start=\"2465\" data-end=\"2474\">Tipp:<\/strong> Bei l\u00e4ngeren Tattoo-Sessions tragen Sie die Creme auf den n\u00e4chsten Bereich auf, bevor dieser t\u00e4towiert wird.<\/p>\n<hr data-start=\"2587\" data-end=\"2590\" \/>\n<h2 data-start=\"2592\" data-end=\"2646\"><strong data-start=\"2595\" data-end=\"2644\">\ud83d\udd0e KUNDENMEINUNGEN \u2013 WAS SAGEN UNSERE KUNDEN?<\/strong><\/h2>\n<p data-start=\"2648\" data-end=\"2759\">\ud83d\udcac <strong data-start=\"2651\" data-end=\"2670\">David, 32 Jahre<\/strong><br data-start=\"2670\" data-end=\"2673\" \/><em data-start=\"2673\" data-end=\"2757\">&#8222;Dank Dermacain 50g konnte ich mein Tattoo schmerzfrei bekommen \u2013 absolut genial!&#8220;<\/em><\/p>\n<p data-start=\"2761\" data-end=\"2915\">\ud83d\udcac <strong data-start=\"2764\" data-end=\"2782\">Lisa, 28 Jahre<\/strong><br data-start=\"2782\" data-end=\"2785\" \/><em data-start=\"2785\" data-end=\"2913\">&#8222;Meine Rippen-T\u00e4towierung h\u00e4tte ich ohne diese Tattoo Schmerz Creme nicht durchgestanden \u2013 ein Muss f\u00fcr empfindliche Stellen!&#8220;<\/em><\/p>\n<p data-start=\"2917\" data-end=\"3043\">\ud83d\udcac <strong data-start=\"2920\" data-end=\"2941\">Marco, T\u00e4towierer<\/strong><br data-start=\"2941\" data-end=\"2944\" \/><em data-start=\"2944\" data-end=\"3041\">&#8222;Ich empfehle Dermacain 50g jedem Kunden \u2013 f\u00fcr eine entspannte, schmerzfreie Tattoo-Erfahrung!&#8220;<\/em><\/p>\n<hr data-start=\"3045\" data-end=\"3048\" \/>\n<h2 data-start=\"3050\" data-end=\"3114\"><strong data-start=\"3053\" data-end=\"3112\">\ud83d\uded2 JETZT BESTELLEN &amp; EIN TATTOO OHNE SCHMERZEN ERLEBEN!<\/strong><\/h2>\n<p data-start=\"3116\" data-end=\"3365\">\u2705 <strong data-start=\"3118\" data-end=\"3168\">100 % Originalprodukt \u2013 keine billigen Kopien!<\/strong><br data-start=\"3168\" data-end=\"3171\" \/>\ud83d\ude80 <strong data-start=\"3174\" data-end=\"3224\">Heute versandt \u2013 Lieferung bereits \u00fcbermorgen!<\/strong><br data-start=\"3224\" data-end=\"3227\" \/>\ud83d\udce6 <strong data-start=\"3230\" data-end=\"3299\">Kostenloser Versand ab 3 St\u00fcck \u2013 das beste Angebot auf dem Markt!<\/strong><br data-start=\"3299\" data-end=\"3302\" \/>\ud83d\udcde <strong data-start=\"3305\" data-end=\"3363\">Expertenberatung \u2013 wir helfen Ihnen bei der Anwendung!<\/strong><\/p>\n<p data-start=\"3730\" data-end=\"3818\">\ud83d\udd25 <strong data-start=\"3733\" data-end=\"3813\">KLICKEN SIE AUF &#8222;JETZT BESTELLEN&#8220; UND ERLEBEN SIE EIN TATTOO OHNE SCHMERZEN!<\/strong> \ud83d\udd25<\/p>\n<p data-start=\"3730\" data-end=\"3818\"><a href=\"https:\/\/www.tktx-shop.nl\/?add-to-cart=460\"><img loading=\"lazy\" decoding=\"async\" class=\"aligncenter wp-image-42 size-medium\" src=\"https:\/\/www.tktx-shop.nl\/wp-content\/uploads\/2023\/04\/2-283x300.png\" alt=\"Dermacain Bet\u00e4ubende Tattoo-Creme TKTX\" width=\"283\" height=\"300\" srcset=\"https:\/\/www.tktx-shop.nl\/wp-content\/uploads\/2023\/04\/2-283x300.png 283w, https:\/\/www.tktx-shop.nl\/wp-content\/uploads\/2023\/04\/2-300x318.png 300w, https:\/\/www.tktx-shop.nl\/wp-content\/uploads\/2023\/04\/2.png 583w\" sizes=\"auto, (max-width: 283px) 100vw, 283px\" \/><\/a><\/p>\n<p data-start=\"3730\" data-end=\"3818\"><a href=\"https:\/\/www.tktx-shop.nl\/?add-to-cart=460\"><img loading=\"lazy\" decoding=\"async\" class=\"aligncenter wp-image-789\" src=\"https:\/\/www.tktx-shop.nl\/wp-content\/uploads\/2025\/06\/37-300x141.png\" alt=\"tattoo schmerz creme\" width=\"150\" height=\"70\" srcset=\"https:\/\/www.tktx-shop.nl\/wp-content\/uploads\/2025\/06\/37-300x141.png 300w, https:\/\/www.tktx-shop.nl\/wp-content\/uploads\/2025\/06\/37.png 512w\" sizes=\"auto, (max-width: 150px) 100vw, 150px\" \/><\/a><\/p>\n<h4 style=\"text-align: center;\" data-start=\"3820\" data-end=\"3960\">\ud83d\udcb0 <strong data-start=\"3823\" data-end=\"3850\">ZUFRIEDENHEITSGARANTIE!<\/strong><br data-start=\"3850\" data-end=\"3853\" \/>Falls Sie nicht zufrieden sind, senden Sie das Produkt einfach zur\u00fcck \u2013 <strong data-start=\"3925\" data-end=\"3958\">wir erstatten Ihnen Ihr Geld!<\/strong><\/h4>\n<hr data-start=\"3962\" data-end=\"3965\" \/>\n<h2 data-start=\"3967\" data-end=\"4000\"><strong data-start=\"3970\" data-end=\"3998\">\ud83d\udcde KONTAKTIEREN SIE UNS!<\/strong><\/h2>\n<p data-start=\"4002\" data-end=\"4102\">Haben Sie Fragen oder m\u00f6chten direkt bestellen? <strong data-start=\"4050\" data-end=\"4100\">Schreiben Sie uns per SMS an +421 902 877 942!<\/strong><\/p>\n<p data-start=\"4104\" data-end=\"4169\" data-is-last-node=\"\" data-is-only-node=\"\">\ud83c\udfaf <strong data-start=\"4107\" data-end=\"4164\">Dermacain 30g \u2013 Die Nr. 1 f\u00fcr Tattoo Creme Bet\u00e4ubung!<\/strong> \ud83c\udfaf<\/p>\n","protected":false},"excerpt":{"rendered":"<p data-start=\"768\" data-end=\"834\">M\u00f6chten Sie Ihr Tattoo genie\u00dfen, ohne die Schmerzen zu ertragen?<\/p>\n<p data-start=\"836\" data-end=\"1094\">Mit <strong data-start=\"840\" data-end=\"857\">Dermacain 50g<\/strong>, der st\u00e4rksten <strong data-start=\"873\" data-end=\"897\">Tattoo Schmerz Creme<\/strong>, bleibt Ihre Haut <strong data-start=\"916\" data-end=\"955\">bis zu 3 Stunden v\u00f6llig schmerzfrei<\/strong>! Dank <strong data-start=\"962\" data-end=\"981\">15,6 % Lidocain<\/strong> blockiert die Creme die Schmerzsignale, sodass Sie sich w\u00e4hrend des T\u00e4towierens entspannt zur\u00fccklehnen k\u00f6nnen.<\/p>\n<p data-start=\"1096\" data-end=\"1479\">\u2705 <strong data-start=\"1098\" data-end=\"1170\">Bis zu 3 Stunden Schmerzlinderung \u2013 ideal f\u00fcr lange Tattoo-Sessions!<\/strong><br data-start=\"1170\" data-end=\"1173\" \/>\u2705 <strong data-start=\"1175\" data-end=\"1233\">Schnelle Wirkung \u2013 bet\u00e4ubt die Haut in nur 30 Minuten!<\/strong><br data-start=\"1233\" data-end=\"1236\" \/>\u2705 <strong data-start=\"1238\" data-end=\"1325\">Reduziert Blutungen &amp; Schwellungen \u2013 f\u00fcr bessere Farbaufnahme &amp; schnellere Heilung!<\/strong><br data-start=\"1325\" data-end=\"1328\" \/>\u2705 <strong data-start=\"1330\" data-end=\"1414\">Tattoo-Profis empfehlen sie \u2013 sorgt f\u00fcr exakte Linien &amp; eine entspannte Sitzung!<\/strong><br data-start=\"1414\" data-end=\"1417\" \/>\u2705 <strong data-start=\"1419\" data-end=\"1477\">50g \u2013 perfekt f\u00fcr gro\u00dfe Tattoos &amp; mehrere Anwendungen!<\/strong><\/p>\n<p data-start=\"1481\" data-end=\"1528\">\ud83d\ude80 <strong data-start=\"1484\" data-end=\"1526\">Heute bestellt \u2013 \u00fcbermorgen geliefert!<\/strong><\/p>\n","protected":false},"featured_media":42,"comment_status":"closed","ping_status":"closed","template":"","meta":{"_monsterinsights_skip_tracking":false,"_monsterinsights_sitenote_active":false,"_monsterinsights_sitenote_note":"","_monsterinsights_sitenote_category":0},"product_brand":[],"product_cat":[29],"product_tag":[],"class_list":{"0":"post-460","1":"product","2":"type-product","3":"status-publish","4":"has-post-thumbnail","6":"product_cat-dermacain-50g","8":"first","9":"instock","10":"sale","11":"taxable","12":"shipping-taxable","13":"purchasable","14":"product-type-simple"},"yoast_head":"<!-- This site is optimized with the Yoast SEO plugin v27.3 - https:\/\/yoast.com\/product\/yoast-seo-wordpress\/ -->\n<title>6 x Dermacain 50g - Dermacain<\/title>\n<meta name=\"description\" content=\"Suchen Sie eine Tattoo Schmerz Creme, die Ihre Tattoo-Session schmerzfrei macht? Dermacain 50g mit 15,6 % Lidocain bietet bis zu 3 Stunden maximale Schmerzlinderung \u2013 perfekt f\u00fcr lange Tattoo-Sitzungen und empfindliche K\u00f6rperstellen!\" \/>\n<meta name=\"robots\" content=\"index, follow, max-snippet:-1, max-image-preview:large, max-video-preview:-1\" \/>\n<link rel=\"canonical\" href=\"https:\/\/www.tktx-shop.nl\/?product=6-x-dermacain-50g\" \/>\n<meta property=\"og:locale\" content=\"de_DE\" \/>\n<meta property=\"og:type\" content=\"article\" \/>\n<meta property=\"og:title\" content=\"6 x Dermacain 50g - Dermacain\" \/>\n<meta property=\"og:description\" content=\"Suchen Sie eine Tattoo Schmerz Creme, die Ihre Tattoo-Session schmerzfrei macht? Dermacain 50g mit 15,6 % Lidocain bietet bis zu 3 Stunden maximale Schmerzlinderung \u2013 perfekt f\u00fcr lange Tattoo-Sitzungen und empfindliche K\u00f6rperstellen!\" \/>\n<meta property=\"og:url\" content=\"https:\/\/www.tktx-shop.nl\/?product=6-x-dermacain-50g\" \/>\n<meta property=\"og:site_name\" content=\"Dermacain\" \/>\n<meta property=\"article:modified_time\" content=\"2025-07-09T14:13:35+00:00\" \/>\n<meta property=\"og:image\" content=\"https:\/\/www.tktx-shop.nl\/wp-content\/uploads\/2023\/04\/2.png\" \/>\n\t<meta property=\"og:image:width\" content=\"583\" \/>\n\t<meta property=\"og:image:height\" content=\"618\" \/>\n\t<meta property=\"og:image:type\" content=\"image\/png\" \/>\n<meta name=\"twitter:card\" content=\"summary_large_image\" \/>\n<meta name=\"twitter:label1\" content=\"Gesch\u00e4tzte Lesezeit\" \/>\n\t<meta name=\"twitter:data1\" content=\"3\u00a0Minuten\" \/>\n<script type=\"application\/ld+json\" class=\"yoast-schema-graph\">{\"@context\":\"https:\\\/\\\/schema.org\",\"@graph\":[{\"@type\":\"WebPage\",\"@id\":\"https:\\\/\\\/www.tktx-shop.nl\\\/?product=6-x-dermacain-50g\",\"url\":\"https:\\\/\\\/www.tktx-shop.nl\\\/?product=6-x-dermacain-50g\",\"name\":\"6 x Dermacain 50g - Dermacain\",\"isPartOf\":{\"@id\":\"https:\\\/\\\/www.tktx-shop.nl\\\/#website\"},\"primaryImageOfPage\":{\"@id\":\"https:\\\/\\\/www.tktx-shop.nl\\\/?product=6-x-dermacain-50g#primaryimage\"},\"image\":{\"@id\":\"https:\\\/\\\/www.tktx-shop.nl\\\/?product=6-x-dermacain-50g#primaryimage\"},\"thumbnailUrl\":\"https:\\\/\\\/www.tktx-shop.nl\\\/wp-content\\\/uploads\\\/2023\\\/04\\\/2.png\",\"datePublished\":\"2025-03-19T10:19:18+00:00\",\"dateModified\":\"2025-07-09T14:13:35+00:00\",\"description\":\"Suchen Sie eine Tattoo Schmerz Creme, die Ihre Tattoo-Session schmerzfrei macht? Dermacain 50g mit 15,6 % Lidocain bietet bis zu 3 Stunden maximale Schmerzlinderung \u2013 perfekt f\u00fcr lange Tattoo-Sitzungen und empfindliche K\u00f6rperstellen!\",\"breadcrumb\":{\"@id\":\"https:\\\/\\\/www.tktx-shop.nl\\\/?product=6-x-dermacain-50g#breadcrumb\"},\"inLanguage\":\"de\",\"potentialAction\":[{\"@type\":\"ReadAction\",\"target\":[\"https:\\\/\\\/www.tktx-shop.nl\\\/?product=6-x-dermacain-50g\"]}]},{\"@type\":\"ImageObject\",\"inLanguage\":\"de\",\"@id\":\"https:\\\/\\\/www.tktx-shop.nl\\\/?product=6-x-dermacain-50g#primaryimage\",\"url\":\"https:\\\/\\\/www.tktx-shop.nl\\\/wp-content\\\/uploads\\\/2023\\\/04\\\/2.png\",\"contentUrl\":\"https:\\\/\\\/www.tktx-shop.nl\\\/wp-content\\\/uploads\\\/2023\\\/04\\\/2.png\",\"width\":583,\"height\":618,\"caption\":\"Dermacain Bet\u00e4ubende Tattoo-Creme TKTX\"},{\"@type\":\"BreadcrumbList\",\"@id\":\"https:\\\/\\\/www.tktx-shop.nl\\\/?product=6-x-dermacain-50g#breadcrumb\",\"itemListElement\":[{\"@type\":\"ListItem\",\"position\":1,\"name\":\"Home\",\"item\":\"https:\\\/\\\/www.tktx-shop.nl\\\/\"},{\"@type\":\"ListItem\",\"position\":2,\"name\":\"6 x Dermacain 50g\"}]},{\"@type\":\"WebSite\",\"@id\":\"https:\\\/\\\/www.tktx-shop.nl\\\/#website\",\"url\":\"https:\\\/\\\/www.tktx-shop.nl\\\/\",\"name\":\"Dermacain\",\"description\":\"Wir machen Ihre Tattoos angenehmer\",\"potentialAction\":[{\"@type\":\"SearchAction\",\"target\":{\"@type\":\"EntryPoint\",\"urlTemplate\":\"https:\\\/\\\/www.tktx-shop.nl\\\/?s={search_term_string}\"},\"query-input\":{\"@type\":\"PropertyValueSpecification\",\"valueRequired\":true,\"valueName\":\"search_term_string\"}}],\"inLanguage\":\"de\"}]}<\/script>\n<!-- \/ Yoast SEO plugin. -->","yoast_head_json":{"title":"6 x Dermacain 50g - Dermacain","description":"Suchen Sie eine Tattoo Schmerz Creme, die Ihre Tattoo-Session schmerzfrei macht? Dermacain 50g mit 15,6 % Lidocain bietet bis zu 3 Stunden maximale Schmerzlinderung \u2013 perfekt f\u00fcr lange Tattoo-Sitzungen und empfindliche K\u00f6rperstellen!","robots":{"index":"index","follow":"follow","max-snippet":"max-snippet:-1","max-image-preview":"max-image-preview:large","max-video-preview":"max-video-preview:-1"},"canonical":"https:\/\/www.tktx-shop.nl\/?product=6-x-dermacain-50g","og_locale":"de_DE","og_type":"article","og_title":"6 x Dermacain 50g - Dermacain","og_description":"Suchen Sie eine Tattoo Schmerz Creme, die Ihre Tattoo-Session schmerzfrei macht? Dermacain 50g mit 15,6 % Lidocain bietet bis zu 3 Stunden maximale Schmerzlinderung \u2013 perfekt f\u00fcr lange Tattoo-Sitzungen und empfindliche K\u00f6rperstellen!","og_url":"https:\/\/www.tktx-shop.nl\/?product=6-x-dermacain-50g","og_site_name":"Dermacain","article_modified_time":"2025-07-09T14:13:35+00:00","og_image":[{"width":583,"height":618,"url":"https:\/\/www.tktx-shop.nl\/wp-content\/uploads\/2023\/04\/2.png","type":"image\/png"}],"twitter_card":"summary_large_image","twitter_misc":{"Gesch\u00e4tzte Lesezeit":"3\u00a0Minuten"},"schema":{"@context":"https:\/\/schema.org","@graph":[{"@type":"WebPage","@id":"https:\/\/www.tktx-shop.nl\/?product=6-x-dermacain-50g","url":"https:\/\/www.tktx-shop.nl\/?product=6-x-dermacain-50g","name":"6 x Dermacain 50g - Dermacain","isPartOf":{"@id":"https:\/\/www.tktx-shop.nl\/#website"},"primaryImageOfPage":{"@id":"https:\/\/www.tktx-shop.nl\/?product=6-x-dermacain-50g#primaryimage"},"image":{"@id":"https:\/\/www.tktx-shop.nl\/?product=6-x-dermacain-50g#primaryimage"},"thumbnailUrl":"https:\/\/www.tktx-shop.nl\/wp-content\/uploads\/2023\/04\/2.png","datePublished":"2025-03-19T10:19:18+00:00","dateModified":"2025-07-09T14:13:35+00:00","description":"Suchen Sie eine Tattoo Schmerz Creme, die Ihre Tattoo-Session schmerzfrei macht? Dermacain 50g mit 15,6 % Lidocain bietet bis zu 3 Stunden maximale Schmerzlinderung \u2013 perfekt f\u00fcr lange Tattoo-Sitzungen und empfindliche K\u00f6rperstellen!","breadcrumb":{"@id":"https:\/\/www.tktx-shop.nl\/?product=6-x-dermacain-50g#breadcrumb"},"inLanguage":"de","potentialAction":[{"@type":"ReadAction","target":["https:\/\/www.tktx-shop.nl\/?product=6-x-dermacain-50g"]}]},{"@type":"ImageObject","inLanguage":"de","@id":"https:\/\/www.tktx-shop.nl\/?product=6-x-dermacain-50g#primaryimage","url":"https:\/\/www.tktx-shop.nl\/wp-content\/uploads\/2023\/04\/2.png","contentUrl":"https:\/\/www.tktx-shop.nl\/wp-content\/uploads\/2023\/04\/2.png","width":583,"height":618,"caption":"Dermacain Bet\u00e4ubende Tattoo-Creme TKTX"},{"@type":"BreadcrumbList","@id":"https:\/\/www.tktx-shop.nl\/?product=6-x-dermacain-50g#breadcrumb","itemListElement":[{"@type":"ListItem","position":1,"name":"Home","item":"https:\/\/www.tktx-shop.nl\/"},{"@type":"ListItem","position":2,"name":"6 x Dermacain 50g"}]},{"@type":"WebSite","@id":"https:\/\/www.tktx-shop.nl\/#website","url":"https:\/\/www.tktx-shop.nl\/","name":"Dermacain","description":"Wir machen Ihre Tattoos angenehmer","potentialAction":[{"@type":"SearchAction","target":{"@type":"EntryPoint","urlTemplate":"https:\/\/www.tktx-shop.nl\/?s={search_term_string}"},"query-input":{"@type":"PropertyValueSpecification","valueRequired":true,"valueName":"search_term_string"}}],"inLanguage":"de"}]}},"jetpack_sharing_enabled":true,"_links":{"self":[{"href":"https:\/\/www.tktx-shop.nl\/index.php?rest_route=\/wp\/v2\/product\/460","targetHints":{"allow":["GET"]}}],"collection":[{"href":"https:\/\/www.tktx-shop.nl\/index.php?rest_route=\/wp\/v2\/product"}],"about":[{"href":"https:\/\/www.tktx-shop.nl\/index.php?rest_route=\/wp\/v2\/types\/product"}],"replies":[{"embeddable":true,"href":"https:\/\/www.tktx-shop.nl\/index.php?rest_route=%2Fwp%2Fv2%2Fcomments&post=460"}],"wp:featuredmedia":[{"embeddable":true,"href":"https:\/\/www.tktx-shop.nl\/index.php?rest_route=\/wp\/v2\/media\/42"}],"wp:attachment":[{"href":"https:\/\/www.tktx-shop.nl\/index.php?rest_route=%2Fwp%2Fv2%2Fmedia&parent=460"}],"wp:term":[{"taxonomy":"product_brand","embeddable":true,"href":"https:\/\/www.tktx-shop.nl\/index.php?rest_route=%2Fwp%2Fv2%2Fproduct_brand&post=460"},{"taxonomy":"product_cat","embeddable":true,"href":"https:\/\/www.tktx-shop.nl\/index.php?rest_route=%2Fwp%2Fv2%2Fproduct_cat&post=460"},{"taxonomy":"product_tag","embeddable":true,"href":"https:\/\/www.tktx-shop.nl\/index.php?rest_route=%2Fwp%2Fv2%2Fproduct_tag&post=460"}],"curies":[{"name":"wp","href":"https:\/\/api.w.org\/{rel}","templated":true}]}}