{"id":458,"date":"2025-03-19T11:14:59","date_gmt":"2025-03-19T10:14:59","guid":{"rendered":"https:\/\/www.dermacain.de\/?post_type=product&#038;p=458"},"modified":"2025-07-09T16:14:41","modified_gmt":"2025-07-09T14:14:41","slug":"5-stuecke-x-dermacain-50g-kopia","status":"publish","type":"product","link":"https:\/\/www.tktx-shop.nl\/?product=5-stuecke-x-dermacain-50g-kopia","title":{"rendered":"5 x Dermacain 50g"},"content":{"rendered":"<h2 data-start=\"1492\" data-end=\"1567\"><strong data-start=\"1495\" data-end=\"1565\">\ud83d\udca1 WARUM IST DERMACAIN 50G DIE BESTE TATTOO CREME GEGEN SCHMERZEN?<\/strong><\/h2>\n<p data-start=\"1569\" data-end=\"1932\">\u2714 <strong data-start=\"1571\" data-end=\"1610\">ST\u00c4RKSTE FORMEL MIT 15,6 % LIDOCAIN<\/strong> \u2013 f\u00fcr maximale Schmerzfreiheit!<br data-start=\"1642\" data-end=\"1645\" \/>\u2714 <strong data-start=\"1647\" data-end=\"1671\">KEIN UNBEHAGEN MEHR!<\/strong> T\u00e4towieren ohne Zucken &amp; Kr\u00e4mpfe!<br data-start=\"1705\" data-end=\"1708\" \/>\u2714 <strong data-start=\"1710\" data-end=\"1745\">IDEAL F\u00dcR EMPFINDLICHE STELLEN!<\/strong> Rippen, H\u00e4nde, Knie oder Hals \u2013 v\u00f6llig schmerzfrei!<br data-start=\"1797\" data-end=\"1800\" \/>\u2714 <strong data-start=\"1802\" data-end=\"1840\">OPTIMAL F\u00dcR LANGE TATTOO-SESSIONS!<\/strong> Kein unn\u00f6tiges Leiden mehr!<br data-start=\"1868\" data-end=\"1871\" \/>\u2714 <strong data-start=\"1873\" data-end=\"1900\">ZUFRIEDENHEITSGARANTIE!<\/strong> Nicht \u00fcberzeugt? Geld zur\u00fcck!<\/p>\n<p data-start=\"1934\" data-end=\"1994\">\ud83d\udd25 <strong data-start=\"1937\" data-end=\"1992\">JETZT BESTELLEN &amp; OHNE SCHMERZEN T\u00c4TOWIEREN LASSEN!<\/strong><\/p>\n<hr data-start=\"1996\" data-end=\"1999\" \/>\n<h2 data-start=\"2001\" data-end=\"2071\"><strong data-start=\"2004\" data-end=\"2069\">\ud83d\udee0 SO WENDEN SIE DIE TATTOO CREME GEGEN SCHMERZEN RICHTIG AN!<\/strong><\/h2>\n<p data-start=\"2073\" data-end=\"2124\">Befolgen Sie diese Schritte f\u00fcr maximale Wirkung:<\/p>\n<p><iframe loading=\"lazy\" title=\"Dermacain an\u00e4sthetische Tattoo-Creme\" width=\"760\" height=\"428\" src=\"https:\/\/www.youtube.com\/embed\/7E2okTJIj6w?feature=oembed\" frameborder=\"0\" allow=\"accelerometer; autoplay; clipboard-write; encrypted-media; gyroscope; picture-in-picture; web-share\" referrerpolicy=\"strict-origin-when-cross-origin\" allowfullscreen><\/iframe><\/p>\n<p data-start=\"2126\" data-end=\"2435\">1\ufe0f\u20e3 <strong data-start=\"2130\" data-end=\"2196\">Haut gr\u00fcndlich mit antibakterieller Seife reinigen &amp; trocknen.<\/strong><br data-start=\"2196\" data-end=\"2199\" \/>2\ufe0f\u20e3 <strong data-start=\"2203\" data-end=\"2283\">Tragen Sie eine dicke Schicht Dermacain 50g auf die t\u00e4towierende Stelle auf.<\/strong><br data-start=\"2283\" data-end=\"2286\" \/>3\ufe0f\u20e3 <strong data-start=\"2290\" data-end=\"2365\">Mit Frischhaltefolie abdecken &amp; mindestens 30 Minuten einwirken lassen.<\/strong><br data-start=\"2365\" data-end=\"2368\" \/>4\ufe0f\u20e3 <strong data-start=\"2372\" data-end=\"2433\">Creme mit einem feuchten Tuch entfernen \u2013 und los geht\u2019s!<\/strong><\/p>\n<p data-start=\"2437\" data-end=\"2560\">\ud83d\udca1 <strong data-start=\"2440\" data-end=\"2449\">Tipp:<\/strong> Bei l\u00e4ngeren Tattoo-Sessions tragen Sie die Creme auf den n\u00e4chsten Bereich auf, bevor dieser t\u00e4towiert wird.<\/p>\n<hr data-start=\"2562\" data-end=\"2565\" \/>\n<h2 data-start=\"2567\" data-end=\"2621\"><strong data-start=\"2570\" data-end=\"2619\">\ud83d\udd0e KUNDENMEINUNGEN \u2013 WAS SAGEN UNSERE KUNDEN?<\/strong><\/h2>\n<p data-start=\"2623\" data-end=\"2732\">\ud83d\udcac <strong data-start=\"2626\" data-end=\"2645\">David, 32 Jahre<\/strong><br data-start=\"2645\" data-end=\"2648\" \/><em data-start=\"2648\" data-end=\"2730\">&#8222;Dank Dermacain 50g habe ich mein Tattoo schmerzfrei bekommen \u2013 absolut genial!&#8220;<\/em><\/p>\n<p data-start=\"2734\" data-end=\"2896\">\ud83d\udcac <strong data-start=\"2737\" data-end=\"2755\">Lisa, 28 Jahre<\/strong><br data-start=\"2755\" data-end=\"2758\" \/><em data-start=\"2758\" data-end=\"2894\">&#8222;Meine Rippen-T\u00e4towierung h\u00e4tte ich ohne diese Tattoo Creme gegen Schmerzen nicht durchgestanden \u2013 ein Muss f\u00fcr empfindliche Stellen!&#8220;<\/em><\/p>\n<p data-start=\"2898\" data-end=\"3024\">\ud83d\udcac <strong data-start=\"2901\" data-end=\"2922\">Marco, T\u00e4towierer<\/strong><br data-start=\"2922\" data-end=\"2925\" \/><em data-start=\"2925\" data-end=\"3022\">&#8222;Ich empfehle Dermacain 50g jedem Kunden \u2013 f\u00fcr eine entspannte, schmerzfreie Tattoo-Erfahrung!&#8220;<\/em><\/p>\n<hr data-start=\"3026\" data-end=\"3029\" \/>\n<h2 data-start=\"3031\" data-end=\"3095\"><strong data-start=\"3034\" data-end=\"3093\">\ud83d\uded2 JETZT BESTELLEN &amp; EIN TATTOO OHNE SCHMERZEN ERLEBEN!<\/strong><\/h2>\n<p data-start=\"3097\" data-end=\"3346\">\u2705 <strong data-start=\"3099\" data-end=\"3149\">100 % Originalprodukt \u2013 keine billigen Kopien!<\/strong><br data-start=\"3149\" data-end=\"3152\" \/>\ud83d\ude80 <strong data-start=\"3155\" data-end=\"3205\">Heute versandt \u2013 Lieferung bereits \u00fcbermorgen!<\/strong><br data-start=\"3205\" data-end=\"3208\" \/>\ud83d\udce6 <strong data-start=\"3211\" data-end=\"3280\">Kostenloser Versand ab 3 St\u00fcck \u2013 das beste Angebot auf dem Markt!<\/strong><br data-start=\"3280\" data-end=\"3283\" \/>\ud83d\udcde <strong data-start=\"3286\" data-end=\"3344\">Expertenberatung \u2013 wir helfen Ihnen bei der Anwendung!<\/strong><\/p>\n<p data-start=\"3730\" data-end=\"3818\">\ud83d\udd25 <strong data-start=\"3733\" data-end=\"3813\">KLICKEN SIE AUF &#8222;JETZT BESTELLEN&#8220; UND ERLEBEN SIE EIN TATTOO OHNE SCHMERZEN!<\/strong> \ud83d\udd25<\/p>\n<p data-start=\"3730\" data-end=\"3818\"><a href=\"https:\/\/www.tktx-shop.nl\/?add-to-cart=458\"><img loading=\"lazy\" decoding=\"async\" class=\"aligncenter wp-image-42 size-medium\" src=\"https:\/\/www.tktx-shop.nl\/wp-content\/uploads\/2023\/04\/2-283x300.png\" alt=\"Dermacain Bet\u00e4ubende Tattoo-Creme TKTX\" width=\"283\" height=\"300\" srcset=\"https:\/\/www.tktx-shop.nl\/wp-content\/uploads\/2023\/04\/2-283x300.png 283w, https:\/\/www.tktx-shop.nl\/wp-content\/uploads\/2023\/04\/2-300x318.png 300w, https:\/\/www.tktx-shop.nl\/wp-content\/uploads\/2023\/04\/2.png 583w\" sizes=\"auto, (max-width: 283px) 100vw, 283px\" \/><\/a><\/p>\n<p data-start=\"3730\" data-end=\"3818\"><a href=\"https:\/\/www.tktx-shop.nl\/?add-to-cart=458\"><img loading=\"lazy\" decoding=\"async\" class=\"aligncenter wp-image-788\" src=\"https:\/\/www.tktx-shop.nl\/wp-content\/uploads\/2025\/06\/36-300x141.png\" alt=\"tattoo creme gegen schmerzen\" width=\"150\" height=\"70\" srcset=\"https:\/\/www.tktx-shop.nl\/wp-content\/uploads\/2025\/06\/36-300x141.png 300w, https:\/\/www.tktx-shop.nl\/wp-content\/uploads\/2025\/06\/36.png 512w\" sizes=\"auto, (max-width: 150px) 100vw, 150px\" \/><\/a><\/p>\n<h4 style=\"text-align: center;\" data-start=\"3820\" data-end=\"3960\">\ud83d\udcb0 <strong data-start=\"3823\" data-end=\"3850\">ZUFRIEDENHEITSGARANTIE!<\/strong><br data-start=\"3850\" data-end=\"3853\" \/>Falls Sie nicht zufrieden sind, senden Sie das Produkt einfach zur\u00fcck \u2013 <strong data-start=\"3925\" data-end=\"3958\">wir erstatten Ihnen Ihr Geld!<\/strong><\/h4>\n<hr data-start=\"3962\" data-end=\"3965\" \/>\n<h2 data-start=\"3967\" data-end=\"4000\"><strong data-start=\"3970\" data-end=\"3998\">\ud83d\udcde KONTAKTIEREN SIE UNS!<\/strong><\/h2>\n<p data-start=\"4002\" data-end=\"4102\">Haben Sie Fragen oder m\u00f6chten direkt bestellen? <strong data-start=\"4050\" data-end=\"4100\">Schreiben Sie uns per SMS an +421 902 877 942!<\/strong><\/p>\n<p data-start=\"4104\" data-end=\"4169\" data-is-last-node=\"\" data-is-only-node=\"\">\ud83c\udfaf <strong data-start=\"4107\" data-end=\"4164\">Dermacain 30g \u2013 Die Nr. 1 f\u00fcr Tattoo Creme Bet\u00e4ubung!<\/strong> \ud83c\udfaf<\/p>\n","protected":false},"excerpt":{"rendered":"<h2 data-start=\"682\" data-end=\"738\"><strong data-start=\"685\" data-end=\"736\">\ud83d\udd25 T\u00c4TOWIEREN OHNE SCHMERZEN MIT DERMACAIN 50G!<\/strong><\/h2>\n<p data-start=\"740\" data-end=\"781\">T\u00e4towieren muss nicht schmerzhaft sein!<\/p>\n<p data-start=\"783\" data-end=\"1052\">Mit <strong data-start=\"787\" data-end=\"804\">Dermacain 50g<\/strong>, der st\u00e4rksten <strong data-start=\"820\" data-end=\"852\">Tattoo Creme gegen Schmerzen<\/strong>, genie\u00dfen Sie Ihre Tattoo-Session <strong data-start=\"887\" data-end=\"926\">bis zu 3 Stunden v\u00f6llig schmerzfrei<\/strong>! Dank <strong data-start=\"933\" data-end=\"952\">15,6 % Lidocain<\/strong> blockiert die Creme die Schmerzsignale und sorgt f\u00fcr ein <strong data-start=\"1010\" data-end=\"1049\">angenehmes, stressfreies T\u00e4towieren<\/strong>.<\/p>\n<p data-start=\"1054\" data-end=\"1436\">\u2705 <strong data-start=\"1056\" data-end=\"1130\">Bis zu 3 Stunden Schmerzlinderung \u2013 perfekt f\u00fcr lange Tattoo-Sessions!<\/strong><br data-start=\"1130\" data-end=\"1133\" \/>\u2705 <strong data-start=\"1135\" data-end=\"1193\">Schnelle Wirkung \u2013 bet\u00e4ubt die Haut in nur 30 Minuten!<\/strong><br data-start=\"1193\" data-end=\"1196\" \/>\u2705 <strong data-start=\"1198\" data-end=\"1285\">Reduziert Blutungen &amp; Schwellungen \u2013 f\u00fcr bessere Farbaufnahme &amp; schnellere Heilung!<\/strong><br data-start=\"1285\" data-end=\"1288\" \/>\u2705 <strong data-start=\"1290\" data-end=\"1373\">Von Tattoo-Profis empfohlen \u2013 erm\u00f6glicht exakte Linien &amp; eine ruhigere Sitzung!<\/strong><br data-start=\"1373\" data-end=\"1376\" \/>\u2705 <strong data-start=\"1378\" data-end=\"1434\">50g \u2013 ideal f\u00fcr mehrere Anwendungen &amp; gro\u00dfe Tattoos!<\/strong><\/p>\n<p data-start=\"1438\" data-end=\"1485\">\ud83d\ude80 <strong data-start=\"1441\" data-end=\"1483\">Heute bestellt \u2013 \u00fcbermorgen geliefert!<\/strong><\/p>\n","protected":false},"featured_media":42,"comment_status":"closed","ping_status":"closed","template":"","meta":{"_monsterinsights_skip_tracking":false,"_monsterinsights_sitenote_active":false,"_monsterinsights_sitenote_note":"","_monsterinsights_sitenote_category":0},"product_brand":[],"product_cat":[29],"product_tag":[],"class_list":{"0":"post-458","1":"product","2":"type-product","3":"status-publish","4":"has-post-thumbnail","6":"product_cat-dermacain-50g","8":"first","9":"instock","10":"sale","11":"taxable","12":"shipping-taxable","13":"purchasable","14":"product-type-simple"},"yoast_head":"<!-- This site is optimized with the Yoast SEO plugin v27.3 - https:\/\/yoast.com\/product\/yoast-seo-wordpress\/ -->\n<title>5 x Dermacain 50g - Dermacain<\/title>\n<meta name=\"description\" content=\"Suchen Sie eine Tattoo Creme gegen Schmerzen, die Ihr Tattoo-Erlebnis angenehmer macht? Dermacain 50g mit 15,6 % Lidocain bietet bis zu 3 Stunden Schmerzfreiheit \u2013 ideal f\u00fcr lange Tattoo-Sitzungen und empfindliche K\u00f6rperstellen!\" \/>\n<meta name=\"robots\" content=\"index, follow, max-snippet:-1, max-image-preview:large, max-video-preview:-1\" \/>\n<link rel=\"canonical\" href=\"https:\/\/www.tktx-shop.nl\/?product=5-stuecke-x-dermacain-50g-kopia\" \/>\n<meta property=\"og:locale\" content=\"de_DE\" \/>\n<meta property=\"og:type\" content=\"article\" \/>\n<meta property=\"og:title\" content=\"5 x Dermacain 50g - Dermacain\" \/>\n<meta property=\"og:description\" content=\"Suchen Sie eine Tattoo Creme gegen Schmerzen, die Ihr Tattoo-Erlebnis angenehmer macht? Dermacain 50g mit 15,6 % Lidocain bietet bis zu 3 Stunden Schmerzfreiheit \u2013 ideal f\u00fcr lange Tattoo-Sitzungen und empfindliche K\u00f6rperstellen!\" \/>\n<meta property=\"og:url\" content=\"https:\/\/www.tktx-shop.nl\/?product=5-stuecke-x-dermacain-50g-kopia\" \/>\n<meta property=\"og:site_name\" content=\"Dermacain\" \/>\n<meta property=\"article:modified_time\" content=\"2025-07-09T14:14:41+00:00\" \/>\n<meta property=\"og:image\" content=\"https:\/\/www.tktx-shop.nl\/wp-content\/uploads\/2023\/04\/2.png\" \/>\n\t<meta property=\"og:image:width\" content=\"583\" \/>\n\t<meta property=\"og:image:height\" content=\"618\" \/>\n\t<meta property=\"og:image:type\" content=\"image\/png\" \/>\n<meta name=\"twitter:card\" content=\"summary_large_image\" \/>\n<meta name=\"twitter:label1\" content=\"Gesch\u00e4tzte Lesezeit\" \/>\n\t<meta name=\"twitter:data1\" content=\"3\u00a0Minuten\" \/>\n<script type=\"application\/ld+json\" class=\"yoast-schema-graph\">{\"@context\":\"https:\\\/\\\/schema.org\",\"@graph\":[{\"@type\":\"WebPage\",\"@id\":\"https:\\\/\\\/www.tktx-shop.nl\\\/?product=5-stuecke-x-dermacain-50g-kopia\",\"url\":\"https:\\\/\\\/www.tktx-shop.nl\\\/?product=5-stuecke-x-dermacain-50g-kopia\",\"name\":\"5 x Dermacain 50g - Dermacain\",\"isPartOf\":{\"@id\":\"https:\\\/\\\/www.tktx-shop.nl\\\/#website\"},\"primaryImageOfPage\":{\"@id\":\"https:\\\/\\\/www.tktx-shop.nl\\\/?product=5-stuecke-x-dermacain-50g-kopia#primaryimage\"},\"image\":{\"@id\":\"https:\\\/\\\/www.tktx-shop.nl\\\/?product=5-stuecke-x-dermacain-50g-kopia#primaryimage\"},\"thumbnailUrl\":\"https:\\\/\\\/www.tktx-shop.nl\\\/wp-content\\\/uploads\\\/2023\\\/04\\\/2.png\",\"datePublished\":\"2025-03-19T10:14:59+00:00\",\"dateModified\":\"2025-07-09T14:14:41+00:00\",\"description\":\"Suchen Sie eine Tattoo Creme gegen Schmerzen, die Ihr Tattoo-Erlebnis angenehmer macht? Dermacain 50g mit 15,6 % Lidocain bietet bis zu 3 Stunden Schmerzfreiheit \u2013 ideal f\u00fcr lange Tattoo-Sitzungen und empfindliche K\u00f6rperstellen!\",\"breadcrumb\":{\"@id\":\"https:\\\/\\\/www.tktx-shop.nl\\\/?product=5-stuecke-x-dermacain-50g-kopia#breadcrumb\"},\"inLanguage\":\"de\",\"potentialAction\":[{\"@type\":\"ReadAction\",\"target\":[\"https:\\\/\\\/www.tktx-shop.nl\\\/?product=5-stuecke-x-dermacain-50g-kopia\"]}]},{\"@type\":\"ImageObject\",\"inLanguage\":\"de\",\"@id\":\"https:\\\/\\\/www.tktx-shop.nl\\\/?product=5-stuecke-x-dermacain-50g-kopia#primaryimage\",\"url\":\"https:\\\/\\\/www.tktx-shop.nl\\\/wp-content\\\/uploads\\\/2023\\\/04\\\/2.png\",\"contentUrl\":\"https:\\\/\\\/www.tktx-shop.nl\\\/wp-content\\\/uploads\\\/2023\\\/04\\\/2.png\",\"width\":583,\"height\":618,\"caption\":\"Dermacain Bet\u00e4ubende Tattoo-Creme TKTX\"},{\"@type\":\"BreadcrumbList\",\"@id\":\"https:\\\/\\\/www.tktx-shop.nl\\\/?product=5-stuecke-x-dermacain-50g-kopia#breadcrumb\",\"itemListElement\":[{\"@type\":\"ListItem\",\"position\":1,\"name\":\"Home\",\"item\":\"https:\\\/\\\/www.tktx-shop.nl\\\/\"},{\"@type\":\"ListItem\",\"position\":2,\"name\":\"5 x Dermacain 50g\"}]},{\"@type\":\"WebSite\",\"@id\":\"https:\\\/\\\/www.tktx-shop.nl\\\/#website\",\"url\":\"https:\\\/\\\/www.tktx-shop.nl\\\/\",\"name\":\"Dermacain\",\"description\":\"Wir machen Ihre Tattoos angenehmer\",\"potentialAction\":[{\"@type\":\"SearchAction\",\"target\":{\"@type\":\"EntryPoint\",\"urlTemplate\":\"https:\\\/\\\/www.tktx-shop.nl\\\/?s={search_term_string}\"},\"query-input\":{\"@type\":\"PropertyValueSpecification\",\"valueRequired\":true,\"valueName\":\"search_term_string\"}}],\"inLanguage\":\"de\"}]}<\/script>\n<!-- \/ Yoast SEO plugin. -->","yoast_head_json":{"title":"5 x Dermacain 50g - Dermacain","description":"Suchen Sie eine Tattoo Creme gegen Schmerzen, die Ihr Tattoo-Erlebnis angenehmer macht? Dermacain 50g mit 15,6 % Lidocain bietet bis zu 3 Stunden Schmerzfreiheit \u2013 ideal f\u00fcr lange Tattoo-Sitzungen und empfindliche K\u00f6rperstellen!","robots":{"index":"index","follow":"follow","max-snippet":"max-snippet:-1","max-image-preview":"max-image-preview:large","max-video-preview":"max-video-preview:-1"},"canonical":"https:\/\/www.tktx-shop.nl\/?product=5-stuecke-x-dermacain-50g-kopia","og_locale":"de_DE","og_type":"article","og_title":"5 x Dermacain 50g - Dermacain","og_description":"Suchen Sie eine Tattoo Creme gegen Schmerzen, die Ihr Tattoo-Erlebnis angenehmer macht? Dermacain 50g mit 15,6 % Lidocain bietet bis zu 3 Stunden Schmerzfreiheit \u2013 ideal f\u00fcr lange Tattoo-Sitzungen und empfindliche K\u00f6rperstellen!","og_url":"https:\/\/www.tktx-shop.nl\/?product=5-stuecke-x-dermacain-50g-kopia","og_site_name":"Dermacain","article_modified_time":"2025-07-09T14:14:41+00:00","og_image":[{"width":583,"height":618,"url":"https:\/\/www.tktx-shop.nl\/wp-content\/uploads\/2023\/04\/2.png","type":"image\/png"}],"twitter_card":"summary_large_image","twitter_misc":{"Gesch\u00e4tzte Lesezeit":"3\u00a0Minuten"},"schema":{"@context":"https:\/\/schema.org","@graph":[{"@type":"WebPage","@id":"https:\/\/www.tktx-shop.nl\/?product=5-stuecke-x-dermacain-50g-kopia","url":"https:\/\/www.tktx-shop.nl\/?product=5-stuecke-x-dermacain-50g-kopia","name":"5 x Dermacain 50g - Dermacain","isPartOf":{"@id":"https:\/\/www.tktx-shop.nl\/#website"},"primaryImageOfPage":{"@id":"https:\/\/www.tktx-shop.nl\/?product=5-stuecke-x-dermacain-50g-kopia#primaryimage"},"image":{"@id":"https:\/\/www.tktx-shop.nl\/?product=5-stuecke-x-dermacain-50g-kopia#primaryimage"},"thumbnailUrl":"https:\/\/www.tktx-shop.nl\/wp-content\/uploads\/2023\/04\/2.png","datePublished":"2025-03-19T10:14:59+00:00","dateModified":"2025-07-09T14:14:41+00:00","description":"Suchen Sie eine Tattoo Creme gegen Schmerzen, die Ihr Tattoo-Erlebnis angenehmer macht? Dermacain 50g mit 15,6 % Lidocain bietet bis zu 3 Stunden Schmerzfreiheit \u2013 ideal f\u00fcr lange Tattoo-Sitzungen und empfindliche K\u00f6rperstellen!","breadcrumb":{"@id":"https:\/\/www.tktx-shop.nl\/?product=5-stuecke-x-dermacain-50g-kopia#breadcrumb"},"inLanguage":"de","potentialAction":[{"@type":"ReadAction","target":["https:\/\/www.tktx-shop.nl\/?product=5-stuecke-x-dermacain-50g-kopia"]}]},{"@type":"ImageObject","inLanguage":"de","@id":"https:\/\/www.tktx-shop.nl\/?product=5-stuecke-x-dermacain-50g-kopia#primaryimage","url":"https:\/\/www.tktx-shop.nl\/wp-content\/uploads\/2023\/04\/2.png","contentUrl":"https:\/\/www.tktx-shop.nl\/wp-content\/uploads\/2023\/04\/2.png","width":583,"height":618,"caption":"Dermacain Bet\u00e4ubende Tattoo-Creme TKTX"},{"@type":"BreadcrumbList","@id":"https:\/\/www.tktx-shop.nl\/?product=5-stuecke-x-dermacain-50g-kopia#breadcrumb","itemListElement":[{"@type":"ListItem","position":1,"name":"Home","item":"https:\/\/www.tktx-shop.nl\/"},{"@type":"ListItem","position":2,"name":"5 x Dermacain 50g"}]},{"@type":"WebSite","@id":"https:\/\/www.tktx-shop.nl\/#website","url":"https:\/\/www.tktx-shop.nl\/","name":"Dermacain","description":"Wir machen Ihre Tattoos angenehmer","potentialAction":[{"@type":"SearchAction","target":{"@type":"EntryPoint","urlTemplate":"https:\/\/www.tktx-shop.nl\/?s={search_term_string}"},"query-input":{"@type":"PropertyValueSpecification","valueRequired":true,"valueName":"search_term_string"}}],"inLanguage":"de"}]}},"jetpack_sharing_enabled":true,"_links":{"self":[{"href":"https:\/\/www.tktx-shop.nl\/index.php?rest_route=\/wp\/v2\/product\/458","targetHints":{"allow":["GET"]}}],"collection":[{"href":"https:\/\/www.tktx-shop.nl\/index.php?rest_route=\/wp\/v2\/product"}],"about":[{"href":"https:\/\/www.tktx-shop.nl\/index.php?rest_route=\/wp\/v2\/types\/product"}],"replies":[{"embeddable":true,"href":"https:\/\/www.tktx-shop.nl\/index.php?rest_route=%2Fwp%2Fv2%2Fcomments&post=458"}],"wp:featuredmedia":[{"embeddable":true,"href":"https:\/\/www.tktx-shop.nl\/index.php?rest_route=\/wp\/v2\/media\/42"}],"wp:attachment":[{"href":"https:\/\/www.tktx-shop.nl\/index.php?rest_route=%2Fwp%2Fv2%2Fmedia&parent=458"}],"wp:term":[{"taxonomy":"product_brand","embeddable":true,"href":"https:\/\/www.tktx-shop.nl\/index.php?rest_route=%2Fwp%2Fv2%2Fproduct_brand&post=458"},{"taxonomy":"product_cat","embeddable":true,"href":"https:\/\/www.tktx-shop.nl\/index.php?rest_route=%2Fwp%2Fv2%2Fproduct_cat&post=458"},{"taxonomy":"product_tag","embeddable":true,"href":"https:\/\/www.tktx-shop.nl\/index.php?rest_route=%2Fwp%2Fv2%2Fproduct_tag&post=458"}],"curies":[{"name":"wp","href":"https:\/\/api.w.org\/{rel}","templated":true}]}}