{"id":456,"date":"2025-03-19T08:19:45","date_gmt":"2025-03-19T07:19:45","guid":{"rendered":"https:\/\/www.dermacain.de\/?post_type=product&#038;p=456"},"modified":"2025-07-09T16:16:57","modified_gmt":"2025-07-09T14:16:57","slug":"3-x-dermacain-50g","status":"publish","type":"product","link":"https:\/\/www.tktx-shop.nl\/?product=3-x-dermacain-50g","title":{"rendered":"3 x Dermacain 50g"},"content":{"rendered":"<div class=\"flex-1 overflow-hidden @container\/thread translate-y-[2rem] -mt-[2rem] pb-[1.5rem]\">\n<div class=\"relative h-full\">\n<div class=\"flex h-full flex-col overflow-y-auto [scrollbar-gutter:stable]\">\n<div class=\"flex flex-col text-sm md:pb-9\">\n<article class=\"w-full text-token-text-primary focus-visible:outline-2 focus-visible:outline-offset-[-4px]\" dir=\"auto\" data-testid=\"conversation-turn-263\" data-scroll-anchor=\"true\">\n<div class=\"m-auto text-base py-[18px] px-6\">\n<div class=\"mx-auto flex flex-1 text-base gap-4 md:gap-5 lg:gap-6 md:max-w-3xl lg:max-w-[40rem] xl:max-w-[48rem]\">\n<div class=\"group\/conversation-turn relative flex w-full min-w-0 flex-col agent-turn @xs\/thread:px-0 @sm\/thread:px-1.5 @md\/thread:px-4\">\n<div class=\"flex-col gap-1 md:gap-3\">\n<div class=\"flex max-w-full flex-col flex-grow\">\n<div class=\"min-h-8 text-message relative flex w-full flex-col items-end gap-2 whitespace-normal break-words text-start [.text-message+&amp;]:mt-5\" dir=\"auto\" data-message-author-role=\"assistant\" data-message-id=\"affef06b-9bf6-4f18-a5e1-0adc0ef05e16\" data-message-model-slug=\"gpt-4o\">\n<div class=\"flex w-full flex-col gap-1 empty:hidden first:pt-[3px]\">\n<div class=\"markdown prose w-full break-words dark:prose-invert light\">\n<h2 data-start=\"1519\" data-end=\"1585\"><strong data-start=\"1522\" data-end=\"1583\">\ud83d\udca1 WARUM IST DERMACAIN 50G DIE BESTE TATTOO SCHMERZCREME?<\/strong><\/h2>\n<p data-start=\"1587\" data-end=\"1989\">\u2714 <strong data-start=\"1589\" data-end=\"1622\">ST\u00c4RKSTE FORMEL AUF DEM MARKT<\/strong> \u2013 15,6 % Lidocain f\u00fcr maximale Schmerzfreiheit!<br data-start=\"1670\" data-end=\"1673\" \/>\u2714 <strong data-start=\"1675\" data-end=\"1712\">KEINE SCHMERZEN, NUR ENTSPANNUNG!<\/strong> T\u00e4towieren Sie sich ohne Angst vor Schmerzen!<br data-start=\"1758\" data-end=\"1761\" \/>\u2714 <strong data-start=\"1763\" data-end=\"1799\">IDEAL F\u00dcR LANGE TATTOO-SESSIONS!<\/strong> Nie wieder Abbruch wegen Schmerzen!<br data-start=\"1835\" data-end=\"1838\" \/>\u2714 <strong data-start=\"1840\" data-end=\"1878\">PERFEKT F\u00dcR EMPFINDLICHE BEREICHE!<\/strong> Brust, Rippen, H\u00e4nde oder Knie \u2013 kein Problem!<br data-start=\"1925\" data-end=\"1928\" \/>\u2714 <strong data-start=\"1930\" data-end=\"1957\">ZUFRIEDENHEITSGARANTIE!<\/strong> Nicht \u00fcberzeugt? Geld zur\u00fcck!<\/p>\n<p data-start=\"1991\" data-end=\"2051\">\ud83d\udd25 <strong data-start=\"1994\" data-end=\"2049\">JETZT BESTELLEN &amp; OHNE SCHMERZEN T\u00c4TOWIEREN LASSEN!<\/strong><\/p>\n<hr data-start=\"2053\" data-end=\"2056\" \/>\n<h2 data-start=\"2058\" data-end=\"2119\"><strong data-start=\"2061\" data-end=\"2117\">\ud83d\udee0 SO VERWENDEN SIE DIE TATTOO SCHMERZCREME RICHTIG!<\/strong><\/h2>\n<p data-start=\"2121\" data-end=\"2176\"><strong data-start=\"2121\" data-end=\"2174\">Folgen Sie diesen Schritten f\u00fcr maximale Wirkung:<\/strong><\/p>\n<p><iframe loading=\"lazy\" title=\"Dermacain an\u00e4sthetische Tattoo-Creme\" width=\"760\" height=\"428\" src=\"https:\/\/www.youtube.com\/embed\/7E2okTJIj6w?feature=oembed\" frameborder=\"0\" allow=\"accelerometer; autoplay; clipboard-write; encrypted-media; gyroscope; picture-in-picture; web-share\" referrerpolicy=\"strict-origin-when-cross-origin\" allowfullscreen><\/iframe><\/p>\n<p data-start=\"2178\" data-end=\"2478\">1\ufe0f\u20e3 <strong data-start=\"2182\" data-end=\"2257\">Reinigen Sie die Haut mit antibakterieller Seife &amp; trocknen Sie sie ab.<\/strong><br data-start=\"2257\" data-end=\"2260\" \/>2\ufe0f\u20e3 <strong data-start=\"2264\" data-end=\"2326\">Tragen Sie eine dicke Schicht Dermacain 50g gro\u00dfz\u00fcgig auf.<\/strong><br data-start=\"2326\" data-end=\"2329\" \/>3\ufe0f\u20e3 <strong data-start=\"2333\" data-end=\"2408\">Mit Frischhaltefolie abdecken &amp; mindestens 30 Minuten einwirken lassen.<\/strong><br data-start=\"2408\" data-end=\"2411\" \/>4\ufe0f\u20e3 <strong data-start=\"2415\" data-end=\"2476\">Creme mit einem feuchten Tuch entfernen \u2013 und los geht\u2019s!<\/strong><\/p>\n<p data-start=\"2480\" data-end=\"2621\">\ud83d\udca1 <strong data-start=\"2483\" data-end=\"2492\">Tipp:<\/strong> Bei langen Tattoo-Sitzungen kann eine zweite Schicht auf den n\u00e4chsten Hautbereich aufgetragen werden, bevor er t\u00e4towiert wird.<\/p>\n<hr data-start=\"2623\" data-end=\"2626\" \/>\n<h2 data-start=\"2628\" data-end=\"2694\"><strong data-start=\"2631\" data-end=\"2692\">\ud83d\udd0e KUNDENMEINUNGEN \u2013 SO WIRKT UNSERE TATTOO SCHMERZCREME!<\/strong><\/h2>\n<p data-start=\"2696\" data-end=\"2832\">\ud83d\udcac <strong data-start=\"2699\" data-end=\"2718\">David, 32 Jahre<\/strong><br data-start=\"2718\" data-end=\"2721\" \/><em data-start=\"2721\" data-end=\"2830\">&#8222;Ich hatte immer Angst vor dem Schmerz \u2013 aber mit Dermacain 50g war das kein Problem! Absolut schmerzfrei!&#8220;<\/em><\/p>\n<p data-start=\"2834\" data-end=\"2969\">\ud83d\udcac <strong data-start=\"2837\" data-end=\"2855\">Lisa, 28 Jahre<\/strong><br data-start=\"2855\" data-end=\"2858\" \/><em data-start=\"2858\" data-end=\"2967\">&#8222;Meine Rippen-T\u00e4towierung h\u00e4tte ich ohne diese Schmerzcreme nicht durchgestanden \u2013 ein echter Gamechanger!&#8220;<\/em><\/p>\n<p data-start=\"2971\" data-end=\"3090\">\ud83d\udcac <strong data-start=\"2974\" data-end=\"2995\">Marco, T\u00e4towierer<\/strong><br data-start=\"2995\" data-end=\"2998\" \/><em data-start=\"2998\" data-end=\"3088\">&#8222;Ich empfehle Dermacain 50g jedem Kunden \u2013 f\u00fcr eine ruhige, angenehme Tattoo-Erfahrung!&#8220;<\/em><\/p>\n<hr data-start=\"3092\" data-end=\"3095\" \/>\n<h2 data-start=\"3097\" data-end=\"3161\"><strong data-start=\"3100\" data-end=\"3159\">\ud83d\uded2 JETZT BESTELLEN &amp; EIN TATTOO OHNE SCHMERZEN ERLEBEN!<\/strong><\/h2>\n<p data-start=\"3163\" data-end=\"3428\">\u2705 <strong data-start=\"3165\" data-end=\"3221\">100 % Originalprodukt \u2013 keine billigen Nachahmungen!<\/strong><br data-start=\"3221\" data-end=\"3224\" \/>\ud83d\ude80 <strong data-start=\"3227\" data-end=\"3277\">Heute versandt \u2013 Lieferung bereits \u00fcbermorgen!<\/strong><br data-start=\"3277\" data-end=\"3280\" \/>\ud83d\udce6 <strong data-start=\"3283\" data-end=\"3352\">Kostenloser Versand ab 3 St\u00fcck \u2013 das beste Angebot auf dem Markt!<\/strong><br data-start=\"3352\" data-end=\"3355\" \/>\ud83d\udcde <strong data-start=\"3358\" data-end=\"3426\">Expertenberatung \u2013 wir helfen Ihnen bei der richtigen Anwendung!<\/strong><\/p>\n<p data-start=\"3730\" data-end=\"3818\">\ud83d\udd25 <strong data-start=\"3733\" data-end=\"3813\">KLICKEN SIE AUF &#8222;JETZT BESTELLEN&#8220; UND ERLEBEN SIE EIN TATTOO OHNE SCHMERZEN!<\/strong> \ud83d\udd25<\/p>\n<p data-start=\"3730\" data-end=\"3818\"><a href=\"https:\/\/www.tktx-shop.nl\/?add-to-cart=456\"><img loading=\"lazy\" decoding=\"async\" class=\"aligncenter wp-image-42 size-medium\" src=\"https:\/\/www.tktx-shop.nl\/wp-content\/uploads\/2023\/04\/2-283x300.png\" alt=\"Dermacain Bet\u00e4ubende Tattoo-Creme TKTX\" width=\"283\" height=\"300\" srcset=\"https:\/\/www.tktx-shop.nl\/wp-content\/uploads\/2023\/04\/2-283x300.png 283w, https:\/\/www.tktx-shop.nl\/wp-content\/uploads\/2023\/04\/2-300x318.png 300w, https:\/\/www.tktx-shop.nl\/wp-content\/uploads\/2023\/04\/2.png 583w\" sizes=\"auto, (max-width: 283px) 100vw, 283px\" \/><\/a><\/p>\n<h4 data-start=\"3820\" data-end=\"3960\"><a href=\"https:\/\/www.tktx-shop.nl\/?add-to-cart=456\"><img loading=\"lazy\" decoding=\"async\" class=\"aligncenter wp-image-786\" src=\"https:\/\/www.tktx-shop.nl\/wp-content\/uploads\/2025\/06\/34-300x141.png\" alt=\"tattoo schmerzcreme\" width=\"150\" height=\"70\" srcset=\"https:\/\/www.tktx-shop.nl\/wp-content\/uploads\/2025\/06\/34-300x141.png 300w, https:\/\/www.tktx-shop.nl\/wp-content\/uploads\/2025\/06\/34.png 512w\" sizes=\"auto, (max-width: 150px) 100vw, 150px\" \/><\/a><\/h4>\n<h4 style=\"text-align: center;\" data-start=\"3820\" data-end=\"3960\">\ud83d\udcb0 <strong data-start=\"3823\" data-end=\"3850\">ZUFRIEDENHEITSGARANTIE!<\/strong><br data-start=\"3850\" data-end=\"3853\" \/>Falls Sie nicht zufrieden sind, senden Sie das Produkt einfach zur\u00fcck \u2013 <strong data-start=\"3925\" data-end=\"3958\">wir erstatten Ihnen Ihr Geld!<\/strong><\/h4>\n<hr data-start=\"3962\" data-end=\"3965\" \/>\n<h2 data-start=\"3967\" data-end=\"4000\"><strong data-start=\"3970\" data-end=\"3998\">\ud83d\udcde KONTAKTIEREN SIE UNS!<\/strong><\/h2>\n<p data-start=\"4002\" data-end=\"4102\">Haben Sie Fragen oder m\u00f6chten direkt bestellen? <strong data-start=\"4050\" data-end=\"4100\">Schreiben Sie uns per SMS an +421 902 877 942!<\/strong><\/p>\n<p data-start=\"4104\" data-end=\"4169\" data-is-last-node=\"\" data-is-only-node=\"\">\ud83c\udfaf <strong data-start=\"4107\" data-end=\"4164\">Dermacain 30g \u2013 Die Nr. 1 f\u00fcr Tattoo Creme Bet\u00e4ubung!<\/strong> \ud83c\udfaf<\/p>\n<\/div>\n<\/div>\n<\/div>\n<\/div>\n<\/div>\n<\/div>\n<\/div>\n<\/div>\n<\/article>\n<\/div>\n<\/div>\n<\/div>\n<\/div>\n","protected":false},"excerpt":{"rendered":"<h2 data-start=\"724\" data-end=\"779\"><strong data-start=\"727\" data-end=\"777\">\ud83d\udd25 SCHMERZFREIES T\u00c4TOWIEREN MIT DERMACAIN 50G!<\/strong><\/h2>\n<p data-start=\"781\" data-end=\"868\">T\u00e4towierungen sind Kunstwerke f\u00fcrs Leben \u2013 aber warum sollten Sie Schmerzen ertragen?<\/p>\n<p data-start=\"870\" data-end=\"1110\">Mit <strong data-start=\"874\" data-end=\"891\">Dermacain 50g<\/strong>, der st\u00e4rksten <strong data-start=\"907\" data-end=\"930\">Tattoo Schmerzcreme<\/strong>, bleibt Ihre Haut <strong data-start=\"949\" data-end=\"981\">bis zu 3 Stunden schmerzfrei<\/strong>. Dank <strong data-start=\"988\" data-end=\"1007\">15,6 % Lidocain<\/strong> genie\u00dfen Sie eine <strong data-start=\"1026\" data-end=\"1062\">v\u00f6llig entspannte Tattoo-Session<\/strong> \u2013 keine Tr\u00e4nen, kein Zucken, keine Schmerzen!<\/p>\n<p data-start=\"1112\" data-end=\"1463\">\u2705 <strong data-start=\"1114\" data-end=\"1179\">Maximaler Schmerzschutz \u2013 bis zu 3 Stunden v\u00f6llige Bet\u00e4ubung!<\/strong><br data-start=\"1179\" data-end=\"1182\" \/>\u2705 <strong data-start=\"1184\" data-end=\"1233\">Schnelle Wirkung \u2013 in nur 30 Minuten bet\u00e4ubt!<\/strong><br data-start=\"1233\" data-end=\"1236\" \/>\u2705 <strong data-start=\"1238\" data-end=\"1319\">Reduziert Schwellungen &amp; Blutungen \u2013 f\u00fcr klarere Linien &amp; lebendigere Farben!<\/strong><br data-start=\"1319\" data-end=\"1322\" \/>\u2705 <strong data-start=\"1324\" data-end=\"1390\">Von Tattoo-Profis empfohlen \u2013 f\u00fcr eine ruhige, pr\u00e4zise Arbeit!<\/strong><br data-start=\"1390\" data-end=\"1393\" \/>\u2705 <strong data-start=\"1395\" data-end=\"1461\">50g \u2013 reicht f\u00fcr mehrere Anwendungen &amp; lange Tattoo-Sitzungen!<\/strong><\/p>\n<p data-start=\"1465\" data-end=\"1512\">\ud83d\ude80 <strong data-start=\"1468\" data-end=\"1510\">Heute bestellt \u2013 \u00fcbermorgen geliefert!<\/strong><\/p>\n","protected":false},"featured_media":42,"comment_status":"closed","ping_status":"closed","template":"","meta":{"_monsterinsights_skip_tracking":false,"_monsterinsights_sitenote_active":false,"_monsterinsights_sitenote_note":"","_monsterinsights_sitenote_category":0},"product_brand":[],"product_cat":[29],"product_tag":[],"class_list":{"0":"post-456","1":"product","2":"type-product","3":"status-publish","4":"has-post-thumbnail","6":"product_cat-dermacain-50g","8":"first","9":"instock","10":"sale","11":"taxable","12":"shipping-taxable","13":"purchasable","14":"product-type-simple"},"yoast_head":"<!-- This site is optimized with the Yoast SEO plugin v27.3 - https:\/\/yoast.com\/product\/yoast-seo-wordpress\/ -->\n<title>3 x Dermacain 50g - Dermacain<\/title>\n<meta name=\"description\" content=\"Suchen Sie eine Tattoo Schmerzcreme, die Ihnen das T\u00e4towieren ohne Schmerzen erm\u00f6glicht? Dermacain 50g mit 15,6 % Lidocain bet\u00e4ubt die Haut f\u00fcr bis zu 3 Stunden und sorgt f\u00fcr ein entspanntes Tattoo-Erlebnis! Jetzt bestellen \u2013 schnelle Lieferung!\" \/>\n<meta name=\"robots\" content=\"index, follow, max-snippet:-1, max-image-preview:large, max-video-preview:-1\" \/>\n<link rel=\"canonical\" href=\"https:\/\/www.tktx-shop.nl\/?product=3-x-dermacain-50g\" \/>\n<meta property=\"og:locale\" content=\"de_DE\" \/>\n<meta property=\"og:type\" content=\"article\" \/>\n<meta property=\"og:title\" content=\"3 x Dermacain 50g - Dermacain\" \/>\n<meta property=\"og:description\" content=\"Suchen Sie eine Tattoo Schmerzcreme, die Ihnen das T\u00e4towieren ohne Schmerzen erm\u00f6glicht? Dermacain 50g mit 15,6 % Lidocain bet\u00e4ubt die Haut f\u00fcr bis zu 3 Stunden und sorgt f\u00fcr ein entspanntes Tattoo-Erlebnis! Jetzt bestellen \u2013 schnelle Lieferung!\" \/>\n<meta property=\"og:url\" content=\"https:\/\/www.tktx-shop.nl\/?product=3-x-dermacain-50g\" \/>\n<meta property=\"og:site_name\" content=\"Dermacain\" \/>\n<meta property=\"article:modified_time\" content=\"2025-07-09T14:16:57+00:00\" \/>\n<meta property=\"og:image\" content=\"https:\/\/www.tktx-shop.nl\/wp-content\/uploads\/2023\/04\/2.png\" \/>\n\t<meta property=\"og:image:width\" content=\"583\" \/>\n\t<meta property=\"og:image:height\" content=\"618\" \/>\n\t<meta property=\"og:image:type\" content=\"image\/png\" \/>\n<meta name=\"twitter:card\" content=\"summary_large_image\" \/>\n<meta name=\"twitter:label1\" content=\"Gesch\u00e4tzte Lesezeit\" \/>\n\t<meta name=\"twitter:data1\" content=\"3\u00a0Minuten\" \/>\n<script type=\"application\/ld+json\" class=\"yoast-schema-graph\">{\"@context\":\"https:\\\/\\\/schema.org\",\"@graph\":[{\"@type\":\"WebPage\",\"@id\":\"https:\\\/\\\/www.tktx-shop.nl\\\/?product=3-x-dermacain-50g\",\"url\":\"https:\\\/\\\/www.tktx-shop.nl\\\/?product=3-x-dermacain-50g\",\"name\":\"3 x Dermacain 50g - Dermacain\",\"isPartOf\":{\"@id\":\"https:\\\/\\\/www.tktx-shop.nl\\\/#website\"},\"primaryImageOfPage\":{\"@id\":\"https:\\\/\\\/www.tktx-shop.nl\\\/?product=3-x-dermacain-50g#primaryimage\"},\"image\":{\"@id\":\"https:\\\/\\\/www.tktx-shop.nl\\\/?product=3-x-dermacain-50g#primaryimage\"},\"thumbnailUrl\":\"https:\\\/\\\/www.tktx-shop.nl\\\/wp-content\\\/uploads\\\/2023\\\/04\\\/2.png\",\"datePublished\":\"2025-03-19T07:19:45+00:00\",\"dateModified\":\"2025-07-09T14:16:57+00:00\",\"description\":\"Suchen Sie eine Tattoo Schmerzcreme, die Ihnen das T\u00e4towieren ohne Schmerzen erm\u00f6glicht? Dermacain 50g mit 15,6 % Lidocain bet\u00e4ubt die Haut f\u00fcr bis zu 3 Stunden und sorgt f\u00fcr ein entspanntes Tattoo-Erlebnis! Jetzt bestellen \u2013 schnelle Lieferung!\",\"breadcrumb\":{\"@id\":\"https:\\\/\\\/www.tktx-shop.nl\\\/?product=3-x-dermacain-50g#breadcrumb\"},\"inLanguage\":\"de\",\"potentialAction\":[{\"@type\":\"ReadAction\",\"target\":[\"https:\\\/\\\/www.tktx-shop.nl\\\/?product=3-x-dermacain-50g\"]}]},{\"@type\":\"ImageObject\",\"inLanguage\":\"de\",\"@id\":\"https:\\\/\\\/www.tktx-shop.nl\\\/?product=3-x-dermacain-50g#primaryimage\",\"url\":\"https:\\\/\\\/www.tktx-shop.nl\\\/wp-content\\\/uploads\\\/2023\\\/04\\\/2.png\",\"contentUrl\":\"https:\\\/\\\/www.tktx-shop.nl\\\/wp-content\\\/uploads\\\/2023\\\/04\\\/2.png\",\"width\":583,\"height\":618,\"caption\":\"Dermacain Bet\u00e4ubende Tattoo-Creme TKTX\"},{\"@type\":\"BreadcrumbList\",\"@id\":\"https:\\\/\\\/www.tktx-shop.nl\\\/?product=3-x-dermacain-50g#breadcrumb\",\"itemListElement\":[{\"@type\":\"ListItem\",\"position\":1,\"name\":\"Home\",\"item\":\"https:\\\/\\\/www.tktx-shop.nl\\\/\"},{\"@type\":\"ListItem\",\"position\":2,\"name\":\"3 x Dermacain 50g\"}]},{\"@type\":\"WebSite\",\"@id\":\"https:\\\/\\\/www.tktx-shop.nl\\\/#website\",\"url\":\"https:\\\/\\\/www.tktx-shop.nl\\\/\",\"name\":\"Dermacain\",\"description\":\"Wir machen Ihre Tattoos angenehmer\",\"potentialAction\":[{\"@type\":\"SearchAction\",\"target\":{\"@type\":\"EntryPoint\",\"urlTemplate\":\"https:\\\/\\\/www.tktx-shop.nl\\\/?s={search_term_string}\"},\"query-input\":{\"@type\":\"PropertyValueSpecification\",\"valueRequired\":true,\"valueName\":\"search_term_string\"}}],\"inLanguage\":\"de\"}]}<\/script>\n<!-- \/ Yoast SEO plugin. -->","yoast_head_json":{"title":"3 x Dermacain 50g - Dermacain","description":"Suchen Sie eine Tattoo Schmerzcreme, die Ihnen das T\u00e4towieren ohne Schmerzen erm\u00f6glicht? Dermacain 50g mit 15,6 % Lidocain bet\u00e4ubt die Haut f\u00fcr bis zu 3 Stunden und sorgt f\u00fcr ein entspanntes Tattoo-Erlebnis! Jetzt bestellen \u2013 schnelle Lieferung!","robots":{"index":"index","follow":"follow","max-snippet":"max-snippet:-1","max-image-preview":"max-image-preview:large","max-video-preview":"max-video-preview:-1"},"canonical":"https:\/\/www.tktx-shop.nl\/?product=3-x-dermacain-50g","og_locale":"de_DE","og_type":"article","og_title":"3 x Dermacain 50g - Dermacain","og_description":"Suchen Sie eine Tattoo Schmerzcreme, die Ihnen das T\u00e4towieren ohne Schmerzen erm\u00f6glicht? Dermacain 50g mit 15,6 % Lidocain bet\u00e4ubt die Haut f\u00fcr bis zu 3 Stunden und sorgt f\u00fcr ein entspanntes Tattoo-Erlebnis! Jetzt bestellen \u2013 schnelle Lieferung!","og_url":"https:\/\/www.tktx-shop.nl\/?product=3-x-dermacain-50g","og_site_name":"Dermacain","article_modified_time":"2025-07-09T14:16:57+00:00","og_image":[{"width":583,"height":618,"url":"https:\/\/www.tktx-shop.nl\/wp-content\/uploads\/2023\/04\/2.png","type":"image\/png"}],"twitter_card":"summary_large_image","twitter_misc":{"Gesch\u00e4tzte Lesezeit":"3\u00a0Minuten"},"schema":{"@context":"https:\/\/schema.org","@graph":[{"@type":"WebPage","@id":"https:\/\/www.tktx-shop.nl\/?product=3-x-dermacain-50g","url":"https:\/\/www.tktx-shop.nl\/?product=3-x-dermacain-50g","name":"3 x Dermacain 50g - Dermacain","isPartOf":{"@id":"https:\/\/www.tktx-shop.nl\/#website"},"primaryImageOfPage":{"@id":"https:\/\/www.tktx-shop.nl\/?product=3-x-dermacain-50g#primaryimage"},"image":{"@id":"https:\/\/www.tktx-shop.nl\/?product=3-x-dermacain-50g#primaryimage"},"thumbnailUrl":"https:\/\/www.tktx-shop.nl\/wp-content\/uploads\/2023\/04\/2.png","datePublished":"2025-03-19T07:19:45+00:00","dateModified":"2025-07-09T14:16:57+00:00","description":"Suchen Sie eine Tattoo Schmerzcreme, die Ihnen das T\u00e4towieren ohne Schmerzen erm\u00f6glicht? Dermacain 50g mit 15,6 % Lidocain bet\u00e4ubt die Haut f\u00fcr bis zu 3 Stunden und sorgt f\u00fcr ein entspanntes Tattoo-Erlebnis! Jetzt bestellen \u2013 schnelle Lieferung!","breadcrumb":{"@id":"https:\/\/www.tktx-shop.nl\/?product=3-x-dermacain-50g#breadcrumb"},"inLanguage":"de","potentialAction":[{"@type":"ReadAction","target":["https:\/\/www.tktx-shop.nl\/?product=3-x-dermacain-50g"]}]},{"@type":"ImageObject","inLanguage":"de","@id":"https:\/\/www.tktx-shop.nl\/?product=3-x-dermacain-50g#primaryimage","url":"https:\/\/www.tktx-shop.nl\/wp-content\/uploads\/2023\/04\/2.png","contentUrl":"https:\/\/www.tktx-shop.nl\/wp-content\/uploads\/2023\/04\/2.png","width":583,"height":618,"caption":"Dermacain Bet\u00e4ubende Tattoo-Creme TKTX"},{"@type":"BreadcrumbList","@id":"https:\/\/www.tktx-shop.nl\/?product=3-x-dermacain-50g#breadcrumb","itemListElement":[{"@type":"ListItem","position":1,"name":"Home","item":"https:\/\/www.tktx-shop.nl\/"},{"@type":"ListItem","position":2,"name":"3 x Dermacain 50g"}]},{"@type":"WebSite","@id":"https:\/\/www.tktx-shop.nl\/#website","url":"https:\/\/www.tktx-shop.nl\/","name":"Dermacain","description":"Wir machen Ihre Tattoos angenehmer","potentialAction":[{"@type":"SearchAction","target":{"@type":"EntryPoint","urlTemplate":"https:\/\/www.tktx-shop.nl\/?s={search_term_string}"},"query-input":{"@type":"PropertyValueSpecification","valueRequired":true,"valueName":"search_term_string"}}],"inLanguage":"de"}]}},"jetpack_sharing_enabled":true,"_links":{"self":[{"href":"https:\/\/www.tktx-shop.nl\/index.php?rest_route=\/wp\/v2\/product\/456","targetHints":{"allow":["GET"]}}],"collection":[{"href":"https:\/\/www.tktx-shop.nl\/index.php?rest_route=\/wp\/v2\/product"}],"about":[{"href":"https:\/\/www.tktx-shop.nl\/index.php?rest_route=\/wp\/v2\/types\/product"}],"replies":[{"embeddable":true,"href":"https:\/\/www.tktx-shop.nl\/index.php?rest_route=%2Fwp%2Fv2%2Fcomments&post=456"}],"wp:featuredmedia":[{"embeddable":true,"href":"https:\/\/www.tktx-shop.nl\/index.php?rest_route=\/wp\/v2\/media\/42"}],"wp:attachment":[{"href":"https:\/\/www.tktx-shop.nl\/index.php?rest_route=%2Fwp%2Fv2%2Fmedia&parent=456"}],"wp:term":[{"taxonomy":"product_brand","embeddable":true,"href":"https:\/\/www.tktx-shop.nl\/index.php?rest_route=%2Fwp%2Fv2%2Fproduct_brand&post=456"},{"taxonomy":"product_cat","embeddable":true,"href":"https:\/\/www.tktx-shop.nl\/index.php?rest_route=%2Fwp%2Fv2%2Fproduct_cat&post=456"},{"taxonomy":"product_tag","embeddable":true,"href":"https:\/\/www.tktx-shop.nl\/index.php?rest_route=%2Fwp%2Fv2%2Fproduct_tag&post=456"}],"curies":[{"name":"wp","href":"https:\/\/api.w.org\/{rel}","templated":true}]}}