{"id":455,"date":"2025-03-19T08:16:07","date_gmt":"2025-03-19T07:16:07","guid":{"rendered":"https:\/\/www.dermacain.de\/?post_type=product&#038;p=455"},"modified":"2025-07-09T16:18:18","modified_gmt":"2025-07-09T14:18:18","slug":"2-x-dermacain-50g","status":"publish","type":"product","link":"https:\/\/www.tktx-shop.nl\/?product=2-x-dermacain-50g","title":{"rendered":"2 x Dermacain 50g"},"content":{"rendered":"<h2 data-start=\"1613\" data-end=\"1682\"><strong data-start=\"1616\" data-end=\"1680\">\ud83d\udca1 WARUM IST DERMACAIN 50G DIE BESTE TATTOO CREME BET\u00c4UBUNG?<\/strong><\/h2>\n<p data-start=\"1684\" data-end=\"2093\">\u2714 <strong data-start=\"1686\" data-end=\"1719\">ST\u00c4RKSTE FORMEL AUF DEM MARKT<\/strong> \u2013 15,6 % Lidocain f\u00fcr maximale Bet\u00e4ubung.<br data-start=\"1761\" data-end=\"1764\" \/>\u2714 <strong data-start=\"1766\" data-end=\"1795\">SCHMERZFREIES T\u00c4TOWIEREN!<\/strong> T\u00e4towieren Sie entspannt &amp; ohne Schmerzen!<br data-start=\"1838\" data-end=\"1841\" \/>\u2714 <strong data-start=\"1843\" data-end=\"1881\">PERFEKT F\u00dcR LANGE TATTOO-SESSIONS!<\/strong> Keine Unterbrechungen durch Schmerzen.<br data-start=\"1920\" data-end=\"1923\" \/>\u2714 <strong data-start=\"1925\" data-end=\"1961\">IDEAL F\u00dcR EMPFINDLICHE BEREICHE!<\/strong> Perfekt f\u00fcr Rippen, H\u00e4nde, Knie &amp; R\u00fccken.<br data-start=\"2003\" data-end=\"2006\" \/>\u2714 <strong data-start=\"2008\" data-end=\"2035\">ZUFRIEDENHEITSGARANTIE!<\/strong> Falls Sie nicht \u00fcberzeugt sind, gibt\u2019s Ihr Geld zur\u00fcck!<\/p>\n<p data-start=\"2095\" data-end=\"2160\">\ud83d\udd25 <strong data-start=\"2098\" data-end=\"2158\">JETZT BESTELLEN UND EIN TATTOO OHNE SCHMERZEN GENIESSEN!<\/strong><\/p>\n<hr data-start=\"2162\" data-end=\"2165\" \/>\n<h2 data-start=\"2167\" data-end=\"2243\"><strong data-start=\"2170\" data-end=\"2241\">\ud83d\udee0 ANWENDUNG: SO WIRD DIE TATTOO CREME BET\u00c4UBUNG RICHTIG VERWENDET!<\/strong><\/h2>\n<p data-start=\"2245\" data-end=\"2301\"><strong data-start=\"2245\" data-end=\"2299\">Folgen Sie diesen Schritten f\u00fcr die beste Wirkung:<\/strong><\/p>\n<p><iframe loading=\"lazy\" title=\"Dermacain an\u00e4sthetische Tattoo-Creme\" width=\"760\" height=\"428\" src=\"https:\/\/www.youtube.com\/embed\/7E2okTJIj6w?feature=oembed\" frameborder=\"0\" allow=\"accelerometer; autoplay; clipboard-write; encrypted-media; gyroscope; picture-in-picture; web-share\" referrerpolicy=\"strict-origin-when-cross-origin\" allowfullscreen><\/iframe><\/p>\n<p data-start=\"2303\" data-end=\"2625\">1\ufe0f\u20e3 <strong data-start=\"2307\" data-end=\"2373\">Haut mit antibakterieller Seife gr\u00fcndlich reinigen &amp; trocknen.<\/strong><br data-start=\"2373\" data-end=\"2376\" \/>2\ufe0f\u20e3 <strong data-start=\"2380\" data-end=\"2437\">Eine dicke Schicht Dermacain 50g gro\u00dfz\u00fcgig auftragen.<\/strong><br data-start=\"2437\" data-end=\"2440\" \/>3\ufe0f\u20e3 <strong data-start=\"2444\" data-end=\"2519\">Mit Frischhaltefolie abdecken \u2013 mindestens 30 Minuten einwirken lassen.<\/strong><br data-start=\"2519\" data-end=\"2522\" \/>4\ufe0f\u20e3 <strong data-start=\"2526\" data-end=\"2623\">Creme mit einem feuchten Tuch entfernen \u2013 jetzt sind Sie bereit f\u00fcr ein schmerzfreies Tattoo!<\/strong><\/p>\n<p data-start=\"2627\" data-end=\"2753\">\ud83d\udca1 <strong data-start=\"2630\" data-end=\"2639\">Tipp:<\/strong> Bei langen Tattoo-Sitzungen k\u00f6nnen Sie eine zweite Schicht auftragen, bevor der n\u00e4chste Bereich t\u00e4towiert wird.<\/p>\n<hr data-start=\"2755\" data-end=\"2758\" \/>\n<h2 data-start=\"2760\" data-end=\"2814\"><strong data-start=\"2763\" data-end=\"2812\">\ud83d\udd0e KUNDENMEINUNGEN \u2013 DAS SAGEN UNSERE KUNDEN!<\/strong><\/h2>\n<p data-start=\"2816\" data-end=\"2952\">\ud83d\udcac <strong data-start=\"2819\" data-end=\"2838\">David, 32 Jahre<\/strong><br data-start=\"2838\" data-end=\"2841\" \/><em data-start=\"2841\" data-end=\"2950\">&#8222;Ich hatte Panik vor dem Schmerz \u2013 aber mit Dermacain 50g habe ich NICHTS gesp\u00fcrt! Ein echtes Gamechanger!&#8220;<\/em><\/p>\n<p data-start=\"2954\" data-end=\"3119\">\ud83d\udcac <strong data-start=\"2957\" data-end=\"2975\">Lisa, 28 Jahre<\/strong><br data-start=\"2975\" data-end=\"2978\" \/><em data-start=\"2978\" data-end=\"3117\">&#8222;Mein Tattoo-Artist empfahl mir diese Tattoo Creme zur Bet\u00e4ubung \u2013 und sie hat Wunder gewirkt! Meine Rippen-T\u00e4towierung war schmerzfrei!&#8220;<\/em><\/p>\n<p data-start=\"3121\" data-end=\"3251\">\ud83d\udcac <strong data-start=\"3124\" data-end=\"3145\">Marco, T\u00e4towierer<\/strong><br data-start=\"3145\" data-end=\"3148\" \/><em data-start=\"3148\" data-end=\"3249\">&#8222;Ich empfehle Dermacain 50g jedem Kunden f\u00fcr l\u00e4ngere Sitzungen \u2013 es hilft enorm bei der Pr\u00e4zision!&#8220;<\/em><\/p>\n<hr data-start=\"3253\" data-end=\"3256\" \/>\n<h2 data-start=\"3258\" data-end=\"3329\"><strong data-start=\"3261\" data-end=\"3327\">\ud83d\uded2 BESTELLEN SIE JETZT &amp; ERLEBEN SIE EIN SCHMERZFREIES TATTOO!<\/strong><\/h2>\n<p data-start=\"3331\" data-end=\"3603\">\u2705 <strong data-start=\"3333\" data-end=\"3396\">100 % Originalprodukt \u2013 garantiert keine billige Nachmache!<\/strong><br data-start=\"3396\" data-end=\"3399\" \/>\ud83d\ude80 <strong data-start=\"3402\" data-end=\"3452\">Heute versandt \u2013 Lieferung bereits \u00fcbermorgen!<\/strong><br data-start=\"3452\" data-end=\"3455\" \/>\ud83d\udce6 <strong data-start=\"3458\" data-end=\"3527\">Kostenloser Versand ab 3 St\u00fcck \u2013 das beste Angebot auf dem Markt!<\/strong><br data-start=\"3527\" data-end=\"3530\" \/>\ud83d\udcde <strong data-start=\"3533\" data-end=\"3601\">Expertenberatung \u2013 wir helfen Ihnen bei der richtigen Anwendung!<\/strong><\/p>\n<p data-start=\"3730\" data-end=\"3818\">\ud83d\udd25 <strong data-start=\"3733\" data-end=\"3813\">KLICKEN SIE AUF &#8222;JETZT BESTELLEN&#8220; UND ERLEBEN SIE EIN TATTOO OHNE SCHMERZEN!<\/strong> \ud83d\udd25<\/p>\n<p data-start=\"3730\" data-end=\"3818\"><a href=\"https:\/\/www.tktx-shop.nl\/?add-to-cart=455\"><img loading=\"lazy\" decoding=\"async\" class=\"aligncenter wp-image-42 size-medium\" src=\"https:\/\/www.tktx-shop.nl\/wp-content\/uploads\/2023\/04\/2-283x300.png\" alt=\"Dermacain Bet\u00e4ubende Tattoo-Creme TKTX\" width=\"283\" height=\"300\" srcset=\"https:\/\/www.tktx-shop.nl\/wp-content\/uploads\/2023\/04\/2-283x300.png 283w, https:\/\/www.tktx-shop.nl\/wp-content\/uploads\/2023\/04\/2-300x318.png 300w, https:\/\/www.tktx-shop.nl\/wp-content\/uploads\/2023\/04\/2.png 583w\" sizes=\"auto, (max-width: 283px) 100vw, 283px\" \/><\/a><\/p>\n<p data-start=\"3730\" data-end=\"3818\"><a href=\"https:\/\/www.tktx-shop.nl\/?add-to-cart=455\"><img loading=\"lazy\" decoding=\"async\" class=\"aligncenter wp-image-785\" src=\"https:\/\/www.tktx-shop.nl\/wp-content\/uploads\/2025\/06\/33-300x141.png\" alt=\"tattoo creme bet\u00e4ubung\" width=\"150\" height=\"70\" srcset=\"https:\/\/www.tktx-shop.nl\/wp-content\/uploads\/2025\/06\/33-300x141.png 300w, https:\/\/www.tktx-shop.nl\/wp-content\/uploads\/2025\/06\/33.png 512w\" sizes=\"auto, (max-width: 150px) 100vw, 150px\" \/><\/a><\/p>\n<h4 style=\"text-align: center;\" data-start=\"3820\" data-end=\"3960\">\ud83d\udcb0 <strong data-start=\"3823\" data-end=\"3850\">ZUFRIEDENHEITSGARANTIE!<\/strong><br data-start=\"3850\" data-end=\"3853\" \/>Falls Sie nicht zufrieden sind, senden Sie das Produkt einfach zur\u00fcck \u2013 <strong data-start=\"3925\" data-end=\"3958\">wir erstatten Ihnen Ihr Geld!<\/strong><\/h4>\n<hr data-start=\"3962\" data-end=\"3965\" \/>\n<h2 data-start=\"3967\" data-end=\"4000\"><strong data-start=\"3970\" data-end=\"3998\">\ud83d\udcde KONTAKTIEREN SIE UNS!<\/strong><\/h2>\n<p data-start=\"4002\" data-end=\"4102\">Haben Sie Fragen oder m\u00f6chten direkt bestellen? <strong data-start=\"4050\" data-end=\"4100\">Schreiben Sie uns per SMS an +421 902 877 942!<\/strong><\/p>\n<p data-start=\"4104\" data-end=\"4169\" data-is-last-node=\"\" data-is-only-node=\"\">\ud83c\udfaf <strong data-start=\"4107\" data-end=\"4164\">Dermacain 30g \u2013 Die Nr. 1 f\u00fcr Tattoo Creme Bet\u00e4ubung!<\/strong> \ud83c\udfaf<\/p>\n","protected":false},"excerpt":{"rendered":"<h2 data-start=\"738\" data-end=\"793\"><strong data-start=\"741\" data-end=\"791\">\ud83d\udd25 KEIN SCHMERZ, KEIN PROBLEM \u2013 DERMACAIN 50G!<\/strong><\/h2>\n<p data-start=\"795\" data-end=\"867\">Tattoos sind Kunstwerke f\u00fcrs Leben \u2013 aber der Schmerz muss nicht sein!<\/p>\n<p data-start=\"869\" data-end=\"1165\">Mit <strong data-start=\"873\" data-end=\"890\">Dermacain 50g<\/strong>, der leistungsst\u00e4rksten <strong data-start=\"915\" data-end=\"945\">Tattoo Creme zur Bet\u00e4ubung<\/strong>, erleben Sie das T\u00e4towieren ganz ohne Schmerzen. Dank <strong data-start=\"1000\" data-end=\"1019\">15,6 % Lidocain<\/strong> wird die Haut f\u00fcr <strong data-start=\"1038\" data-end=\"1078\">bis zu 3 Stunden vollst\u00e4ndig bet\u00e4ubt<\/strong>, sodass Sie sich entspannen und das Tattoo-Erlebnis in vollen Z\u00fcgen genie\u00dfen k\u00f6nnen.<\/p>\n<p data-start=\"1167\" data-end=\"1557\">\u2705 <strong data-start=\"1169\" data-end=\"1218\">Bis zu 3 Stunden vollst\u00e4ndige Schmerzblockade<\/strong> \u2013 ideal f\u00fcr gro\u00dfe Tattoos!<br data-start=\"1245\" data-end=\"1248\" \/>\u2705 <strong data-start=\"1250\" data-end=\"1277\">Wirkt in nur 30 Minuten<\/strong> \u2013 auftragen, einwirken lassen &amp; schmerzfrei t\u00e4towieren!<br data-start=\"1333\" data-end=\"1336\" \/>\u2705 <strong data-start=\"1338\" data-end=\"1376\">Reduziert Schwellungen &amp; Blutungen<\/strong> \u2013 f\u00fcr klarere Linien &amp; bessere Farbaufnahme!<br data-start=\"1421\" data-end=\"1424\" \/>\u2705 <strong data-start=\"1426\" data-end=\"1457\">Empfohlen von Tattoo-Profis<\/strong> \u2013 f\u00fcr ein ruhiges &amp; pr\u00e4zises Arbeiten!<br data-start=\"1496\" data-end=\"1499\" \/>\u2705 <strong data-start=\"1501\" data-end=\"1555\">50g Packung \u2013 reicht f\u00fcr mehrere Tattoo-Sitzungen!<\/strong><\/p>\n<p data-start=\"1559\" data-end=\"1606\">\ud83d\ude80 <strong data-start=\"1562\" data-end=\"1604\">Heute bestellt \u2013 \u00fcbermorgen geliefert!<\/strong><\/p>\n","protected":false},"featured_media":42,"comment_status":"closed","ping_status":"closed","template":"","meta":{"_monsterinsights_skip_tracking":false,"_monsterinsights_sitenote_active":false,"_monsterinsights_sitenote_note":"","_monsterinsights_sitenote_category":0},"product_brand":[],"product_cat":[29],"product_tag":[],"class_list":{"0":"post-455","1":"product","2":"type-product","3":"status-publish","4":"has-post-thumbnail","6":"product_cat-dermacain-50g","8":"first","9":"instock","10":"sale","11":"taxable","12":"shipping-taxable","13":"purchasable","14":"product-type-simple"},"yoast_head":"<!-- This site is optimized with the Yoast SEO plugin v27.3 - https:\/\/yoast.com\/product\/yoast-seo-wordpress\/ -->\n<title>2 x Dermacain 50g - Dermacain<\/title>\n<meta name=\"description\" content=\"Suchen Sie eine Tattoo Creme zur Bet\u00e4ubung, die Schmerzen effektiv blockiert? Dermacain 50g mit 15,6 % Lidocain sorgt f\u00fcr eine schmerzfreie Tattoo-Erfahrung und h\u00f6chste Pr\u00e4zision f\u00fcr T\u00e4towierer! Jetzt bestellen \u2013 Lieferung \u00fcbermorgen!\" \/>\n<meta name=\"robots\" content=\"index, follow, max-snippet:-1, max-image-preview:large, max-video-preview:-1\" \/>\n<link rel=\"canonical\" href=\"https:\/\/www.tktx-shop.nl\/?product=2-x-dermacain-50g\" \/>\n<meta property=\"og:locale\" content=\"de_DE\" \/>\n<meta property=\"og:type\" content=\"article\" \/>\n<meta property=\"og:title\" content=\"2 x Dermacain 50g - Dermacain\" \/>\n<meta property=\"og:description\" content=\"Suchen Sie eine Tattoo Creme zur Bet\u00e4ubung, die Schmerzen effektiv blockiert? Dermacain 50g mit 15,6 % Lidocain sorgt f\u00fcr eine schmerzfreie Tattoo-Erfahrung und h\u00f6chste Pr\u00e4zision f\u00fcr T\u00e4towierer! Jetzt bestellen \u2013 Lieferung \u00fcbermorgen!\" \/>\n<meta property=\"og:url\" content=\"https:\/\/www.tktx-shop.nl\/?product=2-x-dermacain-50g\" \/>\n<meta property=\"og:site_name\" content=\"Dermacain\" \/>\n<meta property=\"article:modified_time\" content=\"2025-07-09T14:18:18+00:00\" \/>\n<meta property=\"og:image\" content=\"https:\/\/www.tktx-shop.nl\/wp-content\/uploads\/2023\/04\/2.png\" \/>\n\t<meta property=\"og:image:width\" content=\"583\" \/>\n\t<meta property=\"og:image:height\" content=\"618\" \/>\n\t<meta property=\"og:image:type\" content=\"image\/png\" \/>\n<meta name=\"twitter:card\" content=\"summary_large_image\" \/>\n<meta name=\"twitter:label1\" content=\"Gesch\u00e4tzte Lesezeit\" \/>\n\t<meta name=\"twitter:data1\" content=\"3\u00a0Minuten\" \/>\n<script type=\"application\/ld+json\" class=\"yoast-schema-graph\">{\"@context\":\"https:\\\/\\\/schema.org\",\"@graph\":[{\"@type\":\"WebPage\",\"@id\":\"https:\\\/\\\/www.tktx-shop.nl\\\/?product=2-x-dermacain-50g\",\"url\":\"https:\\\/\\\/www.tktx-shop.nl\\\/?product=2-x-dermacain-50g\",\"name\":\"2 x Dermacain 50g - Dermacain\",\"isPartOf\":{\"@id\":\"https:\\\/\\\/www.tktx-shop.nl\\\/#website\"},\"primaryImageOfPage\":{\"@id\":\"https:\\\/\\\/www.tktx-shop.nl\\\/?product=2-x-dermacain-50g#primaryimage\"},\"image\":{\"@id\":\"https:\\\/\\\/www.tktx-shop.nl\\\/?product=2-x-dermacain-50g#primaryimage\"},\"thumbnailUrl\":\"https:\\\/\\\/www.tktx-shop.nl\\\/wp-content\\\/uploads\\\/2023\\\/04\\\/2.png\",\"datePublished\":\"2025-03-19T07:16:07+00:00\",\"dateModified\":\"2025-07-09T14:18:18+00:00\",\"description\":\"Suchen Sie eine Tattoo Creme zur Bet\u00e4ubung, die Schmerzen effektiv blockiert? Dermacain 50g mit 15,6 % Lidocain sorgt f\u00fcr eine schmerzfreie Tattoo-Erfahrung und h\u00f6chste Pr\u00e4zision f\u00fcr T\u00e4towierer! Jetzt bestellen \u2013 Lieferung \u00fcbermorgen!\",\"breadcrumb\":{\"@id\":\"https:\\\/\\\/www.tktx-shop.nl\\\/?product=2-x-dermacain-50g#breadcrumb\"},\"inLanguage\":\"de\",\"potentialAction\":[{\"@type\":\"ReadAction\",\"target\":[\"https:\\\/\\\/www.tktx-shop.nl\\\/?product=2-x-dermacain-50g\"]}]},{\"@type\":\"ImageObject\",\"inLanguage\":\"de\",\"@id\":\"https:\\\/\\\/www.tktx-shop.nl\\\/?product=2-x-dermacain-50g#primaryimage\",\"url\":\"https:\\\/\\\/www.tktx-shop.nl\\\/wp-content\\\/uploads\\\/2023\\\/04\\\/2.png\",\"contentUrl\":\"https:\\\/\\\/www.tktx-shop.nl\\\/wp-content\\\/uploads\\\/2023\\\/04\\\/2.png\",\"width\":583,\"height\":618,\"caption\":\"Dermacain Bet\u00e4ubende Tattoo-Creme TKTX\"},{\"@type\":\"BreadcrumbList\",\"@id\":\"https:\\\/\\\/www.tktx-shop.nl\\\/?product=2-x-dermacain-50g#breadcrumb\",\"itemListElement\":[{\"@type\":\"ListItem\",\"position\":1,\"name\":\"Home\",\"item\":\"https:\\\/\\\/www.tktx-shop.nl\\\/\"},{\"@type\":\"ListItem\",\"position\":2,\"name\":\"2 x Dermacain 50g\"}]},{\"@type\":\"WebSite\",\"@id\":\"https:\\\/\\\/www.tktx-shop.nl\\\/#website\",\"url\":\"https:\\\/\\\/www.tktx-shop.nl\\\/\",\"name\":\"Dermacain\",\"description\":\"Wir machen Ihre Tattoos angenehmer\",\"potentialAction\":[{\"@type\":\"SearchAction\",\"target\":{\"@type\":\"EntryPoint\",\"urlTemplate\":\"https:\\\/\\\/www.tktx-shop.nl\\\/?s={search_term_string}\"},\"query-input\":{\"@type\":\"PropertyValueSpecification\",\"valueRequired\":true,\"valueName\":\"search_term_string\"}}],\"inLanguage\":\"de\"}]}<\/script>\n<!-- \/ Yoast SEO plugin. -->","yoast_head_json":{"title":"2 x Dermacain 50g - Dermacain","description":"Suchen Sie eine Tattoo Creme zur Bet\u00e4ubung, die Schmerzen effektiv blockiert? Dermacain 50g mit 15,6 % Lidocain sorgt f\u00fcr eine schmerzfreie Tattoo-Erfahrung und h\u00f6chste Pr\u00e4zision f\u00fcr T\u00e4towierer! Jetzt bestellen \u2013 Lieferung \u00fcbermorgen!","robots":{"index":"index","follow":"follow","max-snippet":"max-snippet:-1","max-image-preview":"max-image-preview:large","max-video-preview":"max-video-preview:-1"},"canonical":"https:\/\/www.tktx-shop.nl\/?product=2-x-dermacain-50g","og_locale":"de_DE","og_type":"article","og_title":"2 x Dermacain 50g - Dermacain","og_description":"Suchen Sie eine Tattoo Creme zur Bet\u00e4ubung, die Schmerzen effektiv blockiert? Dermacain 50g mit 15,6 % Lidocain sorgt f\u00fcr eine schmerzfreie Tattoo-Erfahrung und h\u00f6chste Pr\u00e4zision f\u00fcr T\u00e4towierer! Jetzt bestellen \u2013 Lieferung \u00fcbermorgen!","og_url":"https:\/\/www.tktx-shop.nl\/?product=2-x-dermacain-50g","og_site_name":"Dermacain","article_modified_time":"2025-07-09T14:18:18+00:00","og_image":[{"width":583,"height":618,"url":"https:\/\/www.tktx-shop.nl\/wp-content\/uploads\/2023\/04\/2.png","type":"image\/png"}],"twitter_card":"summary_large_image","twitter_misc":{"Gesch\u00e4tzte Lesezeit":"3\u00a0Minuten"},"schema":{"@context":"https:\/\/schema.org","@graph":[{"@type":"WebPage","@id":"https:\/\/www.tktx-shop.nl\/?product=2-x-dermacain-50g","url":"https:\/\/www.tktx-shop.nl\/?product=2-x-dermacain-50g","name":"2 x Dermacain 50g - Dermacain","isPartOf":{"@id":"https:\/\/www.tktx-shop.nl\/#website"},"primaryImageOfPage":{"@id":"https:\/\/www.tktx-shop.nl\/?product=2-x-dermacain-50g#primaryimage"},"image":{"@id":"https:\/\/www.tktx-shop.nl\/?product=2-x-dermacain-50g#primaryimage"},"thumbnailUrl":"https:\/\/www.tktx-shop.nl\/wp-content\/uploads\/2023\/04\/2.png","datePublished":"2025-03-19T07:16:07+00:00","dateModified":"2025-07-09T14:18:18+00:00","description":"Suchen Sie eine Tattoo Creme zur Bet\u00e4ubung, die Schmerzen effektiv blockiert? Dermacain 50g mit 15,6 % Lidocain sorgt f\u00fcr eine schmerzfreie Tattoo-Erfahrung und h\u00f6chste Pr\u00e4zision f\u00fcr T\u00e4towierer! Jetzt bestellen \u2013 Lieferung \u00fcbermorgen!","breadcrumb":{"@id":"https:\/\/www.tktx-shop.nl\/?product=2-x-dermacain-50g#breadcrumb"},"inLanguage":"de","potentialAction":[{"@type":"ReadAction","target":["https:\/\/www.tktx-shop.nl\/?product=2-x-dermacain-50g"]}]},{"@type":"ImageObject","inLanguage":"de","@id":"https:\/\/www.tktx-shop.nl\/?product=2-x-dermacain-50g#primaryimage","url":"https:\/\/www.tktx-shop.nl\/wp-content\/uploads\/2023\/04\/2.png","contentUrl":"https:\/\/www.tktx-shop.nl\/wp-content\/uploads\/2023\/04\/2.png","width":583,"height":618,"caption":"Dermacain Bet\u00e4ubende Tattoo-Creme TKTX"},{"@type":"BreadcrumbList","@id":"https:\/\/www.tktx-shop.nl\/?product=2-x-dermacain-50g#breadcrumb","itemListElement":[{"@type":"ListItem","position":1,"name":"Home","item":"https:\/\/www.tktx-shop.nl\/"},{"@type":"ListItem","position":2,"name":"2 x Dermacain 50g"}]},{"@type":"WebSite","@id":"https:\/\/www.tktx-shop.nl\/#website","url":"https:\/\/www.tktx-shop.nl\/","name":"Dermacain","description":"Wir machen Ihre Tattoos angenehmer","potentialAction":[{"@type":"SearchAction","target":{"@type":"EntryPoint","urlTemplate":"https:\/\/www.tktx-shop.nl\/?s={search_term_string}"},"query-input":{"@type":"PropertyValueSpecification","valueRequired":true,"valueName":"search_term_string"}}],"inLanguage":"de"}]}},"jetpack_sharing_enabled":true,"_links":{"self":[{"href":"https:\/\/www.tktx-shop.nl\/index.php?rest_route=\/wp\/v2\/product\/455","targetHints":{"allow":["GET"]}}],"collection":[{"href":"https:\/\/www.tktx-shop.nl\/index.php?rest_route=\/wp\/v2\/product"}],"about":[{"href":"https:\/\/www.tktx-shop.nl\/index.php?rest_route=\/wp\/v2\/types\/product"}],"replies":[{"embeddable":true,"href":"https:\/\/www.tktx-shop.nl\/index.php?rest_route=%2Fwp%2Fv2%2Fcomments&post=455"}],"wp:featuredmedia":[{"embeddable":true,"href":"https:\/\/www.tktx-shop.nl\/index.php?rest_route=\/wp\/v2\/media\/42"}],"wp:attachment":[{"href":"https:\/\/www.tktx-shop.nl\/index.php?rest_route=%2Fwp%2Fv2%2Fmedia&parent=455"}],"wp:term":[{"taxonomy":"product_brand","embeddable":true,"href":"https:\/\/www.tktx-shop.nl\/index.php?rest_route=%2Fwp%2Fv2%2Fproduct_brand&post=455"},{"taxonomy":"product_cat","embeddable":true,"href":"https:\/\/www.tktx-shop.nl\/index.php?rest_route=%2Fwp%2Fv2%2Fproduct_cat&post=455"},{"taxonomy":"product_tag","embeddable":true,"href":"https:\/\/www.tktx-shop.nl\/index.php?rest_route=%2Fwp%2Fv2%2Fproduct_tag&post=455"}],"curies":[{"name":"wp","href":"https:\/\/api.w.org\/{rel}","templated":true}]}}