{"id":454,"date":"2025-03-19T08:12:11","date_gmt":"2025-03-19T07:12:11","guid":{"rendered":"https:\/\/www.dermacain.de\/?post_type=product&#038;p=454"},"modified":"2025-07-09T16:19:26","modified_gmt":"2025-07-09T14:19:26","slug":"dermacain-50g-2","status":"publish","type":"product","link":"https:\/\/www.tktx-shop.nl\/?product=dermacain-50g-2","title":{"rendered":"Dermacain 50G"},"content":{"rendered":"<article class=\"w-full text-token-text-primary focus-visible:outline-2 focus-visible:outline-offset-[-4px]\" dir=\"auto\" data-testid=\"conversation-turn-259\" data-scroll-anchor=\"true\">\n<div class=\"m-auto text-base py-[18px] px-6\">\n<div class=\"mx-auto flex flex-1 text-base gap-4 md:gap-5 lg:gap-6 md:max-w-3xl lg:max-w-[40rem] xl:max-w-[48rem]\">\n<div class=\"group\/conversation-turn relative flex w-full min-w-0 flex-col agent-turn @xs\/thread:px-0 @sm\/thread:px-1.5 @md\/thread:px-4\">\n<div class=\"flex-col gap-1 md:gap-3\">\n<div class=\"flex max-w-full flex-col flex-grow\">\n<div class=\"min-h-8 text-message relative flex w-full flex-col items-end gap-2 whitespace-normal break-words text-start [.text-message+&amp;]:mt-5\" dir=\"auto\" data-message-author-role=\"assistant\" data-message-id=\"54e2ac9e-6e0a-4d29-8165-8957df418bdb\" data-message-model-slug=\"gpt-4o\">\n<div class=\"flex w-full flex-col gap-1 empty:hidden first:pt-[3px]\">\n<div class=\"markdown prose w-full break-words dark:prose-invert light\">\n<h2 data-start=\"1628\" data-end=\"1701\"><strong data-start=\"1631\" data-end=\"1699\">\ud83d\udca1 WARUM IST DERMACAIN 50G DIE BESTE BET\u00c4UBUNGSCREME F\u00dcR TATTOO?<\/strong><\/h2>\n<p data-start=\"1703\" data-end=\"2112\">\u2714 <strong data-start=\"1705\" data-end=\"1738\">ST\u00c4RKSTE FORMEL AUF DEM MARKT<\/strong> \u2013 15,6 % Lidocain f\u00fcr maximale Bet\u00e4ubung.<br data-start=\"1780\" data-end=\"1783\" \/>\u2714 <strong data-start=\"1785\" data-end=\"1814\">SCHMERZFREIES T\u00c4TOWIEREN!<\/strong> T\u00e4towieren Sie entspannt &amp; ohne Schmerzen!<br data-start=\"1857\" data-end=\"1860\" \/>\u2714 <strong data-start=\"1862\" data-end=\"1900\">PERFEKT F\u00dcR LANGE TATTOO-SESSIONS!<\/strong> Keine Unterbrechungen durch Schmerzen.<br data-start=\"1939\" data-end=\"1942\" \/>\u2714 <strong data-start=\"1944\" data-end=\"1980\">IDEAL F\u00dcR EMPFINDLICHE BEREICHE!<\/strong> Perfekt f\u00fcr Rippen, H\u00e4nde, Knie &amp; R\u00fccken.<br data-start=\"2022\" data-end=\"2025\" \/>\u2714 <strong data-start=\"2027\" data-end=\"2054\">ZUFRIEDENHEITSGARANTIE!<\/strong> Falls Sie nicht \u00fcberzeugt sind, gibt\u2019s Ihr Geld zur\u00fcck!<\/p>\n<p data-start=\"2114\" data-end=\"2179\">\ud83d\udd25 <strong data-start=\"2117\" data-end=\"2177\">JETZT BESTELLEN UND EIN TATTOO OHNE SCHMERZEN GENIESSEN!<\/strong><\/p>\n<hr data-start=\"2181\" data-end=\"2184\" \/>\n<h2 data-start=\"2186\" data-end=\"2266\"><strong data-start=\"2189\" data-end=\"2264\">\ud83d\udee0 ANWENDUNG: SO WIRD DIE BET\u00c4UBUNGSCREME F\u00dcR TATTOO RICHTIG VERWENDET!<\/strong><\/h2>\n<p data-start=\"2268\" data-end=\"2324\"><strong data-start=\"2268\" data-end=\"2322\">Folgen Sie diesen Schritten f\u00fcr die beste Wirkung:<\/strong><\/p>\n<p><iframe loading=\"lazy\" title=\"Dermacain an\u00e4sthetische Tattoo-Creme\" width=\"760\" height=\"428\" src=\"https:\/\/www.youtube.com\/embed\/7E2okTJIj6w?feature=oembed\" frameborder=\"0\" allow=\"accelerometer; autoplay; clipboard-write; encrypted-media; gyroscope; picture-in-picture; web-share\" referrerpolicy=\"strict-origin-when-cross-origin\" allowfullscreen><\/iframe><\/p>\n<p data-start=\"2326\" data-end=\"2648\">1\ufe0f\u20e3 <strong data-start=\"2330\" data-end=\"2396\">Haut mit antibakterieller Seife gr\u00fcndlich reinigen &amp; trocknen.<\/strong><br data-start=\"2396\" data-end=\"2399\" \/>2\ufe0f\u20e3 <strong data-start=\"2403\" data-end=\"2460\">Eine dicke Schicht Dermacain 50g gro\u00dfz\u00fcgig auftragen.<\/strong><br data-start=\"2460\" data-end=\"2463\" \/>3\ufe0f\u20e3 <strong data-start=\"2467\" data-end=\"2542\">Mit Frischhaltefolie abdecken \u2013 mindestens 30 Minuten einwirken lassen.<\/strong><br data-start=\"2542\" data-end=\"2545\" \/>4\ufe0f\u20e3 <strong data-start=\"2549\" data-end=\"2646\">Creme mit einem feuchten Tuch entfernen \u2013 jetzt sind Sie bereit f\u00fcr ein schmerzfreies Tattoo!<\/strong><\/p>\n<p data-start=\"2650\" data-end=\"2776\">\ud83d\udca1 <strong data-start=\"2653\" data-end=\"2662\">Tipp:<\/strong> Bei langen Tattoo-Sitzungen k\u00f6nnen Sie eine zweite Schicht auftragen, bevor der n\u00e4chste Bereich t\u00e4towiert wird.<\/p>\n<hr data-start=\"2778\" data-end=\"2781\" \/>\n<h2 data-start=\"2783\" data-end=\"2837\"><strong data-start=\"2786\" data-end=\"2835\">\ud83d\udd0e KUNDENMEINUNGEN \u2013 DAS SAGEN UNSERE KUNDEN!<\/strong><\/h2>\n<p data-start=\"2839\" data-end=\"2975\">\ud83d\udcac <strong data-start=\"2842\" data-end=\"2861\">David, 32 Jahre<\/strong><br data-start=\"2861\" data-end=\"2864\" \/><em data-start=\"2864\" data-end=\"2973\">&#8222;Ich hatte Panik vor dem Schmerz \u2013 aber mit Dermacain 50g habe ich NICHTS gesp\u00fcrt! Ein echtes Gamechanger!&#8220;<\/em><\/p>\n<p data-start=\"2977\" data-end=\"3142\">\ud83d\udcac <strong data-start=\"2980\" data-end=\"2998\">Lisa, 28 Jahre<\/strong><br data-start=\"2998\" data-end=\"3001\" \/><em data-start=\"3001\" data-end=\"3140\">&#8222;Mein Tattoo-Artist empfahl mir diese Bet\u00e4ubungscreme f\u00fcr Tattoo \u2013 und sie hat Wunder gewirkt! Meine Rippen-T\u00e4towierung war schmerzfrei!&#8220;<\/em><\/p>\n<p data-start=\"3144\" data-end=\"3274\">\ud83d\udcac <strong data-start=\"3147\" data-end=\"3168\">Marco, T\u00e4towierer<\/strong><br data-start=\"3168\" data-end=\"3171\" \/><em data-start=\"3171\" data-end=\"3272\">&#8222;Ich empfehle Dermacain 50g jedem Kunden f\u00fcr l\u00e4ngere Sitzungen \u2013 es hilft enorm bei der Pr\u00e4zision!&#8220;<\/em><\/p>\n<hr data-start=\"3276\" data-end=\"3279\" \/>\n<h2 data-start=\"3281\" data-end=\"3352\"><strong data-start=\"3284\" data-end=\"3350\">\ud83d\uded2 BESTELLEN SIE JETZT &amp; ERLEBEN SIE EIN SCHMERZFREIES TATTOO!<\/strong><\/h2>\n<p data-start=\"3354\" data-end=\"3626\">\u2705 <strong data-start=\"3356\" data-end=\"3419\">100 % Originalprodukt \u2013 garantiert keine billige Nachmache!<\/strong><br data-start=\"3419\" data-end=\"3422\" \/>\ud83d\ude80 <strong data-start=\"3425\" data-end=\"3475\">Heute versandt \u2013 Lieferung bereits \u00fcbermorgen!<\/strong><br data-start=\"3475\" data-end=\"3478\" \/>\ud83d\udce6 <strong data-start=\"3481\" data-end=\"3550\">Kostenloser Versand ab 3 St\u00fcck \u2013 das beste Angebot auf dem Markt!<\/strong><br data-start=\"3550\" data-end=\"3553\" \/>\ud83d\udcde <strong data-start=\"3556\" data-end=\"3624\">Expertenberatung \u2013 wir helfen Ihnen bei der richtigen Anwendung!<\/strong><\/p>\n<p data-start=\"3730\" data-end=\"3818\">\ud83d\udd25 <strong data-start=\"3733\" data-end=\"3813\">KLICKEN SIE AUF &#8222;JETZT BESTELLEN&#8220; UND ERLEBEN SIE EIN TATTOO OHNE SCHMERZEN!<\/strong> \ud83d\udd25<\/p>\n<p data-start=\"3730\" data-end=\"3818\"><a href=\"https:\/\/www.tktx-shop.nl\/?add-to-cart=454\"><img loading=\"lazy\" decoding=\"async\" class=\"aligncenter wp-image-42 size-medium\" src=\"https:\/\/www.tktx-shop.nl\/wp-content\/uploads\/2023\/04\/2-283x300.png\" alt=\"Dermacain Bet\u00e4ubende Tattoo-Creme TKTX\" width=\"283\" height=\"300\" srcset=\"https:\/\/www.tktx-shop.nl\/wp-content\/uploads\/2023\/04\/2-283x300.png 283w, https:\/\/www.tktx-shop.nl\/wp-content\/uploads\/2023\/04\/2-300x318.png 300w, https:\/\/www.tktx-shop.nl\/wp-content\/uploads\/2023\/04\/2.png 583w\" sizes=\"auto, (max-width: 283px) 100vw, 283px\" \/><\/a><\/p>\n<p data-start=\"3730\" data-end=\"3818\"><a href=\"https:\/\/www.tktx-shop.nl\/?add-to-cart=454\"><img loading=\"lazy\" decoding=\"async\" class=\"aligncenter wp-image-784\" src=\"https:\/\/www.tktx-shop.nl\/wp-content\/uploads\/2025\/06\/32-300x141.png\" alt=\"bet\u00e4ubungscreme f\u00fcr tattoo\" width=\"150\" height=\"70\" srcset=\"https:\/\/www.tktx-shop.nl\/wp-content\/uploads\/2025\/06\/32-300x141.png 300w, https:\/\/www.tktx-shop.nl\/wp-content\/uploads\/2025\/06\/32.png 512w\" sizes=\"auto, (max-width: 150px) 100vw, 150px\" \/><\/a><\/p>\n<h4 style=\"text-align: center;\" data-start=\"3820\" data-end=\"3960\">\ud83d\udcb0 <strong data-start=\"3823\" data-end=\"3850\">ZUFRIEDENHEITSGARANTIE!<\/strong><br data-start=\"3850\" data-end=\"3853\" \/>Falls Sie nicht zufrieden sind, senden Sie das Produkt einfach zur\u00fcck \u2013 <strong data-start=\"3925\" data-end=\"3958\">wir erstatten Ihnen Ihr Geld!<\/strong><\/h4>\n<hr data-start=\"3962\" data-end=\"3965\" \/>\n<h2 data-start=\"3967\" data-end=\"4000\"><strong data-start=\"3970\" data-end=\"3998\">\ud83d\udcde KONTAKTIEREN SIE UNS!<\/strong><\/h2>\n<p data-start=\"4002\" data-end=\"4102\">Haben Sie Fragen oder m\u00f6chten direkt bestellen? <strong data-start=\"4050\" data-end=\"4100\">Schreiben Sie uns per SMS an +421 902 877 942!<\/strong><\/p>\n<p data-start=\"4104\" data-end=\"4169\" data-is-last-node=\"\" data-is-only-node=\"\">\ud83c\udfaf <strong data-start=\"4107\" data-end=\"4164\">Dermacain 30g \u2013 Die Nr. 1 f\u00fcr Tattoo Creme Bet\u00e4ubung!<\/strong> \ud83c\udfaf<\/p>\n<\/div>\n<\/div>\n<\/div>\n<\/div>\n<\/div>\n<\/div>\n<\/div>\n<\/div>\n<\/article>\n","protected":false},"excerpt":{"rendered":"<h2 data-start=\"748\" data-end=\"803\"><strong data-start=\"751\" data-end=\"801\">\ud83d\udd25 KEIN SCHMERZ, KEIN PROBLEM \u2013 DERMACAIN 50G!<\/strong><\/h2>\n<p data-start=\"805\" data-end=\"880\">Tattoos sind Kunstwerke f\u00fcrs Leben \u2013 aber der Schmerz muss es nicht sein!<\/p>\n<p data-start=\"882\" data-end=\"1178\">Mit <strong data-start=\"886\" data-end=\"903\">Dermacain 50g<\/strong>, der leistungsst\u00e4rksten <strong data-start=\"928\" data-end=\"958\">Bet\u00e4ubungscreme f\u00fcr Tattoo<\/strong>, erleben Sie das T\u00e4towieren ganz ohne Schmerzen. Dank <strong data-start=\"1013\" data-end=\"1032\">15,6 % Lidocain<\/strong> wird die Haut f\u00fcr <strong data-start=\"1051\" data-end=\"1091\">bis zu 3 Stunden vollst\u00e4ndig bet\u00e4ubt<\/strong>, sodass Sie sich entspannen und das Tattoo-Erlebnis in vollen Z\u00fcgen genie\u00dfen k\u00f6nnen.<\/p>\n<p data-start=\"1180\" data-end=\"1572\">\u2705 <strong data-start=\"1182\" data-end=\"1231\">Bis zu 3 Stunden vollst\u00e4ndige Schmerzblockade<\/strong> \u2013 perfekt f\u00fcr gro\u00dfe Tattoos!<br data-start=\"1260\" data-end=\"1263\" \/>\u2705 <strong data-start=\"1265\" data-end=\"1292\">Wirkt in nur 30 Minuten<\/strong> \u2013 auftragen, einwirken lassen &amp; schmerzfrei t\u00e4towieren!<br data-start=\"1348\" data-end=\"1351\" \/>\u2705 <strong data-start=\"1353\" data-end=\"1391\">Reduziert Schwellungen &amp; Blutungen<\/strong> \u2013 f\u00fcr klarere Linien &amp; bessere Farbaufnahme!<br data-start=\"1436\" data-end=\"1439\" \/>\u2705 <strong data-start=\"1441\" data-end=\"1472\">Empfohlen von Tattoo-Profis<\/strong> \u2013 f\u00fcr ein ruhiges &amp; pr\u00e4zises Arbeiten!<br data-start=\"1511\" data-end=\"1514\" \/>\u2705 <strong data-start=\"1516\" data-end=\"1570\">50g Packung \u2013 reicht f\u00fcr mehrere Tattoo-Sitzungen!<\/strong><\/p>\n<p data-start=\"1574\" data-end=\"1621\">\ud83d\ude80 <strong data-start=\"1577\" data-end=\"1619\">Heute bestellt \u2013 \u00fcbermorgen geliefert!<\/strong><\/p>\n","protected":false},"featured_media":42,"comment_status":"closed","ping_status":"closed","template":"","meta":{"_monsterinsights_skip_tracking":false,"_monsterinsights_sitenote_active":false,"_monsterinsights_sitenote_note":"","_monsterinsights_sitenote_category":0},"product_brand":[],"product_cat":[29],"product_tag":[],"class_list":{"0":"post-454","1":"product","2":"type-product","3":"status-publish","4":"has-post-thumbnail","6":"product_cat-dermacain-50g","8":"first","9":"instock","10":"taxable","11":"shipping-taxable","12":"purchasable","13":"product-type-simple"},"yoast_head":"<!-- This site is optimized with the Yoast SEO plugin v27.3 - https:\/\/yoast.com\/product\/yoast-seo-wordpress\/ -->\n<title>Dermacain 50G - Dermacain<\/title>\n<meta name=\"description\" content=\"Suchen Sie eine Bet\u00e4ubungscreme f\u00fcr Tattoo, die den Schmerz effektiv blockiert? Dermacain 50g mit 15,6 % Lidocain sorgt f\u00fcr eine schmerzfreie Tattoo-Erfahrung und h\u00f6chste Pr\u00e4zision f\u00fcr T\u00e4towierer! Jetzt bestellen \u2013 Lieferung \u00fcbermorgen!\" \/>\n<meta name=\"robots\" content=\"index, follow, max-snippet:-1, max-image-preview:large, max-video-preview:-1\" \/>\n<link rel=\"canonical\" href=\"https:\/\/www.tktx-shop.nl\/?product=dermacain-50g-2\" \/>\n<meta property=\"og:locale\" content=\"de_DE\" \/>\n<meta property=\"og:type\" content=\"article\" \/>\n<meta property=\"og:title\" content=\"Dermacain 50G - Dermacain\" \/>\n<meta property=\"og:description\" content=\"Suchen Sie eine Bet\u00e4ubungscreme f\u00fcr Tattoo, die den Schmerz effektiv blockiert? Dermacain 50g mit 15,6 % Lidocain sorgt f\u00fcr eine schmerzfreie Tattoo-Erfahrung und h\u00f6chste Pr\u00e4zision f\u00fcr T\u00e4towierer! Jetzt bestellen \u2013 Lieferung \u00fcbermorgen!\" \/>\n<meta property=\"og:url\" content=\"https:\/\/www.tktx-shop.nl\/?product=dermacain-50g-2\" \/>\n<meta property=\"og:site_name\" content=\"Dermacain\" \/>\n<meta property=\"article:modified_time\" content=\"2025-07-09T14:19:26+00:00\" \/>\n<meta property=\"og:image\" content=\"https:\/\/www.tktx-shop.nl\/wp-content\/uploads\/2023\/04\/2.png\" \/>\n\t<meta property=\"og:image:width\" content=\"583\" \/>\n\t<meta property=\"og:image:height\" content=\"618\" \/>\n\t<meta property=\"og:image:type\" content=\"image\/png\" \/>\n<meta name=\"twitter:card\" content=\"summary_large_image\" \/>\n<meta name=\"twitter:label1\" content=\"Gesch\u00e4tzte Lesezeit\" \/>\n\t<meta name=\"twitter:data1\" content=\"3\u00a0Minuten\" \/>\n<script type=\"application\/ld+json\" class=\"yoast-schema-graph\">{\"@context\":\"https:\\\/\\\/schema.org\",\"@graph\":[{\"@type\":\"WebPage\",\"@id\":\"https:\\\/\\\/www.tktx-shop.nl\\\/?product=dermacain-50g-2\",\"url\":\"https:\\\/\\\/www.tktx-shop.nl\\\/?product=dermacain-50g-2\",\"name\":\"Dermacain 50G - Dermacain\",\"isPartOf\":{\"@id\":\"https:\\\/\\\/www.tktx-shop.nl\\\/#website\"},\"primaryImageOfPage\":{\"@id\":\"https:\\\/\\\/www.tktx-shop.nl\\\/?product=dermacain-50g-2#primaryimage\"},\"image\":{\"@id\":\"https:\\\/\\\/www.tktx-shop.nl\\\/?product=dermacain-50g-2#primaryimage\"},\"thumbnailUrl\":\"https:\\\/\\\/www.tktx-shop.nl\\\/wp-content\\\/uploads\\\/2023\\\/04\\\/2.png\",\"datePublished\":\"2025-03-19T07:12:11+00:00\",\"dateModified\":\"2025-07-09T14:19:26+00:00\",\"description\":\"Suchen Sie eine Bet\u00e4ubungscreme f\u00fcr Tattoo, die den Schmerz effektiv blockiert? Dermacain 50g mit 15,6 % Lidocain sorgt f\u00fcr eine schmerzfreie Tattoo-Erfahrung und h\u00f6chste Pr\u00e4zision f\u00fcr T\u00e4towierer! Jetzt bestellen \u2013 Lieferung \u00fcbermorgen!\",\"breadcrumb\":{\"@id\":\"https:\\\/\\\/www.tktx-shop.nl\\\/?product=dermacain-50g-2#breadcrumb\"},\"inLanguage\":\"de\",\"potentialAction\":[{\"@type\":\"ReadAction\",\"target\":[\"https:\\\/\\\/www.tktx-shop.nl\\\/?product=dermacain-50g-2\"]}]},{\"@type\":\"ImageObject\",\"inLanguage\":\"de\",\"@id\":\"https:\\\/\\\/www.tktx-shop.nl\\\/?product=dermacain-50g-2#primaryimage\",\"url\":\"https:\\\/\\\/www.tktx-shop.nl\\\/wp-content\\\/uploads\\\/2023\\\/04\\\/2.png\",\"contentUrl\":\"https:\\\/\\\/www.tktx-shop.nl\\\/wp-content\\\/uploads\\\/2023\\\/04\\\/2.png\",\"width\":583,\"height\":618,\"caption\":\"Dermacain Bet\u00e4ubende Tattoo-Creme TKTX\"},{\"@type\":\"BreadcrumbList\",\"@id\":\"https:\\\/\\\/www.tktx-shop.nl\\\/?product=dermacain-50g-2#breadcrumb\",\"itemListElement\":[{\"@type\":\"ListItem\",\"position\":1,\"name\":\"Home\",\"item\":\"https:\\\/\\\/www.tktx-shop.nl\\\/\"},{\"@type\":\"ListItem\",\"position\":2,\"name\":\"Dermacain 50G\"}]},{\"@type\":\"WebSite\",\"@id\":\"https:\\\/\\\/www.tktx-shop.nl\\\/#website\",\"url\":\"https:\\\/\\\/www.tktx-shop.nl\\\/\",\"name\":\"Dermacain\",\"description\":\"Wir machen Ihre Tattoos angenehmer\",\"potentialAction\":[{\"@type\":\"SearchAction\",\"target\":{\"@type\":\"EntryPoint\",\"urlTemplate\":\"https:\\\/\\\/www.tktx-shop.nl\\\/?s={search_term_string}\"},\"query-input\":{\"@type\":\"PropertyValueSpecification\",\"valueRequired\":true,\"valueName\":\"search_term_string\"}}],\"inLanguage\":\"de\"}]}<\/script>\n<!-- \/ Yoast SEO plugin. -->","yoast_head_json":{"title":"Dermacain 50G - Dermacain","description":"Suchen Sie eine Bet\u00e4ubungscreme f\u00fcr Tattoo, die den Schmerz effektiv blockiert? Dermacain 50g mit 15,6 % Lidocain sorgt f\u00fcr eine schmerzfreie Tattoo-Erfahrung und h\u00f6chste Pr\u00e4zision f\u00fcr T\u00e4towierer! Jetzt bestellen \u2013 Lieferung \u00fcbermorgen!","robots":{"index":"index","follow":"follow","max-snippet":"max-snippet:-1","max-image-preview":"max-image-preview:large","max-video-preview":"max-video-preview:-1"},"canonical":"https:\/\/www.tktx-shop.nl\/?product=dermacain-50g-2","og_locale":"de_DE","og_type":"article","og_title":"Dermacain 50G - Dermacain","og_description":"Suchen Sie eine Bet\u00e4ubungscreme f\u00fcr Tattoo, die den Schmerz effektiv blockiert? Dermacain 50g mit 15,6 % Lidocain sorgt f\u00fcr eine schmerzfreie Tattoo-Erfahrung und h\u00f6chste Pr\u00e4zision f\u00fcr T\u00e4towierer! Jetzt bestellen \u2013 Lieferung \u00fcbermorgen!","og_url":"https:\/\/www.tktx-shop.nl\/?product=dermacain-50g-2","og_site_name":"Dermacain","article_modified_time":"2025-07-09T14:19:26+00:00","og_image":[{"width":583,"height":618,"url":"https:\/\/www.tktx-shop.nl\/wp-content\/uploads\/2023\/04\/2.png","type":"image\/png"}],"twitter_card":"summary_large_image","twitter_misc":{"Gesch\u00e4tzte Lesezeit":"3\u00a0Minuten"},"schema":{"@context":"https:\/\/schema.org","@graph":[{"@type":"WebPage","@id":"https:\/\/www.tktx-shop.nl\/?product=dermacain-50g-2","url":"https:\/\/www.tktx-shop.nl\/?product=dermacain-50g-2","name":"Dermacain 50G - Dermacain","isPartOf":{"@id":"https:\/\/www.tktx-shop.nl\/#website"},"primaryImageOfPage":{"@id":"https:\/\/www.tktx-shop.nl\/?product=dermacain-50g-2#primaryimage"},"image":{"@id":"https:\/\/www.tktx-shop.nl\/?product=dermacain-50g-2#primaryimage"},"thumbnailUrl":"https:\/\/www.tktx-shop.nl\/wp-content\/uploads\/2023\/04\/2.png","datePublished":"2025-03-19T07:12:11+00:00","dateModified":"2025-07-09T14:19:26+00:00","description":"Suchen Sie eine Bet\u00e4ubungscreme f\u00fcr Tattoo, die den Schmerz effektiv blockiert? Dermacain 50g mit 15,6 % Lidocain sorgt f\u00fcr eine schmerzfreie Tattoo-Erfahrung und h\u00f6chste Pr\u00e4zision f\u00fcr T\u00e4towierer! Jetzt bestellen \u2013 Lieferung \u00fcbermorgen!","breadcrumb":{"@id":"https:\/\/www.tktx-shop.nl\/?product=dermacain-50g-2#breadcrumb"},"inLanguage":"de","potentialAction":[{"@type":"ReadAction","target":["https:\/\/www.tktx-shop.nl\/?product=dermacain-50g-2"]}]},{"@type":"ImageObject","inLanguage":"de","@id":"https:\/\/www.tktx-shop.nl\/?product=dermacain-50g-2#primaryimage","url":"https:\/\/www.tktx-shop.nl\/wp-content\/uploads\/2023\/04\/2.png","contentUrl":"https:\/\/www.tktx-shop.nl\/wp-content\/uploads\/2023\/04\/2.png","width":583,"height":618,"caption":"Dermacain Bet\u00e4ubende Tattoo-Creme TKTX"},{"@type":"BreadcrumbList","@id":"https:\/\/www.tktx-shop.nl\/?product=dermacain-50g-2#breadcrumb","itemListElement":[{"@type":"ListItem","position":1,"name":"Home","item":"https:\/\/www.tktx-shop.nl\/"},{"@type":"ListItem","position":2,"name":"Dermacain 50G"}]},{"@type":"WebSite","@id":"https:\/\/www.tktx-shop.nl\/#website","url":"https:\/\/www.tktx-shop.nl\/","name":"Dermacain","description":"Wir machen Ihre Tattoos angenehmer","potentialAction":[{"@type":"SearchAction","target":{"@type":"EntryPoint","urlTemplate":"https:\/\/www.tktx-shop.nl\/?s={search_term_string}"},"query-input":{"@type":"PropertyValueSpecification","valueRequired":true,"valueName":"search_term_string"}}],"inLanguage":"de"}]}},"jetpack_sharing_enabled":true,"_links":{"self":[{"href":"https:\/\/www.tktx-shop.nl\/index.php?rest_route=\/wp\/v2\/product\/454","targetHints":{"allow":["GET"]}}],"collection":[{"href":"https:\/\/www.tktx-shop.nl\/index.php?rest_route=\/wp\/v2\/product"}],"about":[{"href":"https:\/\/www.tktx-shop.nl\/index.php?rest_route=\/wp\/v2\/types\/product"}],"replies":[{"embeddable":true,"href":"https:\/\/www.tktx-shop.nl\/index.php?rest_route=%2Fwp%2Fv2%2Fcomments&post=454"}],"wp:featuredmedia":[{"embeddable":true,"href":"https:\/\/www.tktx-shop.nl\/index.php?rest_route=\/wp\/v2\/media\/42"}],"wp:attachment":[{"href":"https:\/\/www.tktx-shop.nl\/index.php?rest_route=%2Fwp%2Fv2%2Fmedia&parent=454"}],"wp:term":[{"taxonomy":"product_brand","embeddable":true,"href":"https:\/\/www.tktx-shop.nl\/index.php?rest_route=%2Fwp%2Fv2%2Fproduct_brand&post=454"},{"taxonomy":"product_cat","embeddable":true,"href":"https:\/\/www.tktx-shop.nl\/index.php?rest_route=%2Fwp%2Fv2%2Fproduct_cat&post=454"},{"taxonomy":"product_tag","embeddable":true,"href":"https:\/\/www.tktx-shop.nl\/index.php?rest_route=%2Fwp%2Fv2%2Fproduct_tag&post=454"}],"curies":[{"name":"wp","href":"https:\/\/api.w.org\/{rel}","templated":true}]}}