{"id":449,"date":"2025-03-19T07:47:28","date_gmt":"2025-03-19T06:47:28","guid":{"rendered":"https:\/\/www.dermacain.de\/?post_type=product&#038;p=449"},"modified":"2025-07-09T16:38:18","modified_gmt":"2025-07-09T14:38:18","slug":"2-x-dermacain-30g","status":"publish","type":"product","link":"https:\/\/www.tktx-shop.nl\/?product=2-x-dermacain-30g","title":{"rendered":"2 x Dermacain 30g"},"content":{"rendered":"<h2 data-start=\"1540\" data-end=\"1606\"><strong data-start=\"1543\" data-end=\"1604\">\ud83d\udca1 WARUM IST DERMACAIN 30G DIE BESTE TATTOO SCHMERZCREME?<\/strong><\/h2>\n<p data-start=\"1608\" data-end=\"2077\">\u2714 <strong data-start=\"1610\" data-end=\"1643\">ST\u00c4RKSTE FORMEL AUF DEM MARKT<\/strong> \u2013 Enth\u00e4lt 15,6 % Lidocain f\u00fcr maximale Wirkung.<br data-start=\"1691\" data-end=\"1694\" \/>\u2714 <strong data-start=\"1696\" data-end=\"1721\">KEINE SCHMERZEN MEHR!<\/strong> T\u00e4towieren Sie entspannt ohne zu zucken!<br data-start=\"1762\" data-end=\"1765\" \/>\u2714 <strong data-start=\"1767\" data-end=\"1810\">F\u00dcR KUNDEN &amp; T\u00c4TOWIERER EIN GAMECHANGER<\/strong> \u2013 Kunden bleiben ruhig sitzen, T\u00e4towierer k\u00f6nnen pr\u00e4zisere Kunstwerke erschaffen!<br data-start=\"1892\" data-end=\"1895\" \/>\u2714 <strong data-start=\"1897\" data-end=\"1924\">SICHER &amp; HAUTFREUNDLICH<\/strong> \u2013 Dermatologisch getestet, ideal f\u00fcr empfindliche Haut.<br data-start=\"1980\" data-end=\"1983\" \/>\u2714 <strong data-start=\"1985\" data-end=\"2012\">ZUFRIEDENHEITSGARANTIE!<\/strong> Falls Sie nicht zufrieden sind, erstatten wir Ihr Geld zur\u00fcck!<\/p>\n<p data-start=\"2079\" data-end=\"2134\">\ud83d\udd25 <strong data-start=\"2082\" data-end=\"2132\">JETZT BESTELLEN UND OHNE SCHMERZEN T\u00c4TOWIEREN!<\/strong><\/p>\n<hr data-start=\"2136\" data-end=\"2139\" \/>\n<h2 data-start=\"2141\" data-end=\"2205\"><strong data-start=\"2144\" data-end=\"2203\">\ud83d\udee0 ANWENDUNG: SO FUNKTIONIERT IHRE TATTOO SCHMERZCREME!<\/strong><\/h2>\n<p data-start=\"2207\" data-end=\"2286\"><strong data-start=\"2207\" data-end=\"2284\">F\u00fcr eine 100 % schmerzfreie Tattoo-Erfahrung folgen Sie diesen Schritten:<\/strong><\/p>\n<p><iframe loading=\"lazy\" title=\"Dermacain an\u00e4sthetische Tattoo-Creme\" width=\"760\" height=\"428\" src=\"https:\/\/www.youtube.com\/embed\/7E2okTJIj6w?feature=oembed\" frameborder=\"0\" allow=\"accelerometer; autoplay; clipboard-write; encrypted-media; gyroscope; picture-in-picture; web-share\" referrerpolicy=\"strict-origin-when-cross-origin\" allowfullscreen><\/iframe><\/p>\n<p data-start=\"2288\" data-end=\"2600\">1\ufe0f\u20e3 <strong data-start=\"2292\" data-end=\"2358\">Haut gr\u00fcndlich mit antibakterieller Seife reinigen &amp; trocknen.<\/strong><br data-start=\"2358\" data-end=\"2361\" \/>2\ufe0f\u20e3 <strong data-start=\"2365\" data-end=\"2422\">Eine dicke Schicht Dermacain 30g gro\u00dfz\u00fcgig auftragen.<\/strong><br data-start=\"2422\" data-end=\"2425\" \/>3\ufe0f\u20e3 <strong data-start=\"2429\" data-end=\"2493\">Mit Frischhaltefolie abdecken \u2013 30 Minuten einwirken lassen.<\/strong><br data-start=\"2493\" data-end=\"2496\" \/>4\ufe0f\u20e3 <strong data-start=\"2500\" data-end=\"2598\">Creme mit feuchtem Tuch entfernen \u2013 jetzt sind Sie bereit f\u00fcr ein nahezu schmerzfreies Tattoo!<\/strong><\/p>\n<p data-start=\"2602\" data-end=\"2740\">\ud83d\udca1 <strong data-start=\"2605\" data-end=\"2614\">Tipp:<\/strong> Bei l\u00e4ngeren Tattoo-Sitzungen tragen Sie eine zweite Schicht auf die n\u00e4chsten Hautbereiche auf, bevor sie t\u00e4towiert werden.<\/p>\n<hr data-start=\"2742\" data-end=\"2745\" \/>\n<h2 data-start=\"2747\" data-end=\"2797\"><strong data-start=\"2750\" data-end=\"2795\">\ud83d\udd0e KUNDENBEWERTUNGEN \u2013 ECHTE ERFAHRUNGEN!<\/strong><\/h2>\n<p data-start=\"2799\" data-end=\"2946\">\ud83d\udcac <strong data-start=\"2802\" data-end=\"2821\">David, 29 Jahre<\/strong><br data-start=\"2821\" data-end=\"2824\" \/><em data-start=\"2824\" data-end=\"2944\">&#8222;Ich hatte riesige Angst vor meinem Tattoo, aber mit Dermacain 30g habe ich fast nichts gesp\u00fcrt! Absolute Empfehlung!&#8220;<\/em><\/p>\n<p data-start=\"2948\" data-end=\"3128\">\ud83d\udcac <strong data-start=\"2951\" data-end=\"2969\">Nina, 26 Jahre<\/strong><br data-start=\"2969\" data-end=\"2972\" \/><em data-start=\"2972\" data-end=\"3126\">&#8222;Ich habe mir ein Tattoo an den Rippen stechen lassen \u2013 normalerweise eine Horror-Zone! Aber mit dieser Tattoo Schmerzcreme war es wirklich ertr\u00e4glich!&#8220;<\/em><\/p>\n<p data-start=\"3130\" data-end=\"3271\">\ud83d\udcac <strong data-start=\"3133\" data-end=\"3155\">Markus, T\u00e4towierer<\/strong><br data-start=\"3155\" data-end=\"3158\" \/><em data-start=\"3158\" data-end=\"3269\">&#8222;Seit meine Kunden Dermacain nutzen, kann ich meine Arbeit viel pr\u00e4ziser machen. Perfekt f\u00fcr lange Sessions!&#8220;<\/em><\/p>\n<hr data-start=\"3273\" data-end=\"3276\" \/>\n<h2 data-start=\"3278\" data-end=\"3358\"><strong data-start=\"3281\" data-end=\"3356\">\ud83d\uded2 JETZT BESTELLEN &amp; SICHERN SIE SICH IHRE SCHMERZFREIE TATTOO-SESSION!<\/strong><\/h2>\n<p data-start=\"3360\" data-end=\"3606\">\u2705 <strong data-start=\"3362\" data-end=\"3407\">100 % Originalprodukt \u2013 keine Billigware!<\/strong><br data-start=\"3407\" data-end=\"3410\" \/>\ud83d\ude80 <strong data-start=\"3413\" data-end=\"3455\">Heute versandt \u2013 Lieferung \u00fcbermorgen!<\/strong><br data-start=\"3455\" data-end=\"3458\" \/>\ud83d\udce6 <strong data-start=\"3461\" data-end=\"3530\">Kostenloser Versand ab 3 St\u00fcck \u2013 das beste Angebot auf dem Markt!<\/strong><br data-start=\"3530\" data-end=\"3533\" \/>\ud83d\udcde <strong data-start=\"3536\" data-end=\"3604\">Expertenberatung \u2013 wir helfen Ihnen bei der richtigen Anwendung!<\/strong><\/p>\n<p data-start=\"3730\" data-end=\"3818\">\ud83d\udd25 <strong data-start=\"3733\" data-end=\"3813\">KLICKEN SIE AUF &#8222;JETZT BESTELLEN&#8220; UND ERLEBEN SIE EIN TATTOO OHNE SCHMERZEN!<\/strong> \ud83d\udd25<\/p>\n<p data-start=\"3730\" data-end=\"3818\"><a href=\"https:\/\/www.tktx-shop.nl\/?add-to-cart=449\"><img loading=\"lazy\" decoding=\"async\" class=\"aligncenter wp-image-43 size-medium\" src=\"https:\/\/www.tktx-shop.nl\/wp-content\/uploads\/2023\/04\/1-233x300.png\" alt=\"Dermacain Bet\u00e4ubende Tattoo-Creme TKTX\" width=\"233\" height=\"300\" srcset=\"https:\/\/www.tktx-shop.nl\/wp-content\/uploads\/2023\/04\/1-233x300.png 233w, https:\/\/www.tktx-shop.nl\/wp-content\/uploads\/2023\/04\/1-300x387.png 300w, https:\/\/www.tktx-shop.nl\/wp-content\/uploads\/2023\/04\/1.png 469w\" sizes=\"auto, (max-width: 233px) 100vw, 233px\" \/><\/a><\/p>\n<p data-start=\"3730\" data-end=\"3818\"><a href=\"https:\/\/www.tktx-shop.nl\/?add-to-cart=449\"><img loading=\"lazy\" decoding=\"async\" class=\"aligncenter wp-image-779\" src=\"https:\/\/www.tktx-shop.nl\/wp-content\/uploads\/2025\/06\/27-300x141.png\" alt=\"Dermacain Tattoo Schmerzcreme\" width=\"150\" height=\"70\" srcset=\"https:\/\/www.tktx-shop.nl\/wp-content\/uploads\/2025\/06\/27-300x141.png 300w, https:\/\/www.tktx-shop.nl\/wp-content\/uploads\/2025\/06\/27.png 512w\" sizes=\"auto, (max-width: 150px) 100vw, 150px\" \/><\/a><\/p>\n<h4 style=\"text-align: center;\" data-start=\"3820\" data-end=\"3960\">\ud83d\udcb0 <strong data-start=\"3823\" data-end=\"3850\">ZUFRIEDENHEITSGARANTIE!<\/strong><br data-start=\"3850\" data-end=\"3853\" \/>Falls Sie nicht zufrieden sind, senden Sie das Produkt einfach zur\u00fcck \u2013 <strong data-start=\"3925\" data-end=\"3958\">wir erstatten Ihnen Ihr Geld!<\/strong><\/h4>\n<hr data-start=\"3962\" data-end=\"3965\" \/>\n<h2 data-start=\"3967\" data-end=\"4000\"><strong data-start=\"3970\" data-end=\"3998\">\ud83d\udcde KONTAKTIEREN SIE UNS!<\/strong><\/h2>\n<p data-start=\"4002\" data-end=\"4102\">Haben Sie Fragen oder m\u00f6chten direkt bestellen? <strong data-start=\"4050\" data-end=\"4100\">Schreiben Sie uns per SMS an +421 902 877 942!<\/strong><\/p>\n<p data-start=\"4104\" data-end=\"4169\" data-is-last-node=\"\" data-is-only-node=\"\">\ud83c\udfaf <strong data-start=\"4107\" data-end=\"4164\">Dermacain 30g \u2013 Die Nr. 1 f\u00fcr Tattoo Creme Bet\u00e4ubung!<\/strong> \ud83c\udfaf<\/p>\n","protected":false},"excerpt":{"rendered":"<h2 data-start=\"767\" data-end=\"822\"><strong data-start=\"770\" data-end=\"820\">\ud83d\udd25 SCHMERZFREI T\u00c4TOWIEREN \u2013 MIT DERMACAIN 30G!<\/strong><\/h2>\n<p data-start=\"824\" data-end=\"963\">Tattoo-Termine k\u00f6nnen Angst machen \u2013 aber das muss nicht sein! <strong data-start=\"887\" data-end=\"961\">Mit Dermacain 30g erleben Sie Ihr Tattoo entspannt und ohne Schmerzen!<\/strong><\/p>\n<p data-start=\"965\" data-end=\"1119\">Diese <strong data-start=\"971\" data-end=\"994\">Tattoo Schmerzcreme<\/strong> enth\u00e4lt <strong data-start=\"1003\" data-end=\"1022\">15,6 % Lidocain<\/strong>, die st\u00e4rkste legale Konzentration, um <strong data-start=\"1062\" data-end=\"1116\">die Haut zu bet\u00e4uben und den Schmerz auszuschalten<\/strong>.<\/p>\n<p data-start=\"1121\" data-end=\"1484\">\u2705 <strong data-start=\"1123\" data-end=\"1172\">Bis zu 3 Stunden vollst\u00e4ndige Schmerzfreiheit<\/strong> \u2013 Ideal f\u00fcr lange Tattoos!<br data-start=\"1199\" data-end=\"1202\" \/>\u2705 <strong data-start=\"1204\" data-end=\"1242\">Schnelle Wirkung in nur 30 Minuten<\/strong> \u2013 Einfach auftragen &amp; entspannen!<br data-start=\"1276\" data-end=\"1279\" \/>\u2705 <strong data-start=\"1281\" data-end=\"1318\">Reduziert R\u00f6tungen &amp; Schwellungen<\/strong> \u2013 F\u00fcr perfekte Tattoo-Ergebnisse!<br data-start=\"1352\" data-end=\"1355\" \/>\u2705 <strong data-start=\"1357\" data-end=\"1395\">100 % Originalprodukt aus S\u00fcdkorea<\/strong> \u2013 Keine billige China-Ware!<br data-start=\"1423\" data-end=\"1426\" \/>\u2705 <strong data-start=\"1428\" data-end=\"1455\">Sicher &amp; hautfreundlich<\/strong> \u2013 Dermatologisch getestet!<\/p>\n<p data-start=\"1486\" data-end=\"1533\">\ud83d\ude80 <strong data-start=\"1489\" data-end=\"1531\">Heute bestellt \u2013 \u00fcbermorgen geliefert!<\/strong><\/p>\n","protected":false},"featured_media":43,"comment_status":"closed","ping_status":"closed","template":"","meta":{"_monsterinsights_skip_tracking":false,"_monsterinsights_sitenote_active":false,"_monsterinsights_sitenote_note":"","_monsterinsights_sitenote_category":0},"product_brand":[],"product_cat":[28],"product_tag":[],"class_list":{"0":"post-449","1":"product","2":"type-product","3":"status-publish","4":"has-post-thumbnail","6":"product_cat-dermacain-30g","8":"first","9":"instock","10":"sale","11":"taxable","12":"shipping-taxable","13":"purchasable","14":"product-type-simple"},"yoast_head":"<!-- This site is optimized with the Yoast SEO plugin v27.3 - https:\/\/yoast.com\/product\/yoast-seo-wordpress\/ -->\n<title>2 x Dermacain 30g - Dermacain<\/title>\n<meta name=\"description\" content=\"Suchen Sie eine Tattoo Schmerzcreme, die Schmerzen effektiv blockiert? Dermacain 30g mit 15,6 % Lidocain ist die st\u00e4rkste legale Bet\u00e4ubungscreme f\u00fcr Tattoos! Schmerzfrei t\u00e4towieren \u2013 ohne Angst! Jetzt bestellen mit Geld-zur\u00fcck-Garantie!\" \/>\n<meta name=\"robots\" content=\"index, follow, max-snippet:-1, max-image-preview:large, max-video-preview:-1\" \/>\n<link rel=\"canonical\" href=\"https:\/\/www.tktx-shop.nl\/?product=2-x-dermacain-30g\" \/>\n<meta property=\"og:locale\" content=\"de_DE\" \/>\n<meta property=\"og:type\" content=\"article\" \/>\n<meta property=\"og:title\" content=\"2 x Dermacain 30g - Dermacain\" \/>\n<meta property=\"og:description\" content=\"Suchen Sie eine Tattoo Schmerzcreme, die Schmerzen effektiv blockiert? Dermacain 30g mit 15,6 % Lidocain ist die st\u00e4rkste legale Bet\u00e4ubungscreme f\u00fcr Tattoos! Schmerzfrei t\u00e4towieren \u2013 ohne Angst! Jetzt bestellen mit Geld-zur\u00fcck-Garantie!\" \/>\n<meta property=\"og:url\" content=\"https:\/\/www.tktx-shop.nl\/?product=2-x-dermacain-30g\" \/>\n<meta property=\"og:site_name\" content=\"Dermacain\" \/>\n<meta property=\"article:modified_time\" content=\"2025-07-09T14:38:18+00:00\" \/>\n<meta property=\"og:image\" content=\"https:\/\/www.tktx-shop.nl\/wp-content\/uploads\/2023\/04\/1.png\" \/>\n\t<meta property=\"og:image:width\" content=\"469\" \/>\n\t<meta property=\"og:image:height\" content=\"605\" \/>\n\t<meta property=\"og:image:type\" content=\"image\/png\" \/>\n<meta name=\"twitter:card\" content=\"summary_large_image\" \/>\n<meta name=\"twitter:label1\" content=\"Gesch\u00e4tzte Lesezeit\" \/>\n\t<meta name=\"twitter:data1\" content=\"3\u00a0Minuten\" \/>\n<script type=\"application\/ld+json\" class=\"yoast-schema-graph\">{\"@context\":\"https:\\\/\\\/schema.org\",\"@graph\":[{\"@type\":\"WebPage\",\"@id\":\"https:\\\/\\\/www.tktx-shop.nl\\\/?product=2-x-dermacain-30g\",\"url\":\"https:\\\/\\\/www.tktx-shop.nl\\\/?product=2-x-dermacain-30g\",\"name\":\"2 x Dermacain 30g - Dermacain\",\"isPartOf\":{\"@id\":\"https:\\\/\\\/www.tktx-shop.nl\\\/#website\"},\"primaryImageOfPage\":{\"@id\":\"https:\\\/\\\/www.tktx-shop.nl\\\/?product=2-x-dermacain-30g#primaryimage\"},\"image\":{\"@id\":\"https:\\\/\\\/www.tktx-shop.nl\\\/?product=2-x-dermacain-30g#primaryimage\"},\"thumbnailUrl\":\"https:\\\/\\\/www.tktx-shop.nl\\\/wp-content\\\/uploads\\\/2023\\\/04\\\/1.png\",\"datePublished\":\"2025-03-19T06:47:28+00:00\",\"dateModified\":\"2025-07-09T14:38:18+00:00\",\"description\":\"Suchen Sie eine Tattoo Schmerzcreme, die Schmerzen effektiv blockiert? Dermacain 30g mit 15,6 % Lidocain ist die st\u00e4rkste legale Bet\u00e4ubungscreme f\u00fcr Tattoos! Schmerzfrei t\u00e4towieren \u2013 ohne Angst! Jetzt bestellen mit Geld-zur\u00fcck-Garantie!\",\"breadcrumb\":{\"@id\":\"https:\\\/\\\/www.tktx-shop.nl\\\/?product=2-x-dermacain-30g#breadcrumb\"},\"inLanguage\":\"de\",\"potentialAction\":[{\"@type\":\"ReadAction\",\"target\":[\"https:\\\/\\\/www.tktx-shop.nl\\\/?product=2-x-dermacain-30g\"]}]},{\"@type\":\"ImageObject\",\"inLanguage\":\"de\",\"@id\":\"https:\\\/\\\/www.tktx-shop.nl\\\/?product=2-x-dermacain-30g#primaryimage\",\"url\":\"https:\\\/\\\/www.tktx-shop.nl\\\/wp-content\\\/uploads\\\/2023\\\/04\\\/1.png\",\"contentUrl\":\"https:\\\/\\\/www.tktx-shop.nl\\\/wp-content\\\/uploads\\\/2023\\\/04\\\/1.png\",\"width\":469,\"height\":605,\"caption\":\"Dermacain Bet\u00e4ubende Tattoo-Creme TKTX\"},{\"@type\":\"BreadcrumbList\",\"@id\":\"https:\\\/\\\/www.tktx-shop.nl\\\/?product=2-x-dermacain-30g#breadcrumb\",\"itemListElement\":[{\"@type\":\"ListItem\",\"position\":1,\"name\":\"Home\",\"item\":\"https:\\\/\\\/www.tktx-shop.nl\\\/\"},{\"@type\":\"ListItem\",\"position\":2,\"name\":\"2 x Dermacain 30g\"}]},{\"@type\":\"WebSite\",\"@id\":\"https:\\\/\\\/www.tktx-shop.nl\\\/#website\",\"url\":\"https:\\\/\\\/www.tktx-shop.nl\\\/\",\"name\":\"Dermacain\",\"description\":\"Wir machen Ihre Tattoos angenehmer\",\"potentialAction\":[{\"@type\":\"SearchAction\",\"target\":{\"@type\":\"EntryPoint\",\"urlTemplate\":\"https:\\\/\\\/www.tktx-shop.nl\\\/?s={search_term_string}\"},\"query-input\":{\"@type\":\"PropertyValueSpecification\",\"valueRequired\":true,\"valueName\":\"search_term_string\"}}],\"inLanguage\":\"de\"}]}<\/script>\n<!-- \/ Yoast SEO plugin. -->","yoast_head_json":{"title":"2 x Dermacain 30g - Dermacain","description":"Suchen Sie eine Tattoo Schmerzcreme, die Schmerzen effektiv blockiert? Dermacain 30g mit 15,6 % Lidocain ist die st\u00e4rkste legale Bet\u00e4ubungscreme f\u00fcr Tattoos! Schmerzfrei t\u00e4towieren \u2013 ohne Angst! Jetzt bestellen mit Geld-zur\u00fcck-Garantie!","robots":{"index":"index","follow":"follow","max-snippet":"max-snippet:-1","max-image-preview":"max-image-preview:large","max-video-preview":"max-video-preview:-1"},"canonical":"https:\/\/www.tktx-shop.nl\/?product=2-x-dermacain-30g","og_locale":"de_DE","og_type":"article","og_title":"2 x Dermacain 30g - Dermacain","og_description":"Suchen Sie eine Tattoo Schmerzcreme, die Schmerzen effektiv blockiert? Dermacain 30g mit 15,6 % Lidocain ist die st\u00e4rkste legale Bet\u00e4ubungscreme f\u00fcr Tattoos! Schmerzfrei t\u00e4towieren \u2013 ohne Angst! Jetzt bestellen mit Geld-zur\u00fcck-Garantie!","og_url":"https:\/\/www.tktx-shop.nl\/?product=2-x-dermacain-30g","og_site_name":"Dermacain","article_modified_time":"2025-07-09T14:38:18+00:00","og_image":[{"width":469,"height":605,"url":"https:\/\/www.tktx-shop.nl\/wp-content\/uploads\/2023\/04\/1.png","type":"image\/png"}],"twitter_card":"summary_large_image","twitter_misc":{"Gesch\u00e4tzte Lesezeit":"3\u00a0Minuten"},"schema":{"@context":"https:\/\/schema.org","@graph":[{"@type":"WebPage","@id":"https:\/\/www.tktx-shop.nl\/?product=2-x-dermacain-30g","url":"https:\/\/www.tktx-shop.nl\/?product=2-x-dermacain-30g","name":"2 x Dermacain 30g - Dermacain","isPartOf":{"@id":"https:\/\/www.tktx-shop.nl\/#website"},"primaryImageOfPage":{"@id":"https:\/\/www.tktx-shop.nl\/?product=2-x-dermacain-30g#primaryimage"},"image":{"@id":"https:\/\/www.tktx-shop.nl\/?product=2-x-dermacain-30g#primaryimage"},"thumbnailUrl":"https:\/\/www.tktx-shop.nl\/wp-content\/uploads\/2023\/04\/1.png","datePublished":"2025-03-19T06:47:28+00:00","dateModified":"2025-07-09T14:38:18+00:00","description":"Suchen Sie eine Tattoo Schmerzcreme, die Schmerzen effektiv blockiert? Dermacain 30g mit 15,6 % Lidocain ist die st\u00e4rkste legale Bet\u00e4ubungscreme f\u00fcr Tattoos! Schmerzfrei t\u00e4towieren \u2013 ohne Angst! Jetzt bestellen mit Geld-zur\u00fcck-Garantie!","breadcrumb":{"@id":"https:\/\/www.tktx-shop.nl\/?product=2-x-dermacain-30g#breadcrumb"},"inLanguage":"de","potentialAction":[{"@type":"ReadAction","target":["https:\/\/www.tktx-shop.nl\/?product=2-x-dermacain-30g"]}]},{"@type":"ImageObject","inLanguage":"de","@id":"https:\/\/www.tktx-shop.nl\/?product=2-x-dermacain-30g#primaryimage","url":"https:\/\/www.tktx-shop.nl\/wp-content\/uploads\/2023\/04\/1.png","contentUrl":"https:\/\/www.tktx-shop.nl\/wp-content\/uploads\/2023\/04\/1.png","width":469,"height":605,"caption":"Dermacain Bet\u00e4ubende Tattoo-Creme TKTX"},{"@type":"BreadcrumbList","@id":"https:\/\/www.tktx-shop.nl\/?product=2-x-dermacain-30g#breadcrumb","itemListElement":[{"@type":"ListItem","position":1,"name":"Home","item":"https:\/\/www.tktx-shop.nl\/"},{"@type":"ListItem","position":2,"name":"2 x Dermacain 30g"}]},{"@type":"WebSite","@id":"https:\/\/www.tktx-shop.nl\/#website","url":"https:\/\/www.tktx-shop.nl\/","name":"Dermacain","description":"Wir machen Ihre Tattoos angenehmer","potentialAction":[{"@type":"SearchAction","target":{"@type":"EntryPoint","urlTemplate":"https:\/\/www.tktx-shop.nl\/?s={search_term_string}"},"query-input":{"@type":"PropertyValueSpecification","valueRequired":true,"valueName":"search_term_string"}}],"inLanguage":"de"}]}},"jetpack_sharing_enabled":true,"_links":{"self":[{"href":"https:\/\/www.tktx-shop.nl\/index.php?rest_route=\/wp\/v2\/product\/449","targetHints":{"allow":["GET"]}}],"collection":[{"href":"https:\/\/www.tktx-shop.nl\/index.php?rest_route=\/wp\/v2\/product"}],"about":[{"href":"https:\/\/www.tktx-shop.nl\/index.php?rest_route=\/wp\/v2\/types\/product"}],"replies":[{"embeddable":true,"href":"https:\/\/www.tktx-shop.nl\/index.php?rest_route=%2Fwp%2Fv2%2Fcomments&post=449"}],"wp:featuredmedia":[{"embeddable":true,"href":"https:\/\/www.tktx-shop.nl\/index.php?rest_route=\/wp\/v2\/media\/43"}],"wp:attachment":[{"href":"https:\/\/www.tktx-shop.nl\/index.php?rest_route=%2Fwp%2Fv2%2Fmedia&parent=449"}],"wp:term":[{"taxonomy":"product_brand","embeddable":true,"href":"https:\/\/www.tktx-shop.nl\/index.php?rest_route=%2Fwp%2Fv2%2Fproduct_brand&post=449"},{"taxonomy":"product_cat","embeddable":true,"href":"https:\/\/www.tktx-shop.nl\/index.php?rest_route=%2Fwp%2Fv2%2Fproduct_cat&post=449"},{"taxonomy":"product_tag","embeddable":true,"href":"https:\/\/www.tktx-shop.nl\/index.php?rest_route=%2Fwp%2Fv2%2Fproduct_tag&post=449"}],"curies":[{"name":"wp","href":"https:\/\/api.w.org\/{rel}","templated":true}]}}