{"id":436,"date":"2025-03-16T07:35:36","date_gmt":"2025-03-16T06:35:36","guid":{"rendered":"https:\/\/www.dermacain.de\/?post_type=product&#038;p=436"},"modified":"2025-07-12T12:05:24","modified_gmt":"2025-07-12T10:05:24","slug":"tktx-75","status":"publish","type":"product","link":"https:\/\/www.tktx-shop.nl\/?product=tktx-75","title":{"rendered":"Creme bei Tattoo \u2013 TKTX 75% Schwarz f\u00fcr Schmerzfreies T\u00e4towieren! \ud83d\udd25"},"content":{"rendered":"<article class=\"w-full text-token-text-primary focus-visible:outline-2 focus-visible:outline-offset-[-4px]\" dir=\"auto\" data-testid=\"conversation-turn-93\" data-scroll-anchor=\"true\">\n<div class=\"m-auto text-base py-[18px] px-6\">\n<div class=\"mx-auto flex flex-1 text-base gap-4 md:gap-5 lg:gap-6 md:max-w-3xl lg:max-w-[40rem] xl:max-w-[48rem]\">\n<div class=\"group\/conversation-turn relative flex w-full min-w-0 flex-col agent-turn @xs\/thread:px-0 @sm\/thread:px-1.5 @md\/thread:px-4\">\n<div class=\"flex-col gap-1 md:gap-3\">\n<div class=\"flex max-w-full flex-col flex-grow\">\n<div class=\"min-h-8 text-message relative flex w-full flex-col items-end gap-2 whitespace-normal break-words text-start [.text-message+&amp;]:mt-5\" dir=\"auto\" data-message-author-role=\"assistant\" data-message-id=\"f3440b00-3f75-443f-96e5-1e6cf71e9033\" data-message-model-slug=\"gpt-4o\">\n<div class=\"flex w-full flex-col gap-1 empty:hidden first:pt-[3px]\">\n<div class=\"markdown prose w-full break-words dark:prose-invert light\">\n<article class=\"w-full text-token-text-primary focus-visible:outline-2 focus-visible:outline-offset-[-4px]\" dir=\"auto\" data-testid=\"conversation-turn-95\" data-scroll-anchor=\"true\">\n<div class=\"m-auto text-base py-[18px] px-6\">\n<div class=\"mx-auto flex flex-1 text-base gap-4 md:gap-5 lg:gap-6 md:max-w-3xl lg:max-w-[40rem] xl:max-w-[48rem]\">\n<div class=\"group\/conversation-turn relative flex w-full min-w-0 flex-col agent-turn @xs\/thread:px-0 @sm\/thread:px-1.5 @md\/thread:px-4\">\n<div class=\"flex-col gap-1 md:gap-3\">\n<div class=\"flex max-w-full flex-col flex-grow\">\n<div class=\"min-h-8 text-message relative flex w-full flex-col items-end gap-2 whitespace-normal break-words text-start [.text-message+&amp;]:mt-5\" dir=\"auto\" data-message-author-role=\"assistant\" data-message-id=\"0afb24ca-6012-4cf7-bd77-17f9292ceaea\" data-message-model-slug=\"gpt-4o\">\n<div class=\"flex w-full flex-col gap-1 empty:hidden first:pt-[3px]\">\n<div class=\"markdown prose w-full break-words dark:prose-invert light\">\n<h2 data-start=\"551\" data-end=\"634\"><strong data-start=\"554\" data-end=\"632\">\ud83d\udd25 BEREIT F\u00dcR EIN SCHMERZFREIES TATTOO? TKTX 75% SCHWARZ MACHT ES M\u00d6GLICH!<\/strong><\/h2>\n<p data-start=\"636\" data-end=\"828\">Lassen Sie mich Ihnen die <strong data-start=\"662\" data-end=\"691\">st\u00e4rkste Creme bei Tattoo<\/strong> vorstellen. Das hier ist nicht irgendein Bet\u00e4ubungsmittel \u2013 <strong data-start=\"752\" data-end=\"780\">das ist TKTX 75% Schwarz<\/strong>, die leistungsst\u00e4rkste Version auf dem Markt!<\/p>\n<p data-start=\"830\" data-end=\"1000\">Ob Sie einen <strong data-start=\"843\" data-end=\"948\">Full-Sleeve, ein empfindliches K\u00f6rperteil wie Rippen oder Knie, oder eine lange Tattoo-Session planen<\/strong> \u2013 mit dieser Creme <strong data-start=\"968\" data-end=\"998\">sp\u00fcren Sie absolut nichts!<\/strong><\/p>\n<p data-start=\"1002\" data-end=\"1200\">\u23f3 <strong data-start=\"1004\" data-end=\"1048\">Bis zu 3 Stunden vollst\u00e4ndige Bet\u00e4ubung!<\/strong><br data-start=\"1048\" data-end=\"1051\" \/>\ud83c\udfaf <strong data-start=\"1054\" data-end=\"1135\">Perfekt f\u00fcr empfindliche Bereiche \u2013 Rippen, Hals, Finger, Knie? KEIN PROBLEM!<\/strong><br data-start=\"1135\" data-end=\"1138\" \/>\ud83d\udd25 <strong data-start=\"1141\" data-end=\"1198\">Unsere exklusivste TKTX-Version \u2013 st\u00e4rker geht nicht!<\/strong><\/p>\n<p data-start=\"1202\" data-end=\"1311\"><strong data-start=\"1202\" data-end=\"1309\">Tattoo-Artists empfehlen es. Kunden lieben es. Und Sie? Wann g\u00f6nnen Sie sich ein Tattoo OHNE Schmerzen?<\/strong><\/p>\n<hr data-start=\"1313\" data-end=\"1316\" \/>\n<h2 data-start=\"1318\" data-end=\"1381\"><strong data-start=\"1321\" data-end=\"1379\">\ud83d\udc8e WARUM TKTX 75% SCHWARZ ALS CREME BEI TATTOO W\u00c4HLEN?<\/strong><\/h2>\n<p data-start=\"1383\" data-end=\"1857\">\u2705 <strong data-start=\"1385\" data-end=\"1422\">DIE ST\u00c4RKSTE FORMEL AUF DEM MARKT<\/strong> \u2013 Enth\u00e4lt <strong data-start=\"1433\" data-end=\"1458\">75% aktive Wirkstoffe<\/strong>, die Schmerzen vollst\u00e4ndig blockieren.<br data-start=\"1497\" data-end=\"1500\" \/>\u2705 <strong data-start=\"1502\" data-end=\"1536\">BET\u00c4UBUNG F\u00dcR BIS ZU 3 STUNDEN<\/strong> \u2013 Ideal f\u00fcr gro\u00dfe Tattoos und empfindliche K\u00f6rperstellen.<br data-start=\"1594\" data-end=\"1597\" \/>\u2705 <strong data-start=\"1599\" data-end=\"1637\">REDUZIERT BLUTUNG UND SCHWELLUNGEN<\/strong> \u2013 Schnellere Heilung, intensivere Farben.<br data-start=\"1679\" data-end=\"1682\" \/>\u2705 <strong data-start=\"1684\" data-end=\"1715\">PERFEKT F\u00dcR TATTOO-K\u00dcNSTLER<\/strong> \u2013 Kein Zucken des Kunden, keine Unterbrechungen, einfach fl\u00fcssige Arbeit!<br data-start=\"1789\" data-end=\"1792\" \/>\u2705 <strong data-start=\"1794\" data-end=\"1821\">ZUFRIEDENHEITSGARANTIE!<\/strong> Nicht zufrieden? <strong data-start=\"1839\" data-end=\"1855\">Geld zur\u00fcck!<\/strong><\/p>\n<p data-start=\"1859\" data-end=\"1950\">\ud83d\ude80 <strong data-start=\"1862\" data-end=\"1948\">Wollen Sie ein Tattoo ohne Schmerzen? Diese Creme bei Tattoo ist Ihre Geheimwaffe!<\/strong><\/p>\n<hr data-start=\"1952\" data-end=\"1955\" \/>\n<h2 data-start=\"1957\" data-end=\"2011\"><strong data-start=\"1960\" data-end=\"2009\">\ud83d\udee0 SO WENDEN SIE TKTX 75% SCHWARZ OPTIMAL AN!<\/strong><\/h2>\n<p data-start=\"2013\" data-end=\"2099\"><strong data-start=\"2013\" data-end=\"2097\">Die richtige Anwendung garantiert maximale Wirkung. Folgen Sie diesen Schritten:<\/strong><\/p>\n<p data-start=\"2013\" data-end=\"2099\"><img loading=\"lazy\" decoding=\"async\" class=\"aligncenter size-full wp-image-491\" src=\"https:\/\/www.tktx-shop.nl\/wp-content\/uploads\/2025\/04\/DermacainanasthetischeTattoo-Creme-ezgif.com-optimize.gif\" alt=\"TKTX 75% creme bei tattoo\" width=\"480\" height=\"270\" \/><\/p>\n<p data-start=\"2101\" data-end=\"2495\">1\ufe0f\u20e3 <strong data-start=\"2105\" data-end=\"2168\">Reinigen Sie die Haut gr\u00fcndlich mit antibakterieller Seife.<\/strong><br data-start=\"2168\" data-end=\"2171\" \/>2\ufe0f\u20e3 <strong data-start=\"2175\" data-end=\"2245\">Tragen Sie eine DICKE Schicht TKTX 75% Schwarz auf \u2013 nicht sparen!<\/strong><br data-start=\"2245\" data-end=\"2248\" \/>3\ufe0f\u20e3 <strong data-start=\"2252\" data-end=\"2285\">Mit Frischhaltefolie abdecken<\/strong> und <strong data-start=\"2290\" data-end=\"2338\">mindestens 30 \u2013 40 Minuten einwirken lassen.<\/strong><br data-start=\"2338\" data-end=\"2341\" \/>4\ufe0f\u20e3 <strong data-start=\"2345\" data-end=\"2415\">Creme mit einem feuchten Tuch entfernen, bevor das Tattoo beginnt.<\/strong><br data-start=\"2415\" data-end=\"2418\" \/>5\ufe0f\u20e3 <strong data-start=\"2422\" data-end=\"2493\">Jetzt sind Sie bereit f\u00fcr eine absolut schmerzfreie Tattoo-Session!<\/strong><\/p>\n<p data-start=\"2497\" data-end=\"2638\">\ud83d\udca1 <strong data-start=\"2500\" data-end=\"2509\">Tipp:<\/strong> Bei langen Tattoo-Sitzungen tragen Sie eine zweite Schicht TKTX auf die n\u00e4chsten Hautbereiche auf, bevor sie t\u00e4towiert werden.<\/p>\n<hr data-start=\"2640\" data-end=\"2643\" \/>\n<h2 data-start=\"2645\" data-end=\"2701\"><strong data-start=\"2648\" data-end=\"2699\">\ud83d\udd0e KUNDENBEWERTUNGEN \u2013 DAS SAGEN UNSERE KUNDEN!<\/strong><\/h2>\n<p data-start=\"2703\" data-end=\"2914\">\ud83d\udcac <strong data-start=\"2706\" data-end=\"2725\">Marek, 34 Jahre<\/strong><br data-start=\"2725\" data-end=\"2728\" \/><em data-start=\"2728\" data-end=\"2912\">&#8222;Ich habe TKTX 75% Schwarz f\u00fcr mein Full-Sleeve verwendet \u2013 und ich habe NICHTS gesp\u00fcrt! Mein Tattoo-Artist war begeistert, weil er stundenlang ohne Unterbrechungen arbeiten konnte.&#8220;<\/em><\/p>\n<p data-start=\"2916\" data-end=\"3062\">\ud83d\udcac <strong data-start=\"2919\" data-end=\"2939\">Simone, 27 Jahre<\/strong><br data-start=\"2939\" data-end=\"2942\" \/><em data-start=\"2942\" data-end=\"3060\">&#8222;Rippen? Knie? Normalerweise h\u00e4tte ich es nicht \u00fcberlebt! Aber mit dieser Creme war es komplett schmerzfrei. 10\/10!&#8220;<\/em><\/p>\n<p data-start=\"3064\" data-end=\"3210\">\ud83d\udcac <strong data-start=\"3067\" data-end=\"3085\">Jaro, 40 Jahre<\/strong><br data-start=\"3085\" data-end=\"3088\" \/><em data-start=\"3088\" data-end=\"3208\">&#8222;Ich war skeptisch, aber jetzt? Ich gehe nie wieder ohne TKTX 75% Schwarz zum T\u00e4towieren. Der Unterschied ist riesig!&#8220;<\/em><\/p>\n<hr data-start=\"3212\" data-end=\"3215\" \/>\n<h2 data-start=\"3217\" data-end=\"3283\"><strong data-start=\"3220\" data-end=\"3281\">\ud83d\uded2 BESTELLEN SIE TKTX 75% SCHWARZ JETZT UND ERHALTEN SIE:<\/strong><\/h2>\n<p data-start=\"3285\" data-end=\"3566\">\u2705 <strong data-start=\"3287\" data-end=\"3312\">100 % Originalprodukt<\/strong> \u2013 garantierte Echtheit und Wirksamkeit.<br data-start=\"3352\" data-end=\"3355\" \/>\ud83d\ude80 <strong data-start=\"3358\" data-end=\"3400\">Heute versandt \u2013 Lieferung \u00fcbermorgen!<\/strong><br data-start=\"3400\" data-end=\"3403\" \/>\ud83d\udce6 <strong data-start=\"3406\" data-end=\"3488\">Kostenloser Versand bei Bestellung von 3 St\u00fcck \u2013 bestes Angebot auf dem Markt!<\/strong><br data-start=\"3488\" data-end=\"3491\" \/>\ud83d\udcde <strong data-start=\"3494\" data-end=\"3564\">Professioneller Support \u2013 wir beraten Sie zur optimalen Anwendung.<\/strong><\/p>\n<p data-start=\"3568\" data-end=\"3674\">\ud83d\udd25 <strong data-start=\"3571\" data-end=\"3669\">Z\u00d6GERN SIE NICHT! Klicken Sie auf &#8222;JETZT BESTELLEN&#8220; und erleben Sie ein Tattoo ohne Schmerzen!<\/strong> \ud83d\udd25<\/p>\n<p data-start=\"3568\" data-end=\"3674\"><a href=\"https:\/\/www.tktx-shop.nl\/?add-to-cart=436\"><img loading=\"lazy\" decoding=\"async\" class=\"aligncenter wp-image-30 size-large\" src=\"https:\/\/www.tktx-shop.nl\/wp-content\/uploads\/2023\/04\/IMG_20210723_133836-1024x454.png\" alt=\"TKTX 75% An\u00e4sthesiesalbe Tattoo-Creme\" width=\"760\" height=\"337\" srcset=\"https:\/\/www.tktx-shop.nl\/wp-content\/uploads\/2023\/04\/IMG_20210723_133836-1024x454.png 1024w, https:\/\/www.tktx-shop.nl\/wp-content\/uploads\/2023\/04\/IMG_20210723_133836-300x133.png 300w, https:\/\/www.tktx-shop.nl\/wp-content\/uploads\/2023\/04\/IMG_20210723_133836-600x266.png 600w, https:\/\/www.tktx-shop.nl\/wp-content\/uploads\/2023\/04\/IMG_20210723_133836-768x340.png 768w, https:\/\/www.tktx-shop.nl\/wp-content\/uploads\/2023\/04\/IMG_20210723_133836-1536x680.png 1536w, https:\/\/www.tktx-shop.nl\/wp-content\/uploads\/2023\/04\/IMG_20210723_133836-2048x907.png 2048w, https:\/\/www.tktx-shop.nl\/wp-content\/uploads\/2023\/04\/IMG_20210723_133836-1320x585.png 1320w\" sizes=\"auto, (max-width: 760px) 100vw, 760px\" \/><\/a><\/p>\n<p data-start=\"3568\" data-end=\"3674\"><a href=\"https:\/\/www.tktx-shop.nl\/?add-to-cart=436\"><img loading=\"lazy\" decoding=\"async\" class=\"aligncenter wp-image-753\" src=\"https:\/\/www.tktx-shop.nl\/wp-content\/uploads\/2025\/06\/1-300x141.png\" alt=\"TKTX 75 Creme bei Tattoo\" width=\"150\" height=\"70\" srcset=\"https:\/\/www.tktx-shop.nl\/wp-content\/uploads\/2025\/06\/1-300x141.png 300w, https:\/\/www.tktx-shop.nl\/wp-content\/uploads\/2025\/06\/1.png 512w\" sizes=\"auto, (max-width: 150px) 100vw, 150px\" \/><\/a><\/p>\n<h4 style=\"text-align: center;\" data-start=\"3676\" data-end=\"3810\">\ud83d\udcb0 <strong data-start=\"3679\" data-end=\"3706\">ZUFRIEDENHEITSGARANTIE!<\/strong><br data-start=\"3706\" data-end=\"3709\" \/>Falls Sie nicht zufrieden sind, senden Sie uns das Produkt zur\u00fcck \u2013 <strong data-start=\"3777\" data-end=\"3810\" data-is-last-node=\"\">wir erstatten Ihnen Ihr Geld!<\/strong><\/h4>\n<p data-start=\"3676\" data-end=\"3810\" data-is-last-node=\"\" data-is-only-node=\"\"><a href=\"https:\/\/www.tktx-shop.nl\/?add-to-cart=438\"><img loading=\"lazy\" decoding=\"async\" class=\"aligncenter wp-image-86 size-large\" src=\"https:\/\/www.tktx-shop.nl\/wp-content\/uploads\/2023\/10\/6-1024x991.png\" alt=\"TKTX 75% An\u00e4sthesiesalbe Tattoo-Creme\" width=\"760\" height=\"736\" srcset=\"https:\/\/www.tktx-shop.nl\/wp-content\/uploads\/2023\/10\/6-1024x991.png 1024w, https:\/\/www.tktx-shop.nl\/wp-content\/uploads\/2023\/10\/6-300x290.png 300w, https:\/\/www.tktx-shop.nl\/wp-content\/uploads\/2023\/10\/6-600x581.png 600w, https:\/\/www.tktx-shop.nl\/wp-content\/uploads\/2023\/10\/6-768x743.png 768w, https:\/\/www.tktx-shop.nl\/wp-content\/uploads\/2023\/10\/6.png 1080w\" sizes=\"auto, (max-width: 760px) 100vw, 760px\" \/><\/a><\/p>\n<\/div>\n<\/div>\n<\/div>\n<\/div>\n<\/div>\n<\/div>\n<\/div>\n<\/div>\n<\/article>\n<\/div>\n<\/div>\n<\/div>\n<\/div>\n<\/div>\n<\/div>\n<\/div>\n<\/div>\n<\/article>\n","protected":false},"excerpt":{"rendered":"<h4><strong>Hast du nach etwas St\u00e4rkerem gesucht?<\/strong><\/h4>\n<h5><strong>An\u00e4sthesiesalbe TKTX 75% \u2013 Maximale Bet\u00e4ubung f\u00fcr schmerzfreie Tattoos<\/strong><\/h5>\n<p>Wenn Sie nach einer noch st\u00e4rkeren An\u00e4sthesiecreme suchen, sind Sie hier genau richtig. Unsere TKTX 75% Creme ist die st\u00e4rkste An\u00e4sthesiecreme in unserem Sortiment. Sie erzielt eine Bet\u00e4ubung, die an die eines Zahnarztbesuchs erinnert.<\/p>\n","protected":false},"featured_media":28,"comment_status":"closed","ping_status":"closed","template":"","meta":{"_monsterinsights_skip_tracking":false,"_monsterinsights_sitenote_active":false,"_monsterinsights_sitenote_note":"","_monsterinsights_sitenote_category":0},"product_brand":[],"product_cat":[17,27],"product_tag":[],"class_list":{"0":"post-436","1":"product","2":"type-product","3":"status-publish","4":"has-post-thumbnail","6":"product_cat-tktx","7":"product_cat-tktx-75-2","9":"first","10":"instock","11":"taxable","12":"shipping-taxable","13":"purchasable","14":"product-type-simple"},"yoast_head":"<!-- This site is optimized with the Yoast SEO plugin v27.3 - https:\/\/yoast.com\/product\/yoast-seo-wordpress\/ -->\n<title>Creme bei Tattoo \u2013 TKTX 75% Schwarz f\u00fcr Schmerzfreies T\u00e4towieren! \ud83d\udd25 - Dermacain<\/title>\n<meta name=\"description\" content=\"Suchen Sie eine Creme bei Tattoo, die Schmerzen effektiv lindert? TKTX 75% Schwarz ist die st\u00e4rkste Bet\u00e4ubungscreme auf dem Markt! Bis zu 3 Stunden vollst\u00e4ndige Schmerzfreiheit. Jetzt bestellen \u2013 Lieferung \u00fcbermorgen!\" \/>\n<meta name=\"robots\" content=\"index, follow, max-snippet:-1, max-image-preview:large, max-video-preview:-1\" \/>\n<link rel=\"canonical\" href=\"https:\/\/www.tktx-shop.nl\/?product=tktx-75\" \/>\n<meta property=\"og:locale\" content=\"de_DE\" \/>\n<meta property=\"og:type\" content=\"article\" \/>\n<meta property=\"og:title\" content=\"Creme bei Tattoo \u2013 TKTX 75% Schwarz f\u00fcr Schmerzfreies T\u00e4towieren! \ud83d\udd25 - Dermacain\" \/>\n<meta property=\"og:description\" content=\"Suchen Sie eine Creme bei Tattoo, die Schmerzen effektiv lindert? TKTX 75% Schwarz ist die st\u00e4rkste Bet\u00e4ubungscreme auf dem Markt! Bis zu 3 Stunden vollst\u00e4ndige Schmerzfreiheit. Jetzt bestellen \u2013 Lieferung \u00fcbermorgen!\" \/>\n<meta property=\"og:url\" content=\"https:\/\/www.tktx-shop.nl\/?product=tktx-75\" \/>\n<meta property=\"og:site_name\" content=\"Dermacain\" \/>\n<meta property=\"article:modified_time\" content=\"2025-07-12T10:05:24+00:00\" \/>\n<meta property=\"og:image\" content=\"https:\/\/www.tktx-shop.nl\/wp-content\/uploads\/2023\/04\/Untitled-design-3.png\" \/>\n\t<meta property=\"og:image:width\" content=\"1080\" \/>\n\t<meta property=\"og:image:height\" content=\"458\" \/>\n\t<meta property=\"og:image:type\" content=\"image\/png\" \/>\n<meta name=\"twitter:card\" content=\"summary_large_image\" \/>\n<meta name=\"twitter:label1\" content=\"Gesch\u00e4tzte Lesezeit\" \/>\n\t<meta name=\"twitter:data1\" content=\"4\u00a0Minuten\" \/>\n<script type=\"application\/ld+json\" class=\"yoast-schema-graph\">{\"@context\":\"https:\\\/\\\/schema.org\",\"@graph\":[{\"@type\":\"WebPage\",\"@id\":\"https:\\\/\\\/www.tktx-shop.nl\\\/?product=tktx-75\",\"url\":\"https:\\\/\\\/www.tktx-shop.nl\\\/?product=tktx-75\",\"name\":\"Creme bei Tattoo \u2013 TKTX 75% Schwarz f\u00fcr Schmerzfreies T\u00e4towieren! \ud83d\udd25 - Dermacain\",\"isPartOf\":{\"@id\":\"https:\\\/\\\/www.tktx-shop.nl\\\/#website\"},\"primaryImageOfPage\":{\"@id\":\"https:\\\/\\\/www.tktx-shop.nl\\\/?product=tktx-75#primaryimage\"},\"image\":{\"@id\":\"https:\\\/\\\/www.tktx-shop.nl\\\/?product=tktx-75#primaryimage\"},\"thumbnailUrl\":\"https:\\\/\\\/www.tktx-shop.nl\\\/wp-content\\\/uploads\\\/2023\\\/04\\\/Untitled-design-3.png\",\"datePublished\":\"2025-03-16T06:35:36+00:00\",\"dateModified\":\"2025-07-12T10:05:24+00:00\",\"description\":\"Suchen Sie eine Creme bei Tattoo, die Schmerzen effektiv lindert? TKTX 75% Schwarz ist die st\u00e4rkste Bet\u00e4ubungscreme auf dem Markt! Bis zu 3 Stunden vollst\u00e4ndige Schmerzfreiheit. Jetzt bestellen \u2013 Lieferung \u00fcbermorgen!\",\"breadcrumb\":{\"@id\":\"https:\\\/\\\/www.tktx-shop.nl\\\/?product=tktx-75#breadcrumb\"},\"inLanguage\":\"de\",\"potentialAction\":[{\"@type\":\"ReadAction\",\"target\":[\"https:\\\/\\\/www.tktx-shop.nl\\\/?product=tktx-75\"]}]},{\"@type\":\"ImageObject\",\"inLanguage\":\"de\",\"@id\":\"https:\\\/\\\/www.tktx-shop.nl\\\/?product=tktx-75#primaryimage\",\"url\":\"https:\\\/\\\/www.tktx-shop.nl\\\/wp-content\\\/uploads\\\/2023\\\/04\\\/Untitled-design-3.png\",\"contentUrl\":\"https:\\\/\\\/www.tktx-shop.nl\\\/wp-content\\\/uploads\\\/2023\\\/04\\\/Untitled-design-3.png\",\"width\":1080,\"height\":458,\"caption\":\"TKTX 75% An\u00e4sthesiesalbe Tattoo-Creme\"},{\"@type\":\"BreadcrumbList\",\"@id\":\"https:\\\/\\\/www.tktx-shop.nl\\\/?product=tktx-75#breadcrumb\",\"itemListElement\":[{\"@type\":\"ListItem\",\"position\":1,\"name\":\"Home\",\"item\":\"https:\\\/\\\/www.tktx-shop.nl\\\/\"},{\"@type\":\"ListItem\",\"position\":2,\"name\":\"Creme bei Tattoo \u2013 TKTX 75% Schwarz f\u00fcr Schmerzfreies T\u00e4towieren! \ud83d\udd25\"}]},{\"@type\":\"WebSite\",\"@id\":\"https:\\\/\\\/www.tktx-shop.nl\\\/#website\",\"url\":\"https:\\\/\\\/www.tktx-shop.nl\\\/\",\"name\":\"Dermacain\",\"description\":\"Wir machen Ihre Tattoos angenehmer\",\"potentialAction\":[{\"@type\":\"SearchAction\",\"target\":{\"@type\":\"EntryPoint\",\"urlTemplate\":\"https:\\\/\\\/www.tktx-shop.nl\\\/?s={search_term_string}\"},\"query-input\":{\"@type\":\"PropertyValueSpecification\",\"valueRequired\":true,\"valueName\":\"search_term_string\"}}],\"inLanguage\":\"de\"}]}<\/script>\n<!-- \/ Yoast SEO plugin. -->","yoast_head_json":{"title":"Creme bei Tattoo \u2013 TKTX 75% Schwarz f\u00fcr Schmerzfreies T\u00e4towieren! \ud83d\udd25 - Dermacain","description":"Suchen Sie eine Creme bei Tattoo, die Schmerzen effektiv lindert? TKTX 75% Schwarz ist die st\u00e4rkste Bet\u00e4ubungscreme auf dem Markt! Bis zu 3 Stunden vollst\u00e4ndige Schmerzfreiheit. Jetzt bestellen \u2013 Lieferung \u00fcbermorgen!","robots":{"index":"index","follow":"follow","max-snippet":"max-snippet:-1","max-image-preview":"max-image-preview:large","max-video-preview":"max-video-preview:-1"},"canonical":"https:\/\/www.tktx-shop.nl\/?product=tktx-75","og_locale":"de_DE","og_type":"article","og_title":"Creme bei Tattoo \u2013 TKTX 75% Schwarz f\u00fcr Schmerzfreies T\u00e4towieren! \ud83d\udd25 - Dermacain","og_description":"Suchen Sie eine Creme bei Tattoo, die Schmerzen effektiv lindert? TKTX 75% Schwarz ist die st\u00e4rkste Bet\u00e4ubungscreme auf dem Markt! Bis zu 3 Stunden vollst\u00e4ndige Schmerzfreiheit. Jetzt bestellen \u2013 Lieferung \u00fcbermorgen!","og_url":"https:\/\/www.tktx-shop.nl\/?product=tktx-75","og_site_name":"Dermacain","article_modified_time":"2025-07-12T10:05:24+00:00","og_image":[{"width":1080,"height":458,"url":"https:\/\/www.tktx-shop.nl\/wp-content\/uploads\/2023\/04\/Untitled-design-3.png","type":"image\/png"}],"twitter_card":"summary_large_image","twitter_misc":{"Gesch\u00e4tzte Lesezeit":"4\u00a0Minuten"},"schema":{"@context":"https:\/\/schema.org","@graph":[{"@type":"WebPage","@id":"https:\/\/www.tktx-shop.nl\/?product=tktx-75","url":"https:\/\/www.tktx-shop.nl\/?product=tktx-75","name":"Creme bei Tattoo \u2013 TKTX 75% Schwarz f\u00fcr Schmerzfreies T\u00e4towieren! \ud83d\udd25 - Dermacain","isPartOf":{"@id":"https:\/\/www.tktx-shop.nl\/#website"},"primaryImageOfPage":{"@id":"https:\/\/www.tktx-shop.nl\/?product=tktx-75#primaryimage"},"image":{"@id":"https:\/\/www.tktx-shop.nl\/?product=tktx-75#primaryimage"},"thumbnailUrl":"https:\/\/www.tktx-shop.nl\/wp-content\/uploads\/2023\/04\/Untitled-design-3.png","datePublished":"2025-03-16T06:35:36+00:00","dateModified":"2025-07-12T10:05:24+00:00","description":"Suchen Sie eine Creme bei Tattoo, die Schmerzen effektiv lindert? TKTX 75% Schwarz ist die st\u00e4rkste Bet\u00e4ubungscreme auf dem Markt! Bis zu 3 Stunden vollst\u00e4ndige Schmerzfreiheit. Jetzt bestellen \u2013 Lieferung \u00fcbermorgen!","breadcrumb":{"@id":"https:\/\/www.tktx-shop.nl\/?product=tktx-75#breadcrumb"},"inLanguage":"de","potentialAction":[{"@type":"ReadAction","target":["https:\/\/www.tktx-shop.nl\/?product=tktx-75"]}]},{"@type":"ImageObject","inLanguage":"de","@id":"https:\/\/www.tktx-shop.nl\/?product=tktx-75#primaryimage","url":"https:\/\/www.tktx-shop.nl\/wp-content\/uploads\/2023\/04\/Untitled-design-3.png","contentUrl":"https:\/\/www.tktx-shop.nl\/wp-content\/uploads\/2023\/04\/Untitled-design-3.png","width":1080,"height":458,"caption":"TKTX 75% An\u00e4sthesiesalbe Tattoo-Creme"},{"@type":"BreadcrumbList","@id":"https:\/\/www.tktx-shop.nl\/?product=tktx-75#breadcrumb","itemListElement":[{"@type":"ListItem","position":1,"name":"Home","item":"https:\/\/www.tktx-shop.nl\/"},{"@type":"ListItem","position":2,"name":"Creme bei Tattoo \u2013 TKTX 75% Schwarz f\u00fcr Schmerzfreies T\u00e4towieren! \ud83d\udd25"}]},{"@type":"WebSite","@id":"https:\/\/www.tktx-shop.nl\/#website","url":"https:\/\/www.tktx-shop.nl\/","name":"Dermacain","description":"Wir machen Ihre Tattoos angenehmer","potentialAction":[{"@type":"SearchAction","target":{"@type":"EntryPoint","urlTemplate":"https:\/\/www.tktx-shop.nl\/?s={search_term_string}"},"query-input":{"@type":"PropertyValueSpecification","valueRequired":true,"valueName":"search_term_string"}}],"inLanguage":"de"}]}},"jetpack_sharing_enabled":true,"_links":{"self":[{"href":"https:\/\/www.tktx-shop.nl\/index.php?rest_route=\/wp\/v2\/product\/436","targetHints":{"allow":["GET"]}}],"collection":[{"href":"https:\/\/www.tktx-shop.nl\/index.php?rest_route=\/wp\/v2\/product"}],"about":[{"href":"https:\/\/www.tktx-shop.nl\/index.php?rest_route=\/wp\/v2\/types\/product"}],"replies":[{"embeddable":true,"href":"https:\/\/www.tktx-shop.nl\/index.php?rest_route=%2Fwp%2Fv2%2Fcomments&post=436"}],"wp:featuredmedia":[{"embeddable":true,"href":"https:\/\/www.tktx-shop.nl\/index.php?rest_route=\/wp\/v2\/media\/28"}],"wp:attachment":[{"href":"https:\/\/www.tktx-shop.nl\/index.php?rest_route=%2Fwp%2Fv2%2Fmedia&parent=436"}],"wp:term":[{"taxonomy":"product_brand","embeddable":true,"href":"https:\/\/www.tktx-shop.nl\/index.php?rest_route=%2Fwp%2Fv2%2Fproduct_brand&post=436"},{"taxonomy":"product_cat","embeddable":true,"href":"https:\/\/www.tktx-shop.nl\/index.php?rest_route=%2Fwp%2Fv2%2Fproduct_cat&post=436"},{"taxonomy":"product_tag","embeddable":true,"href":"https:\/\/www.tktx-shop.nl\/index.php?rest_route=%2Fwp%2Fv2%2Fproduct_tag&post=436"}],"curies":[{"name":"wp","href":"https:\/\/api.w.org\/{rel}","templated":true}]}}