{"id":14,"date":"2023-04-10T18:25:04","date_gmt":"2023-04-10T16:25:04","guid":{"rendered":"https:\/\/www.dermacain.de\/?page_id=14"},"modified":"2023-10-31T18:23:02","modified_gmt":"2023-10-31T17:23:02","slug":"dermacain-die-starkste-creme-zur-betaubung-von-tatowierungen","status":"publish","type":"page","link":"https:\/\/www.tktx-shop.nl\/?page_id=14","title":{"rendered":"Dermacain Die st\u00e4rkste Creme zur Bet\u00e4ubung von T\u00e4towierungen"},"content":{"rendered":"<h3>Warum eine An\u00e4sthesiecreme verwenden, bevor Sie sich t\u00e4towieren lassen?<\/h3>\n<p>Erw\u00e4gen Sie, sich t\u00e4towieren zu lassen, machen sich aber Sorgen wegen der Schmerzen? Suchen Sie nicht weiter als die st\u00e4rkste Tattoo-Bet\u00e4ubungscreme! Dermacain-An\u00e4sthesiecreme kann den gesamten T\u00e4towiervorgang viel weniger schmerzhaft und sowohl f\u00fcr Sie als auch f\u00fcr den T\u00e4towierer angenehmer machen.<\/p>\n<p>Ein Tattoo zu bekommen kann eine nervenaufreibende Erfahrung sein, besonders wenn Sie eine geringe Schmerztoleranz haben. Der Gedanke an Nadeln, die wiederholt Ihre Haut durchstechen, kann entmutigend sein. Aber mit der st\u00e4rksten bet\u00e4ubenden Tattoo-Creme k\u00f6nnen Sie sich zur\u00fccklehnen und entspannen, w\u00e4hrend die Creme wirkt.<\/p>\n<p>Die Dermacain-An\u00e4sthesiecreme enth\u00e4lt 15,6 % Lidocain, ein Lokalan\u00e4sthetikum, das wirkt, indem es die Nervensignale blockiert, die Schmerzen an das Gehirn \u00fcbertragen. Nach dem Auftragen auf die Haut wirkt die Creme in nur 30 Minuten und sorgt f\u00fcr ein schmerzfreies Erlebnis w\u00e4hrend des T\u00e4towierens. Kein Zucken oder Winden mehr vor Unbehagen! Als zus\u00e4tzlichen Bonus kann die bet\u00e4ubende Creme dazu beitragen, Schmerzen oder Beschwerden nach der T\u00e4towierung zu lindern.<\/p>\n<h3>Warum Numbing Cream als T\u00e4towierer verwenden?<\/h3>\n<p><iframe loading=\"lazy\" title=\"Dermacain an\u00e4sthetische Tattoo-Creme\" width=\"760\" height=\"428\" src=\"https:\/\/www.youtube.com\/embed\/7E2okTJIj6w?feature=oembed\" frameborder=\"0\" allow=\"accelerometer; autoplay; clipboard-write; encrypted-media; gyroscope; picture-in-picture; web-share\" allowfullscreen><\/iframe><\/p>\n<p>Als T\u00e4towierer m\u00f6chten Sie, dass Ihre Kunden die bestm\u00f6gliche Erfahrung machen, wenn sie sich t\u00e4towieren lassen. Die Verwendung der st\u00e4rksten Bet\u00e4ubungscreme f\u00fcr T\u00e4towierungen kann dabei helfen. Kunden, die Schmerzen oder Beschwerden haben, winden sich wahrscheinlich, bewegen sich oder werden sogar ohnm\u00e4chtig, was Ihre Arbeit erschweren und l\u00e4nger dauern kann.<br \/>\nDurch die Verwendung der Dermacain Bet\u00e4ubungscreme sitzen Kunden w\u00e4hrend des T\u00e4towierens eher still und bleiben ruhig, was Ihnen die Arbeit erleichtert und die bestm\u00f6glichen Ergebnisse erzielt. Au\u00dferdem werden zufriedene Kunden in Zukunft eher f\u00fcr weitere T\u00e4towierungen zur\u00fcckkehren, was zum Aufbau Ihres Gesch\u00e4fts beitragen kann.<br \/>\nVergleich mit konkurrierenden Cremes<\/p>\n\n<table id=\"tablepress-3\" class=\"tablepress tablepress-id-3\">\n<thead>\n<tr class=\"row-1\">\n\t<th class=\"column-1\">Dermacain<\/th><th class=\"column-2\">TKTX<\/th>\n<\/tr>\n<\/thead>\n<tbody class=\"row-striping row-hover\">\n<tr class=\"row-2\">\n\t<td class=\"column-1\">Lidocaingehalt 15,6 %<\/td><td class=\"column-2\">Lidocaingehalt 7%<\/td>\n<\/tr>\n<tr class=\"row-3\">\n\t<td class=\"column-1\">Hochwertige Sahne aus S\u00fcdkorea<\/td><td class=\"column-2\">In China hergestellt<\/td>\n<\/tr>\n<tr class=\"row-4\">\n\t<td class=\"column-1\">30 g f\u00fcr 29,99\u20ac<\/td><td class=\"column-2\">10 g f\u00fcr 14,99\u20ac<\/td>\n<\/tr>\n<\/tbody>\n<\/table>\n<!-- #tablepress-3 from cache -->\n<h3>Auf der Suche nach der besten An\u00e4sthesiecreme auf dem Markt?<\/h3>\n<p>Unsere Dermacaine-Creme, hergestellt in Biopharma-Laboren in S\u00fcdkorea, garantiert h\u00f6chste Qualit\u00e4t. Es ist nicht nur ein weiteres chinesisches Produkt, das Sie online kaufen und sich fragen k\u00f6nnen, ob es wie beworben funktionieren wird. Verlassen Sie sich nicht nur auf unser Wort \u2013 wir verkaufen es seit Jahren und stellen sicher, dass die Kundenzufriedenheit an erster Stelle steht. Wir versuchen, eine Creme mit dem h\u00f6chsten Gehalt an an\u00e4sthetischen Substanzen auf dem Markt anzubieten, damit Ihre Leute, die sich t\u00e4towieren lassen, den angenehmsten Ablauf des Eingriffs haben. Wir sch\u00e4tzen unsere Kunden und deshalb kommen sie immer wieder zu uns zur\u00fcck. Wenn Sie mit unserem Produkt nicht zufrieden sind, k\u00f6nnen Sie das ge\u00f6ffnete, aber unfertige Produkt an uns zur\u00fccksenden, und wir erstatten Ihnen Ihr Geld zur\u00fcck.<\/p>\n<h3>Besorgt \u00fcber Nebenwirkungen?<\/h3>\n<p>Zu den h\u00e4ufigsten Nebenwirkungen geh\u00f6ren Juckreiz oder vor\u00fcbergehende Verf\u00e4rbung der Haut an der Stelle, an der die Creme aufgetragen wurde. Allergische Reaktionen auf Lidocain sind selten. W\u00e4hlen Sie unsere An\u00e4sthesiecreme f\u00fcr eine sichere und wirksame Methode, um Ihre n\u00e4chste Hautbehandlung angenehmer zu gestalten.<\/p>\n<h3>Gratisversand<\/h3>\n<p>Wir versenden jedes Paket mit der Creme so schnell wie m\u00f6glich (m\u00f6glichst am Tag der Bestellung \u2013 Pakete gehen werktags um 11:00 Uhr) kostenlos zu. Sowohl Versand als auch Nachnahme sind m\u00f6glich.<\/p>\n<p><img loading=\"lazy\" decoding=\"async\" class=\"aligncenter wp-image-39 size-medium\" src=\"https:\/\/www.tktx-shop.nl\/wp-content\/uploads\/2023\/04\/Orange-Truck-Free-Shipping-Instagram-Post-e1690105640659-300x297.png\" alt=\"Tattoo-An\u00e4sthesiecreme\" width=\"300\" height=\"297\" srcset=\"https:\/\/www.tktx-shop.nl\/wp-content\/uploads\/2023\/04\/Orange-Truck-Free-Shipping-Instagram-Post-e1690105640659-300x297.png 300w, https:\/\/www.tktx-shop.nl\/wp-content\/uploads\/2023\/04\/Orange-Truck-Free-Shipping-Instagram-Post-e1690105640659-100x100.png 100w, https:\/\/www.tktx-shop.nl\/wp-content\/uploads\/2023\/04\/Orange-Truck-Free-Shipping-Instagram-Post-e1690105640659-150x150.png 150w, https:\/\/www.tktx-shop.nl\/wp-content\/uploads\/2023\/04\/Orange-Truck-Free-Shipping-Instagram-Post-e1690105640659.png 496w\" sizes=\"auto, (max-width: 300px) 100vw, 300px\" \/><\/p>\n<h3>Wie bekomme ich einen Rabatt?<\/h3>\n<p>Auf alle Dermacain An\u00e4sthesiesalben gew\u00e4hren wir einen Mengenrabatt. Der Rabatt beginnt ab 2 St\u00fcck und steigt stetig an. Je mehr Sie kaufen, desto mehr sparen Sie.<\/p>\n<p>Auf der Suche nach der besten Bet\u00e4ubungscreme f\u00fcr Tattoos? Suchen Sie nicht weiter als die st\u00e4rkste Tattoo-Bet\u00e4ubungscreme, die den Tattoo-Prozess sowohl f\u00fcr den Kunden als auch f\u00fcr den T\u00e4towierer weniger schmerzhaft und angenehmer machen kann. Indem Sie diese Creme in Ihre Tattoo-Routine integrieren, k\u00f6nnen Sie ein besseres Erlebnis f\u00fcr alle Beteiligten schaffen. Warum also den Schmerz ertragen?<\/p>\n<div class=\"woocommerce columns-2 \"><\/div>\n<h3><strong>Kontaktieren Sie uns:<\/strong><\/h3>\n<p>F\u00fcr Fragen und Bestellungen stehen wir Ihnen gerne zur Verf\u00fcgung. Sie k\u00f6nnen uns per SMS unter <strong>+421 902 877 942<\/strong> erreichen.<\/p>\n<p>&nbsp;<\/p>\n","protected":false},"excerpt":{"rendered":"<p>Warum eine An\u00e4sthesiecreme verwenden, bevor Sie sich t\u00e4towieren lassen? Erw\u00e4gen Sie, sich t\u00e4towieren zu lassen, machen sich aber Sorgen wegen der Schmerzen? Suchen Sie nicht weiter als die st\u00e4rkste Tattoo-Bet\u00e4ubungscreme! Dermacain-An\u00e4sthesiecreme kann den gesamten T\u00e4towiervorgang viel weniger schmerzhaft und sowohl f\u00fcr Sie als auch f\u00fcr den T\u00e4towierer angenehmer machen. Ein Tattoo zu bekommen kann eine [&hellip;]<\/p>\n","protected":false},"author":1,"featured_media":0,"parent":0,"menu_order":0,"comment_status":"closed","ping_status":"closed","template":"","meta":{"_monsterinsights_skip_tracking":false,"_monsterinsights_sitenote_active":false,"_monsterinsights_sitenote_note":"","_monsterinsights_sitenote_category":0,"footnotes":""},"class_list":["post-14","page","type-page","status-publish","hentry"],"yoast_head":"<!-- This site is optimized with the Yoast SEO plugin v27.3 - https:\/\/yoast.com\/product\/yoast-seo-wordpress\/ -->\n<title>Dermacain Die st\u00e4rkste Creme zur Bet\u00e4ubung von T\u00e4towierungen - Dermacain<\/title>\n<meta name=\"robots\" content=\"index, follow, max-snippet:-1, max-image-preview:large, max-video-preview:-1\" \/>\n<link rel=\"canonical\" href=\"https:\/\/www.tktx-shop.nl\/?page_id=14\" \/>\n<meta property=\"og:locale\" content=\"de_DE\" \/>\n<meta property=\"og:type\" content=\"article\" \/>\n<meta property=\"og:title\" content=\"Dermacain Die st\u00e4rkste Creme zur Bet\u00e4ubung von T\u00e4towierungen - Dermacain\" \/>\n<meta property=\"og:description\" content=\"Warum eine An\u00e4sthesiecreme verwenden, bevor Sie sich t\u00e4towieren lassen? Erw\u00e4gen Sie, sich t\u00e4towieren zu lassen, machen sich aber Sorgen wegen der Schmerzen? Suchen Sie nicht weiter als die st\u00e4rkste Tattoo-Bet\u00e4ubungscreme! Dermacain-An\u00e4sthesiecreme kann den gesamten T\u00e4towiervorgang viel weniger schmerzhaft und sowohl f\u00fcr Sie als auch f\u00fcr den T\u00e4towierer angenehmer machen. Ein Tattoo zu bekommen kann eine [&hellip;]\" \/>\n<meta property=\"og:url\" content=\"https:\/\/www.tktx-shop.nl\/?page_id=14\" \/>\n<meta property=\"og:site_name\" content=\"Dermacain\" \/>\n<meta property=\"article:modified_time\" content=\"2023-10-31T17:23:02+00:00\" \/>\n<meta property=\"og:image\" content=\"https:\/\/www.tktx-shop.nl\/wp-content\/uploads\/2023\/04\/Orange-Truck-Free-Shipping-Instagram-Post-e1690105640659-300x297.png\" \/>\n<meta name=\"twitter:card\" content=\"summary_large_image\" \/>\n<meta name=\"twitter:label1\" content=\"Gesch\u00e4tzte Lesezeit\" \/>\n\t<meta name=\"twitter:data1\" content=\"4\u00a0Minuten\" \/>\n<script type=\"application\/ld+json\" class=\"yoast-schema-graph\">{\"@context\":\"https:\\\/\\\/schema.org\",\"@graph\":[{\"@type\":\"WebPage\",\"@id\":\"https:\\\/\\\/www.tktx-shop.nl\\\/?page_id=14\",\"url\":\"https:\\\/\\\/www.tktx-shop.nl\\\/?page_id=14\",\"name\":\"Dermacain Die st\u00e4rkste Creme zur Bet\u00e4ubung von T\u00e4towierungen - Dermacain\",\"isPartOf\":{\"@id\":\"https:\\\/\\\/www.tktx-shop.nl\\\/#website\"},\"primaryImageOfPage\":{\"@id\":\"https:\\\/\\\/www.tktx-shop.nl\\\/?page_id=14#primaryimage\"},\"image\":{\"@id\":\"https:\\\/\\\/www.tktx-shop.nl\\\/?page_id=14#primaryimage\"},\"thumbnailUrl\":\"https:\\\/\\\/www.tktx-shop.nl\\\/wp-content\\\/uploads\\\/2023\\\/04\\\/Orange-Truck-Free-Shipping-Instagram-Post-e1690105640659-300x297.png\",\"datePublished\":\"2023-04-10T16:25:04+00:00\",\"dateModified\":\"2023-10-31T17:23:02+00:00\",\"breadcrumb\":{\"@id\":\"https:\\\/\\\/www.tktx-shop.nl\\\/?page_id=14#breadcrumb\"},\"inLanguage\":\"de\",\"potentialAction\":[{\"@type\":\"ReadAction\",\"target\":[\"https:\\\/\\\/www.tktx-shop.nl\\\/?page_id=14\"]}]},{\"@type\":\"ImageObject\",\"inLanguage\":\"de\",\"@id\":\"https:\\\/\\\/www.tktx-shop.nl\\\/?page_id=14#primaryimage\",\"url\":\"https:\\\/\\\/www.tktx-shop.nl\\\/wp-content\\\/uploads\\\/2023\\\/04\\\/Orange-Truck-Free-Shipping-Instagram-Post-e1690105640659.png\",\"contentUrl\":\"https:\\\/\\\/www.tktx-shop.nl\\\/wp-content\\\/uploads\\\/2023\\\/04\\\/Orange-Truck-Free-Shipping-Instagram-Post-e1690105640659.png\",\"width\":496,\"height\":491},{\"@type\":\"BreadcrumbList\",\"@id\":\"https:\\\/\\\/www.tktx-shop.nl\\\/?page_id=14#breadcrumb\",\"itemListElement\":[{\"@type\":\"ListItem\",\"position\":1,\"name\":\"Home\",\"item\":\"https:\\\/\\\/www.tktx-shop.nl\\\/\"},{\"@type\":\"ListItem\",\"position\":2,\"name\":\"Dermacain Die st\u00e4rkste Creme zur Bet\u00e4ubung von T\u00e4towierungen\"}]},{\"@type\":\"WebSite\",\"@id\":\"https:\\\/\\\/www.tktx-shop.nl\\\/#website\",\"url\":\"https:\\\/\\\/www.tktx-shop.nl\\\/\",\"name\":\"Dermacain\",\"description\":\"Wir machen Ihre Tattoos angenehmer\",\"potentialAction\":[{\"@type\":\"SearchAction\",\"target\":{\"@type\":\"EntryPoint\",\"urlTemplate\":\"https:\\\/\\\/www.tktx-shop.nl\\\/?s={search_term_string}\"},\"query-input\":{\"@type\":\"PropertyValueSpecification\",\"valueRequired\":true,\"valueName\":\"search_term_string\"}}],\"inLanguage\":\"de\"}]}<\/script>\n<!-- \/ Yoast SEO plugin. -->","yoast_head_json":{"title":"Dermacain Die st\u00e4rkste Creme zur Bet\u00e4ubung von T\u00e4towierungen - Dermacain","robots":{"index":"index","follow":"follow","max-snippet":"max-snippet:-1","max-image-preview":"max-image-preview:large","max-video-preview":"max-video-preview:-1"},"canonical":"https:\/\/www.tktx-shop.nl\/?page_id=14","og_locale":"de_DE","og_type":"article","og_title":"Dermacain Die st\u00e4rkste Creme zur Bet\u00e4ubung von T\u00e4towierungen - Dermacain","og_description":"Warum eine An\u00e4sthesiecreme verwenden, bevor Sie sich t\u00e4towieren lassen? Erw\u00e4gen Sie, sich t\u00e4towieren zu lassen, machen sich aber Sorgen wegen der Schmerzen? Suchen Sie nicht weiter als die st\u00e4rkste Tattoo-Bet\u00e4ubungscreme! Dermacain-An\u00e4sthesiecreme kann den gesamten T\u00e4towiervorgang viel weniger schmerzhaft und sowohl f\u00fcr Sie als auch f\u00fcr den T\u00e4towierer angenehmer machen. Ein Tattoo zu bekommen kann eine [&hellip;]","og_url":"https:\/\/www.tktx-shop.nl\/?page_id=14","og_site_name":"Dermacain","article_modified_time":"2023-10-31T17:23:02+00:00","og_image":[{"url":"https:\/\/www.tktx-shop.nl\/wp-content\/uploads\/2023\/04\/Orange-Truck-Free-Shipping-Instagram-Post-e1690105640659-300x297.png","type":"","width":"","height":""}],"twitter_card":"summary_large_image","twitter_misc":{"Gesch\u00e4tzte Lesezeit":"4\u00a0Minuten"},"schema":{"@context":"https:\/\/schema.org","@graph":[{"@type":"WebPage","@id":"https:\/\/www.tktx-shop.nl\/?page_id=14","url":"https:\/\/www.tktx-shop.nl\/?page_id=14","name":"Dermacain Die st\u00e4rkste Creme zur Bet\u00e4ubung von T\u00e4towierungen - Dermacain","isPartOf":{"@id":"https:\/\/www.tktx-shop.nl\/#website"},"primaryImageOfPage":{"@id":"https:\/\/www.tktx-shop.nl\/?page_id=14#primaryimage"},"image":{"@id":"https:\/\/www.tktx-shop.nl\/?page_id=14#primaryimage"},"thumbnailUrl":"https:\/\/www.tktx-shop.nl\/wp-content\/uploads\/2023\/04\/Orange-Truck-Free-Shipping-Instagram-Post-e1690105640659-300x297.png","datePublished":"2023-04-10T16:25:04+00:00","dateModified":"2023-10-31T17:23:02+00:00","breadcrumb":{"@id":"https:\/\/www.tktx-shop.nl\/?page_id=14#breadcrumb"},"inLanguage":"de","potentialAction":[{"@type":"ReadAction","target":["https:\/\/www.tktx-shop.nl\/?page_id=14"]}]},{"@type":"ImageObject","inLanguage":"de","@id":"https:\/\/www.tktx-shop.nl\/?page_id=14#primaryimage","url":"https:\/\/www.tktx-shop.nl\/wp-content\/uploads\/2023\/04\/Orange-Truck-Free-Shipping-Instagram-Post-e1690105640659.png","contentUrl":"https:\/\/www.tktx-shop.nl\/wp-content\/uploads\/2023\/04\/Orange-Truck-Free-Shipping-Instagram-Post-e1690105640659.png","width":496,"height":491},{"@type":"BreadcrumbList","@id":"https:\/\/www.tktx-shop.nl\/?page_id=14#breadcrumb","itemListElement":[{"@type":"ListItem","position":1,"name":"Home","item":"https:\/\/www.tktx-shop.nl\/"},{"@type":"ListItem","position":2,"name":"Dermacain Die st\u00e4rkste Creme zur Bet\u00e4ubung von T\u00e4towierungen"}]},{"@type":"WebSite","@id":"https:\/\/www.tktx-shop.nl\/#website","url":"https:\/\/www.tktx-shop.nl\/","name":"Dermacain","description":"Wir machen Ihre Tattoos angenehmer","potentialAction":[{"@type":"SearchAction","target":{"@type":"EntryPoint","urlTemplate":"https:\/\/www.tktx-shop.nl\/?s={search_term_string}"},"query-input":{"@type":"PropertyValueSpecification","valueRequired":true,"valueName":"search_term_string"}}],"inLanguage":"de"}]}},"jetpack_sharing_enabled":true,"_links":{"self":[{"href":"https:\/\/www.tktx-shop.nl\/index.php?rest_route=\/wp\/v2\/pages\/14","targetHints":{"allow":["GET"]}}],"collection":[{"href":"https:\/\/www.tktx-shop.nl\/index.php?rest_route=\/wp\/v2\/pages"}],"about":[{"href":"https:\/\/www.tktx-shop.nl\/index.php?rest_route=\/wp\/v2\/types\/page"}],"author":[{"embeddable":true,"href":"https:\/\/www.tktx-shop.nl\/index.php?rest_route=\/wp\/v2\/users\/1"}],"replies":[{"embeddable":true,"href":"https:\/\/www.tktx-shop.nl\/index.php?rest_route=%2Fwp%2Fv2%2Fcomments&post=14"}],"version-history":[{"count":5,"href":"https:\/\/www.tktx-shop.nl\/index.php?rest_route=\/wp\/v2\/pages\/14\/revisions"}],"predecessor-version":[{"id":127,"href":"https:\/\/www.tktx-shop.nl\/index.php?rest_route=\/wp\/v2\/pages\/14\/revisions\/127"}],"wp:attachment":[{"href":"https:\/\/www.tktx-shop.nl\/index.php?rest_route=%2Fwp%2Fv2%2Fmedia&parent=14"}],"curies":[{"name":"wp","href":"https:\/\/api.w.org\/{rel}","templated":true}]}}