{"id":12,"date":"2023-04-10T18:18:42","date_gmt":"2023-04-10T16:18:42","guid":{"rendered":"https:\/\/www.dermacain.de\/?page_id=12"},"modified":"2025-03-15T14:15:59","modified_gmt":"2025-03-15T13:15:59","slug":"die-beliebteste-tktx-tattoo-anasthesiecreme","status":"publish","type":"page","link":"https:\/\/www.tktx-shop.nl\/?page_id=12","title":{"rendered":"Die beliebteste TKTX Tattoo-An\u00e4sthesiecreme"},"content":{"rendered":"<p>Erw\u00e4gen Sie, sich t\u00e4towieren zu lassen, machen sich aber Sorgen wegen der Schmerzen? Suchen Sie nicht weiter als TKTX An\u00e4sthesiecreme f\u00fcr T\u00e4towierungen \u2013 die beliebteste Bet\u00e4ubungscreme auf dem Markt.<\/p>\n<p>Die Verwendung von TKTX-Creme kann die w\u00e4hrend des T\u00e4towiervorgangs empfundenen Schmerzen erheblich reduzieren. Die Creme blockiert vor\u00fcbergehend Schmerzsignale von den Nerven zum Gehirn, macht die Haut taub und reduziert das Schmerzempfinden. Dies kann besonders f\u00fcr Anf\u00e4nger von Vorteil sein, die gr\u00f6\u00dfere oder kompliziertere T\u00e4towierungen bekommen, die l\u00e4ngere Sitzungen erfordern.<\/p>\n<p><iframe loading=\"lazy\" title=\"Dermacain an\u00e4sthetische Tattoo-Creme\" width=\"760\" height=\"428\" src=\"https:\/\/www.youtube.com\/embed\/7E2okTJIj6w?feature=oembed\" frameborder=\"0\" allow=\"accelerometer; autoplay; clipboard-write; encrypted-media; gyroscope; picture-in-picture; web-share\" referrerpolicy=\"strict-origin-when-cross-origin\" allowfullscreen><\/iframe><\/p>\n<p>Die Verwendung von TKTX-Creme kann auch T\u00e4towierern die Arbeit erleichtern. Wenn die Person, die sich das Tattoo stechen l\u00e4sst, weniger Schmerzen hat, sitzt sie mit gr\u00f6\u00dferer Wahrscheinlichkeit still und windet oder zappelt w\u00e4hrend des Vorgangs nicht, was dem T\u00e4towierer helfen kann, ein pr\u00e4ziseres und genaueres Tattoo zu erstellen. Dar\u00fcber hinaus kann die Creme dazu beitragen, R\u00f6tungen und Schwellungen zu reduzieren, sodass der T\u00e4towierer die Haut besser sehen und bearbeiten kann.<\/p>\n<p>TKTX-An\u00e4sthetikum-Salbe ist in verschiedenen Farben erh\u00e4ltlich, aber was am wichtigsten ist, ist der Anteil an An\u00e4sthetikum in der Salbe. Wir bieten Salben mit 40 %, 55 % und 75 % mehr An\u00e4sthetikum an, wobei die prozentual h\u00f6here Salbe die st\u00e4rkste bet\u00e4ubende Wirkung erzielt.<\/p>\n<p>Wenn auf der Salbe \u201e75 % mehr Taubheit\u201c steht, bedeutet dies \u201e75 % mehr Taubheit\u201c (das bedeutet nicht, dass die Salbe 75 % An\u00e4sthetikum enth\u00e4lt). 75 % TKTX-Salbe enth\u00e4lt die an\u00e4sthetischste unserer Salben und ist am bet\u00e4ubendsten<\/p>\n<p><a href=\"https:\/\/www.tktx-shop.nl\/?product=tktx-tattoo-creme-40-kopia\"><img loading=\"lazy\" decoding=\"async\" class=\"aligncenter wp-image-87 size-large\" src=\"https:\/\/www.tktx-shop.nl\/wp-content\/uploads\/2023\/10\/7-1024x560.png\" alt=\"TKTX Tattoo-Creme 40%\" width=\"640\" height=\"350\" srcset=\"https:\/\/www.tktx-shop.nl\/wp-content\/uploads\/2023\/10\/7-1024x560.png 1024w, https:\/\/www.tktx-shop.nl\/wp-content\/uploads\/2023\/10\/7-300x164.png 300w, https:\/\/www.tktx-shop.nl\/wp-content\/uploads\/2023\/10\/7-600x328.png 600w, https:\/\/www.tktx-shop.nl\/wp-content\/uploads\/2023\/10\/7-768x420.png 768w, https:\/\/www.tktx-shop.nl\/wp-content\/uploads\/2023\/10\/7.png 1080w\" sizes=\"auto, (max-width: 640px) 100vw, 640px\" \/><\/a> <a href=\"https:\/\/www.tktx-shop.nl\/?product=anasthesiecreme-tktx-55-gold\"><img loading=\"lazy\" decoding=\"async\" class=\"aligncenter wp-image-88 size-large\" src=\"https:\/\/www.tktx-shop.nl\/wp-content\/uploads\/2023\/10\/8-1024x599.png\" alt=\"TKTX Gold Bet\u00e4ubende Tattoo-Creme\" width=\"640\" height=\"374\" srcset=\"https:\/\/www.tktx-shop.nl\/wp-content\/uploads\/2023\/10\/8-1024x599.png 1024w, https:\/\/www.tktx-shop.nl\/wp-content\/uploads\/2023\/10\/8-300x176.png 300w, https:\/\/www.tktx-shop.nl\/wp-content\/uploads\/2023\/10\/8-600x351.png 600w, https:\/\/www.tktx-shop.nl\/wp-content\/uploads\/2023\/10\/8-768x449.png 768w, https:\/\/www.tktx-shop.nl\/wp-content\/uploads\/2023\/10\/8.png 1080w\" sizes=\"auto, (max-width: 640px) 100vw, 640px\" \/><\/a> <a href=\"https:\/\/www.tktx-shop.nl\/?product=tktx-anasthesiesalbe-75-kopia\"><img loading=\"lazy\" decoding=\"async\" class=\"aligncenter wp-image-89 size-large\" src=\"https:\/\/www.tktx-shop.nl\/wp-content\/uploads\/2023\/10\/9-1024x579.png\" alt=\"TKTX 75% An\u00e4sthesiesalbe Tattoo-Creme\" width=\"640\" height=\"362\" srcset=\"https:\/\/www.tktx-shop.nl\/wp-content\/uploads\/2023\/10\/9-1024x579.png 1024w, https:\/\/www.tktx-shop.nl\/wp-content\/uploads\/2023\/10\/9-300x170.png 300w, https:\/\/www.tktx-shop.nl\/wp-content\/uploads\/2023\/10\/9-600x339.png 600w, https:\/\/www.tktx-shop.nl\/wp-content\/uploads\/2023\/10\/9-768x434.png 768w, https:\/\/www.tktx-shop.nl\/wp-content\/uploads\/2023\/10\/9.png 1080w\" sizes=\"auto, (max-width: 640px) 100vw, 640px\" \/><\/a><\/p>\n<h3><a href=\"https:\/\/www.tktx-shop.nl\/?page_id=14\"><img loading=\"lazy\" decoding=\"async\" class=\"aligncenter wp-image-126 size-large\" src=\"https:\/\/www.tktx-shop.nl\/wp-content\/uploads\/2023\/10\/ezgif.com-gif-maker-1024x456.gif\" alt=\"Tattoo-An\u00e4sthesiecreme TKTX Dermacain-Creme\" width=\"760\" height=\"338\" srcset=\"https:\/\/www.tktx-shop.nl\/wp-content\/uploads\/2023\/10\/ezgif.com-gif-maker-1024x456.gif 1024w, https:\/\/www.tktx-shop.nl\/wp-content\/uploads\/2023\/10\/ezgif.com-gif-maker-300x134.gif 300w, https:\/\/www.tktx-shop.nl\/wp-content\/uploads\/2023\/10\/ezgif.com-gif-maker-768x342.gif 768w, https:\/\/www.tktx-shop.nl\/wp-content\/uploads\/2023\/10\/ezgif.com-gif-maker-600x267.gif 600w\" sizes=\"auto, (max-width: 760px) 100vw, 760px\" \/><\/a><\/h3>\n<h3>Wie trage ich die TKTX-An\u00e4sthesiecreme auf?<\/h3>\n<p>Um die TKTX-An\u00e4sthesiecreme zu verwenden, tragen Sie eine dicke Schicht auf die Haut auf und bedecken Sie sie 30 \u2013 40 Minuten lang mit K\u00fcchenzellophan. Das Einwickeln in Zellophan erh\u00f6ht nicht nur die Menge der Salbe, die von der Haut aufgenommen wird, sondern verhindert auch das Verdunsten und Verf\u00e4rben Ihres Lieblings-T-Shirts. Die bet\u00e4ubende Wirkung h\u00e4lt 2-3 Stunden an. Wenn Sie ein gro\u00dfes Tattoo planen, wie z. B. ein Tattoo Ihres ganzen R\u00fcckens, empfehlen wir, das Tattoo in zwei H\u00e4lften zu teilen. Tragen Sie die Creme nur auf den Bereich auf, den Sie in den n\u00e4chsten 2 Stunden t\u00e4towieren werden. Tragen Sie danach die Creme auf die n\u00e4chste H\u00e4lfte auf, die Sie als n\u00e4chstes t\u00e4towieren werden \u2013 f\u00fcr den st\u00e4rksten lang anhaltenden bet\u00e4ubenden Effekt.<\/p>\n<p>Abgesehen von T\u00e4towierungen kann die TKTX-An\u00e4sthesiesalbe f\u00fcr andere schmerzhafte Hautbehandlungen wie Laserentfernung von T\u00e4towierungen, Epilation, PMU-Augenbrauent\u00e4towierung und PMU-Lippent\u00e4towierung verwendet werden.<\/p>\n<p>Wir beziehen TKTX Bet\u00e4ubungssalbe direkt vom asiatischen Hersteller. Um sich vor F\u00e4lschungen zu sch\u00fctzen, \u00fcberpr\u00fcfen Sie, ob die Salbe einen goldenen Aufkleber auf der Verpackung hat. Es ist ein Qualit\u00e4tszertifikat, das 100% Authentizit\u00e4t garantiert.<\/p>\n<h3>Wie bekomme ich einen Rabatt?<\/h3>\n<p>Auf alle TKTX-An\u00e4sthesiecremes gew\u00e4hren wir einen Mengenrabatt. Der Rabatt beginnt ab 2 St\u00fcck und steigt stetig an. Je mehr Sie kaufen, desto mehr sparen Sie.<\/p>\n<p><a href=\"https:\/\/www.tktx-shop.nl\/?product=3-stucke-x-tktx-tattoo-creme-40-kostenloser-versand\"><img loading=\"lazy\" decoding=\"async\" class=\"aligncenter wp-image-83 size-large\" src=\"https:\/\/www.tktx-shop.nl\/wp-content\/uploads\/2023\/10\/2-1024x996.png\" alt=\"TKTX Tattoo-Creme\" width=\"640\" height=\"623\" srcset=\"https:\/\/www.tktx-shop.nl\/wp-content\/uploads\/2023\/10\/2-1024x996.png 1024w, https:\/\/www.tktx-shop.nl\/wp-content\/uploads\/2023\/10\/2-300x292.png 300w, https:\/\/www.tktx-shop.nl\/wp-content\/uploads\/2023\/10\/2-600x583.png 600w, https:\/\/www.tktx-shop.nl\/wp-content\/uploads\/2023\/10\/2-768x747.png 768w, https:\/\/www.tktx-shop.nl\/wp-content\/uploads\/2023\/10\/2.png 1080w\" sizes=\"auto, (max-width: 640px) 100vw, 640px\" \/><\/a> <a href=\"https:\/\/www.tktx-shop.nl\/?product=3-stuck-x-anasthesiecreme-tktx-55-gold-kostenloser-versand\"><img loading=\"lazy\" decoding=\"async\" class=\"aligncenter wp-image-85 size-large\" src=\"https:\/\/www.tktx-shop.nl\/wp-content\/uploads\/2023\/10\/4-1024x997.png\" alt=\"TKTX Gold Bet\u00e4ubende Tattoo-Creme\" width=\"640\" height=\"623\" srcset=\"https:\/\/www.tktx-shop.nl\/wp-content\/uploads\/2023\/10\/4-1024x997.png 1024w, https:\/\/www.tktx-shop.nl\/wp-content\/uploads\/2023\/10\/4-300x292.png 300w, https:\/\/www.tktx-shop.nl\/wp-content\/uploads\/2023\/10\/4-600x584.png 600w, https:\/\/www.tktx-shop.nl\/wp-content\/uploads\/2023\/10\/4-768x747.png 768w, https:\/\/www.tktx-shop.nl\/wp-content\/uploads\/2023\/10\/4.png 1080w\" sizes=\"auto, (max-width: 640px) 100vw, 640px\" \/><\/a> <a href=\"https:\/\/www.tktx-shop.nl\/?product=3-stuck-x-tktx-anasthesiesalbe-75-kostenloser-versand\"><img loading=\"lazy\" decoding=\"async\" class=\"aligncenter wp-image-86 size-large\" src=\"https:\/\/www.tktx-shop.nl\/wp-content\/uploads\/2023\/10\/6-1024x991.png\" alt=\"\" width=\"640\" height=\"619\" srcset=\"https:\/\/www.tktx-shop.nl\/wp-content\/uploads\/2023\/10\/6-1024x991.png 1024w, https:\/\/www.tktx-shop.nl\/wp-content\/uploads\/2023\/10\/6-300x290.png 300w, https:\/\/www.tktx-shop.nl\/wp-content\/uploads\/2023\/10\/6-600x581.png 600w, https:\/\/www.tktx-shop.nl\/wp-content\/uploads\/2023\/10\/6-768x743.png 768w, https:\/\/www.tktx-shop.nl\/wp-content\/uploads\/2023\/10\/6.png 1080w\" sizes=\"auto, (max-width: 640px) 100vw, 640px\" \/><\/a>Beim Kauf von 3 oder mehr St\u00fcck ist die Lieferung kostenlos. Auch eine Hauszustellung per Kurier ist m\u00f6glich. Sie k\u00f6nnen die Bet\u00e4ubungscreme per Bankkarte oder per Nachnahme bezahlen. Alle An\u00e4sthesie-Creme-Pakete werden so schnell wie m\u00f6glich versandt, voraussichtliche Lieferung innerhalb von 3 Werktagen (Pakete werden jeden Werktag bis 11:00 Uhr versandt).<\/p>\n<p><a href=\"https:\/\/www.tktx-shop.nl\/?page_id=6\"><img loading=\"lazy\" decoding=\"async\" class=\"aligncenter wp-image-40 size-medium\" src=\"https:\/\/www.tktx-shop.nl\/wp-content\/uploads\/2023\/04\/Orange-Truck-Free-Shipping-Instagram-Post-1-e1690105712757-300x300.png\" alt=\"An\u00e4sthesiesalbe TKTX 40%\" width=\"300\" height=\"300\" srcset=\"https:\/\/www.tktx-shop.nl\/wp-content\/uploads\/2023\/04\/Orange-Truck-Free-Shipping-Instagram-Post-1-e1690105712757-300x300.png 300w, https:\/\/www.tktx-shop.nl\/wp-content\/uploads\/2023\/04\/Orange-Truck-Free-Shipping-Instagram-Post-1-e1690105712757-100x100.png 100w, https:\/\/www.tktx-shop.nl\/wp-content\/uploads\/2023\/04\/Orange-Truck-Free-Shipping-Instagram-Post-1-e1690105712757-150x150.png 150w, https:\/\/www.tktx-shop.nl\/wp-content\/uploads\/2023\/04\/Orange-Truck-Free-Shipping-Instagram-Post-1-e1690105712757.png 487w\" sizes=\"auto, (max-width: 300px) 100vw, 300px\" \/><\/a><\/p>\n<p>TKTX Bet\u00e4ubungssalbe bietet eine stark bet\u00e4ubende Wirkung f\u00fcr ein angenehmes T\u00e4towiererlebnis. W\u00e4hlen Sie die Salbe mit dem richtigen Prozentsatz f\u00fcr Ihre Bed\u00fcrfnisse und genie\u00dfen Sie die Vorteile eines schmerzfreien T\u00e4towierens oder anderer schmerzhafter Hautbehandlungen.<\/p>\n<h3><a href=\"https:\/\/www.tktx-shop.nl\/?page_id=14\"><img loading=\"lazy\" decoding=\"async\" class=\"aligncenter wp-image-126 size-large\" src=\"https:\/\/www.tktx-shop.nl\/wp-content\/uploads\/2023\/10\/ezgif.com-gif-maker-1024x456.gif\" alt=\"Tattoo-An\u00e4sthesiecreme TKTX Dermacain-Creme\" width=\"760\" height=\"338\" srcset=\"https:\/\/www.tktx-shop.nl\/wp-content\/uploads\/2023\/10\/ezgif.com-gif-maker-1024x456.gif 1024w, https:\/\/www.tktx-shop.nl\/wp-content\/uploads\/2023\/10\/ezgif.com-gif-maker-300x134.gif 300w, https:\/\/www.tktx-shop.nl\/wp-content\/uploads\/2023\/10\/ezgif.com-gif-maker-768x342.gif 768w, https:\/\/www.tktx-shop.nl\/wp-content\/uploads\/2023\/10\/ezgif.com-gif-maker-600x267.gif 600w\" sizes=\"auto, (max-width: 760px) 100vw, 760px\" \/><\/a><\/h3>\n","protected":false},"excerpt":{"rendered":"<p>Erw\u00e4gen Sie, sich t\u00e4towieren zu lassen, machen sich aber Sorgen wegen der Schmerzen? Suchen Sie nicht weiter als TKTX An\u00e4sthesiecreme f\u00fcr T\u00e4towierungen \u2013 die beliebteste Bet\u00e4ubungscreme auf dem Markt. Die Verwendung von TKTX-Creme kann die w\u00e4hrend des T\u00e4towiervorgangs empfundenen Schmerzen erheblich reduzieren. Die Creme blockiert vor\u00fcbergehend Schmerzsignale von den Nerven zum Gehirn, macht die Haut [&hellip;]<\/p>\n","protected":false},"author":1,"featured_media":0,"parent":0,"menu_order":0,"comment_status":"closed","ping_status":"closed","template":"","meta":{"_monsterinsights_skip_tracking":false,"_monsterinsights_sitenote_active":false,"_monsterinsights_sitenote_note":"","_monsterinsights_sitenote_category":0,"footnotes":""},"class_list":["post-12","page","type-page","status-publish","hentry"],"yoast_head":"<!-- This site is optimized with the Yoast SEO plugin v27.3 - https:\/\/yoast.com\/product\/yoast-seo-wordpress\/ -->\n<title>Die beliebteste TKTX Tattoo-An\u00e4sthesiecreme - Dermacain<\/title>\n<meta name=\"description\" content=\"M\u00f6chten Sie ein Tattoo ohne Schmerzen? TKTX ist die Nummer 1 unter den Bet\u00e4ubungscremes! T\u00e4towierer empfehlen es, Kunden schw\u00f6ren darauf. 100 % Zufriedenheit oder Geld zur\u00fcck!\" \/>\n<meta name=\"robots\" content=\"index, follow, max-snippet:-1, max-image-preview:large, max-video-preview:-1\" \/>\n<link rel=\"canonical\" href=\"https:\/\/www.tktx-shop.nl\/?page_id=12\" \/>\n<meta property=\"og:locale\" content=\"de_DE\" \/>\n<meta property=\"og:type\" content=\"article\" \/>\n<meta property=\"og:title\" content=\"Die beliebteste TKTX Tattoo-An\u00e4sthesiecreme - Dermacain\" \/>\n<meta property=\"og:description\" content=\"M\u00f6chten Sie ein Tattoo ohne Schmerzen? TKTX ist die Nummer 1 unter den Bet\u00e4ubungscremes! T\u00e4towierer empfehlen es, Kunden schw\u00f6ren darauf. 100 % Zufriedenheit oder Geld zur\u00fcck!\" \/>\n<meta property=\"og:url\" content=\"https:\/\/www.tktx-shop.nl\/?page_id=12\" \/>\n<meta property=\"og:site_name\" content=\"Dermacain\" \/>\n<meta property=\"article:modified_time\" content=\"2025-03-15T13:15:59+00:00\" \/>\n<meta property=\"og:image\" content=\"https:\/\/www.tktx-shop.nl\/wp-content\/uploads\/2023\/10\/7.png\" \/>\n\t<meta property=\"og:image:width\" content=\"1080\" \/>\n\t<meta property=\"og:image:height\" content=\"591\" \/>\n\t<meta property=\"og:image:type\" content=\"image\/png\" \/>\n<meta name=\"twitter:card\" content=\"summary_large_image\" \/>\n<meta name=\"twitter:label1\" content=\"Gesch\u00e4tzte Lesezeit\" \/>\n\t<meta name=\"twitter:data1\" content=\"5\u00a0Minuten\" \/>\n<script type=\"application\/ld+json\" class=\"yoast-schema-graph\">{\"@context\":\"https:\\\/\\\/schema.org\",\"@graph\":[{\"@type\":\"WebPage\",\"@id\":\"https:\\\/\\\/www.tktx-shop.nl\\\/?page_id=12\",\"url\":\"https:\\\/\\\/www.tktx-shop.nl\\\/?page_id=12\",\"name\":\"Die beliebteste TKTX Tattoo-An\u00e4sthesiecreme - Dermacain\",\"isPartOf\":{\"@id\":\"https:\\\/\\\/www.tktx-shop.nl\\\/#website\"},\"primaryImageOfPage\":{\"@id\":\"https:\\\/\\\/www.tktx-shop.nl\\\/?page_id=12#primaryimage\"},\"image\":{\"@id\":\"https:\\\/\\\/www.tktx-shop.nl\\\/?page_id=12#primaryimage\"},\"thumbnailUrl\":\"https:\\\/\\\/www.tktx-shop.nl\\\/wp-content\\\/uploads\\\/2023\\\/10\\\/7-1024x560.png\",\"datePublished\":\"2023-04-10T16:18:42+00:00\",\"dateModified\":\"2025-03-15T13:15:59+00:00\",\"description\":\"M\u00f6chten Sie ein Tattoo ohne Schmerzen? TKTX ist die Nummer 1 unter den Bet\u00e4ubungscremes! T\u00e4towierer empfehlen es, Kunden schw\u00f6ren darauf. 100 % Zufriedenheit oder Geld zur\u00fcck!\",\"breadcrumb\":{\"@id\":\"https:\\\/\\\/www.tktx-shop.nl\\\/?page_id=12#breadcrumb\"},\"inLanguage\":\"de\",\"potentialAction\":[{\"@type\":\"ReadAction\",\"target\":[\"https:\\\/\\\/www.tktx-shop.nl\\\/?page_id=12\"]}]},{\"@type\":\"ImageObject\",\"inLanguage\":\"de\",\"@id\":\"https:\\\/\\\/www.tktx-shop.nl\\\/?page_id=12#primaryimage\",\"url\":\"https:\\\/\\\/www.tktx-shop.nl\\\/wp-content\\\/uploads\\\/2023\\\/10\\\/7.png\",\"contentUrl\":\"https:\\\/\\\/www.tktx-shop.nl\\\/wp-content\\\/uploads\\\/2023\\\/10\\\/7.png\",\"width\":1080,\"height\":591,\"caption\":\"TKTX Tattoo-Creme\"},{\"@type\":\"BreadcrumbList\",\"@id\":\"https:\\\/\\\/www.tktx-shop.nl\\\/?page_id=12#breadcrumb\",\"itemListElement\":[{\"@type\":\"ListItem\",\"position\":1,\"name\":\"Home\",\"item\":\"https:\\\/\\\/www.tktx-shop.nl\\\/\"},{\"@type\":\"ListItem\",\"position\":2,\"name\":\"Die beliebteste TKTX Tattoo-An\u00e4sthesiecreme\"}]},{\"@type\":\"WebSite\",\"@id\":\"https:\\\/\\\/www.tktx-shop.nl\\\/#website\",\"url\":\"https:\\\/\\\/www.tktx-shop.nl\\\/\",\"name\":\"Dermacain\",\"description\":\"Wir machen Ihre Tattoos angenehmer\",\"potentialAction\":[{\"@type\":\"SearchAction\",\"target\":{\"@type\":\"EntryPoint\",\"urlTemplate\":\"https:\\\/\\\/www.tktx-shop.nl\\\/?s={search_term_string}\"},\"query-input\":{\"@type\":\"PropertyValueSpecification\",\"valueRequired\":true,\"valueName\":\"search_term_string\"}}],\"inLanguage\":\"de\"}]}<\/script>\n<!-- \/ Yoast SEO plugin. -->","yoast_head_json":{"title":"Die beliebteste TKTX Tattoo-An\u00e4sthesiecreme - Dermacain","description":"M\u00f6chten Sie ein Tattoo ohne Schmerzen? TKTX ist die Nummer 1 unter den Bet\u00e4ubungscremes! T\u00e4towierer empfehlen es, Kunden schw\u00f6ren darauf. 100 % Zufriedenheit oder Geld zur\u00fcck!","robots":{"index":"index","follow":"follow","max-snippet":"max-snippet:-1","max-image-preview":"max-image-preview:large","max-video-preview":"max-video-preview:-1"},"canonical":"https:\/\/www.tktx-shop.nl\/?page_id=12","og_locale":"de_DE","og_type":"article","og_title":"Die beliebteste TKTX Tattoo-An\u00e4sthesiecreme - Dermacain","og_description":"M\u00f6chten Sie ein Tattoo ohne Schmerzen? TKTX ist die Nummer 1 unter den Bet\u00e4ubungscremes! T\u00e4towierer empfehlen es, Kunden schw\u00f6ren darauf. 100 % Zufriedenheit oder Geld zur\u00fcck!","og_url":"https:\/\/www.tktx-shop.nl\/?page_id=12","og_site_name":"Dermacain","article_modified_time":"2025-03-15T13:15:59+00:00","og_image":[{"width":1080,"height":591,"url":"https:\/\/www.tktx-shop.nl\/wp-content\/uploads\/2023\/10\/7.png","type":"image\/png"}],"twitter_card":"summary_large_image","twitter_misc":{"Gesch\u00e4tzte Lesezeit":"5\u00a0Minuten"},"schema":{"@context":"https:\/\/schema.org","@graph":[{"@type":"WebPage","@id":"https:\/\/www.tktx-shop.nl\/?page_id=12","url":"https:\/\/www.tktx-shop.nl\/?page_id=12","name":"Die beliebteste TKTX Tattoo-An\u00e4sthesiecreme - Dermacain","isPartOf":{"@id":"https:\/\/www.tktx-shop.nl\/#website"},"primaryImageOfPage":{"@id":"https:\/\/www.tktx-shop.nl\/?page_id=12#primaryimage"},"image":{"@id":"https:\/\/www.tktx-shop.nl\/?page_id=12#primaryimage"},"thumbnailUrl":"https:\/\/www.tktx-shop.nl\/wp-content\/uploads\/2023\/10\/7-1024x560.png","datePublished":"2023-04-10T16:18:42+00:00","dateModified":"2025-03-15T13:15:59+00:00","description":"M\u00f6chten Sie ein Tattoo ohne Schmerzen? TKTX ist die Nummer 1 unter den Bet\u00e4ubungscremes! T\u00e4towierer empfehlen es, Kunden schw\u00f6ren darauf. 100 % Zufriedenheit oder Geld zur\u00fcck!","breadcrumb":{"@id":"https:\/\/www.tktx-shop.nl\/?page_id=12#breadcrumb"},"inLanguage":"de","potentialAction":[{"@type":"ReadAction","target":["https:\/\/www.tktx-shop.nl\/?page_id=12"]}]},{"@type":"ImageObject","inLanguage":"de","@id":"https:\/\/www.tktx-shop.nl\/?page_id=12#primaryimage","url":"https:\/\/www.tktx-shop.nl\/wp-content\/uploads\/2023\/10\/7.png","contentUrl":"https:\/\/www.tktx-shop.nl\/wp-content\/uploads\/2023\/10\/7.png","width":1080,"height":591,"caption":"TKTX Tattoo-Creme"},{"@type":"BreadcrumbList","@id":"https:\/\/www.tktx-shop.nl\/?page_id=12#breadcrumb","itemListElement":[{"@type":"ListItem","position":1,"name":"Home","item":"https:\/\/www.tktx-shop.nl\/"},{"@type":"ListItem","position":2,"name":"Die beliebteste TKTX Tattoo-An\u00e4sthesiecreme"}]},{"@type":"WebSite","@id":"https:\/\/www.tktx-shop.nl\/#website","url":"https:\/\/www.tktx-shop.nl\/","name":"Dermacain","description":"Wir machen Ihre Tattoos angenehmer","potentialAction":[{"@type":"SearchAction","target":{"@type":"EntryPoint","urlTemplate":"https:\/\/www.tktx-shop.nl\/?s={search_term_string}"},"query-input":{"@type":"PropertyValueSpecification","valueRequired":true,"valueName":"search_term_string"}}],"inLanguage":"de"}]}},"jetpack_sharing_enabled":true,"_links":{"self":[{"href":"https:\/\/www.tktx-shop.nl\/index.php?rest_route=\/wp\/v2\/pages\/12","targetHints":{"allow":["GET"]}}],"collection":[{"href":"https:\/\/www.tktx-shop.nl\/index.php?rest_route=\/wp\/v2\/pages"}],"about":[{"href":"https:\/\/www.tktx-shop.nl\/index.php?rest_route=\/wp\/v2\/types\/page"}],"author":[{"embeddable":true,"href":"https:\/\/www.tktx-shop.nl\/index.php?rest_route=\/wp\/v2\/users\/1"}],"replies":[{"embeddable":true,"href":"https:\/\/www.tktx-shop.nl\/index.php?rest_route=%2Fwp%2Fv2%2Fcomments&post=12"}],"version-history":[{"count":6,"href":"https:\/\/www.tktx-shop.nl\/index.php?rest_route=\/wp\/v2\/pages\/12\/revisions"}],"predecessor-version":[{"id":421,"href":"https:\/\/www.tktx-shop.nl\/index.php?rest_route=\/wp\/v2\/pages\/12\/revisions\/421"}],"wp:attachment":[{"href":"https:\/\/www.tktx-shop.nl\/index.php?rest_route=%2Fwp%2Fv2%2Fmedia&parent=12"}],"curies":[{"name":"wp","href":"https:\/\/api.w.org\/{rel}","templated":true}]}}